{"id":9771,"date":"2023-02-23T08:01:17","date_gmt":"2023-02-23T08:01:17","guid":{"rendered":"http:\/\/cotedazurich.ch\/?page_id=9771"},"modified":"2024-12-12T10:50:10","modified_gmt":"2024-12-12T10:50:10","slug":"agb-widerrufsrecht","status":"publish","type":"page","link":"https:\/\/cotedazurich.ch\/en\/agb-widerrufsrecht\/","title":{"rendered":"agb &amp; widerrufsrecht &amp; Impressum"},"content":{"rendered":"<h6>agb | widerrufsrecht | Impressum<\/h6>\n<h6>allgemeine gesch\u00e4ftsbedingungen (agb) und widerrufsrecht des C\u00f4te d\u2019Azurich online shops<\/h6>\n<h6><strong>1. geltungsbereich<\/strong><br \/>die lieferungen, leistungen und angebote des online shops von<br \/><img fetchpriority=\"high\" decoding=\"async\" class=\"alignnone  wp-image-17121 image-lightbox\" src=\"http:\/\/cotedazurich.ch\/wp-content\/uploads\/2024\/12\/cote-da-zurich-Impressum-Bild_0020-300x98.png\" alt=\"\" width=\"398\" height=\"130\" srcset=\"https:\/\/cotedazurich.ch\/wp-content\/uploads\/2024\/12\/cote-da-zurich-Impressum-Bild_0020-300x98.png 300w, https:\/\/cotedazurich.ch\/wp-content\/uploads\/2024\/12\/cote-da-zurich-Impressum-Bild_0020-768x251.png 768w, https:\/\/cotedazurich.ch\/wp-content\/uploads\/2024\/12\/cote-da-zurich-Impressum-Bild_0020-18x6.png 18w, https:\/\/cotedazurich.ch\/wp-content\/uploads\/2024\/12\/cote-da-zurich-Impressum-Bild_0020-600x196.png 600w, https:\/\/cotedazurich.ch\/wp-content\/uploads\/2024\/12\/cote-da-zurich-Impressum-Bild_0020.png 788w\" sizes=\"(max-width: 398px) 100vw, 398px\" \/><br \/>nachfolgend auch \u00abC\u00f4te d\u2019Azurich online shop\u00bb genannt.<\/h6>\n<h6>mit der bestellung von waren oder leistungen gelten diese bedingungen als angenommen.<br \/>die allgemeinen gesch\u00e4ftsbedingungen gelten in der jeweiligen, zum zeitpunkt des vertragsschlusses aktuellen fassung. je nach endger\u00e4t des kunden kann dieses dokument ausgedruckt und\/oder gespeichert werden.<\/h6>\n<h6><strong>2. angebot<\/strong><br \/>die angebote von C\u00f4te d\u2019Azurich stellen kein rechtlich bindendes angebot dar, sondern eine aufforderung an den kunden, f\u00fcr diese eine verbindliche bestellungen aufzugeben. die angebote sind von der verbindlichkeit der verf\u00fcgbarkeit ausgeschlossen.<\/h6>\n<h6><strong>3. preise<\/strong><br \/>die preise verstehen sich in schweizer franken inklusive der gesetzlichen mehrwertsteuer und falls nicht anders vereinbart, zuz\u00fcglich versandkosten. die aktuellen preise sind im C\u00f4te d\u2019Azurich online shop publiziert, preis\u00e4nderungen und fehler vorbehalten.<\/h6>\n<h6><strong>4. vertragsabschluss<\/strong><br \/>mit der ausl\u00f6sung der bestellung durch das anklicken des bestellen buttons im online shop gibt der kunde eine verbindliche bestellung der auf der bestellseite aufgelisteten produkte ab. C\u00f4te d\u2019Azurich best\u00e4tigt den zugang der bestellung unmittelbar nach deren erhalt. bestellungen sind f\u00fcr C\u00f4te d\u2019Azurich erst nach schriftlicher auftragsbest\u00e4tigung verbindlich. wird nach der auftragsbest\u00e4tigung festgestellt, dass die auslieferung der ware nicht m\u00f6glich ist, wird die bestellung storniert. bei lieferverz\u00f6gerungen wird der kunde umgehend informiert.<\/h6>\n<h6><strong>5. widerrufsrecht<\/strong><br \/>die gesetzgebung der schweiz sichert dem kunden kein recht zu, sich umzuentscheiden und ein produkt nach einem online kauf zur\u00fcckzugeben. das widderufsrecht betr\u00e4gt bei C\u00f4te d\u2019Azurich 3 Tage nach erhalt der ware. um das widerrufsrecht auszu\u00fcben, muss C\u00f4te d\u2019Azurich mittels einer eindeutigen erkl\u00e4rung per post (Oberholzstrasse 1, 8603 Schwerzenbach) oder email (info@cotedazurich.ch) \u00fcber den entschluss, diesen vertag zu widerrufen, informiert werden. zur wahrung der widerrufsfrist reicht es aus, dass die mitteilung \u00fcber die aus\u00fcbung des widerrufsrechts vor ablauf der widerrufsfrist abgesendet wird. die ware muss innert 14 tagen ab der aus\u00fcbung des widerrufsrechts an C\u00f4te d\u2019Azurich zur\u00fcckgesandt werden. die kosten f\u00fcr die r\u00fccksendung m\u00fcssen selbst getragen werden.<br \/>die auf der webseite bzw. auf der produktetikette erw\u00e4hnten pflegehinweise sind einzuhalten. wenn anders als beschrieben mit den produkten verfahren und das produkt dadurch besch\u00e4digt wird, ist das widerrufsrecht vergolten bzw. hinf\u00e4llig.<\/h6>\n<h6><strong>6. lieferbedingungen<\/strong><br \/>die lieferung erfolgt in der regel innert 10 tagen und nur an zustelladressen innerhalb der schweiz.<br \/>termine und lieferfristen sind unverbindlich, sofern nicht ausdr\u00fccklich schriftlich etwas anderes vereinbart wurde. beanstandungen betreffend besch\u00e4digung, versp\u00e4tung, verlust oder schlechter verpackung sind sofort nach eingang der warensendung per email oder telefon anzumelden.<\/h6>\n<h6><strong>7. retouren<\/strong><br \/>kunden haben das recht, die ware w\u00e4hrend 14 tagen nach deren zustellung zur\u00fcckzugeben. das r\u00fcckgaberecht wird durch die r\u00fccksendung der ware ausge\u00fcbt, wobei die ware unversehrt und ungebraucht sein muss.<br \/>die aus\u00fcbung des r\u00fcckgaberechts f\u00fchrt zur umwandlung des kaufvertrags in ein r\u00fcckabwicklungsverh\u00e4ltnis, wonach die im rahmen des kaufvertrags empfangenen leistungen zur\u00fcckerstattet werden m\u00fcssen.<br \/>nach eingang der ware wird ein bereits bezahlter kaufpreis dem kunden auf sein kundenkonto oder auf dem zuvor belasteten zahlungsmittel gutgeschrieben. C\u00f4te d\u2019Azurich kann die gutschrift verweigern, bis sie die waren wieder zur\u00fcckerhalten bzw. der kunde den nachweis erbracht hat, dass er die waren zur\u00fcckgeschickt hat, je nachdem, welches der fr\u00fchere zeitpunkt ist.<br \/>der kunde ist in jedem fall daf\u00fcr verantwortlich, die zu retournierende ware sorgf\u00e4ltig zu verpacken. besch\u00e4digungen\/untergang der ware aufgrund einer nicht sachgem\u00e4ssen verpackung werden dem kunden verrechnet.<\/h6>\n<h6><strong>8. zahlung<\/strong><br \/>C\u00f4te d\u2019Azurich akzeptiert ausschliesslich die im online shop angebotenen zahlungsarten. die ware bleibt bis zur vollst\u00e4ndigen bezahlung eigentum von C\u00f4te d\u2019Azurich.<\/h6>\n<h6><strong>9. kundenrezensionen<\/strong><br \/>verfasst der kunde eine kundenrezension bez\u00fcglich produkten und dienstleistungen von C\u00f4te d\u2019Azurich, ist C\u00f4te d\u2019Azurich berechtigt, diesen text in allen kan\u00e4len wie webshop, webseiten, apps und social media auftritte von C\u00f4te d\u2019Azurich anzuzeigen. C\u00f4te d\u2019Azurich beh\u00e4lt sich vor, eine rezension nicht oder nur f\u00fcr einen begrenzten zeitraum und, soweit dies aus rechtlichen gr\u00fcnden geboten ist (z.b. bei verletzung von pers\u00f6nlichkeitsrechten), gek\u00fcrzt anzuzeigen. kundenrezensionen geben ausschliesslich die meinungen der kunden wieder und stimmen nicht unbedingt mit der auffassung von C\u00f4te d\u2019Azurich \u00fcberein.<\/h6>\n<h6><strong>10. fotografien<\/strong><br \/>fotografiert der kunde ein \u00fcber den C\u00f4te d\u2019Azurich online shop erworbenes produkt alleine, mit sich oder dritten und l\u00e4sst diese fotografie C\u00f4te d\u2019Azurich zukommen, \u00fcbergibt er damit die nutzungsrechte an C\u00f4te d\u2019Azurich. C\u00f4te d\u2019Azurich wird damit berechtigt, die fotografie in allen kan\u00e4len wie online shop, webseiten, apps und social media auftritte von C\u00f4te d\u2019Azurich unentgeltlich zu publizieren, wobei die erw\u00e4hnung des urhebers optional ist.<\/h6>\n<h6><strong>11. datenschutz<\/strong><br \/>C\u00f4te d\u2019Azurich verpflichtet sich bei der bearbeitung der kundendaten auf die einhaltung der datenschutzrechtlichen vorgaben. weitere informationen zum umgang mit kundendaten finden sich auf der gesonderten datenschutzerkl\u00e4rung. die datenschutzerkl\u00e4rung ist integrierter bestandteil der vorliegenden allgemeinen gesch\u00e4ftsbedingungen.<\/h6>\n<h6><strong>12. urheberrechte<\/strong><br \/>die im online shop von C\u00f4te d\u2019Azurich gezeigten produkte und bilder sind eigentum von C\u00f4te d\u2019Azurich.<\/h6>\n<h6><strong>13. gerichtsstand<\/strong><br \/>ausschliesslicher gerichtsstand f\u00fcr alle sich aus dem vertragsverh\u00e4ltnis unmittelbar oder mittelbar ergebenden streitigkeiten ist z\u00fcrich. das rechtsverh\u00e4ltnis untersteht dem schweizerischen recht.<\/h6>\n<h6><strong>14. schlussbestimmungen<\/strong><br \/>C\u00f4te d\u2019Azurich beh\u00e4lt sich das recht vor, die allgemeinen gesch\u00e4ftsbedingungen jederzeit zu \u00e4ndern. die jeweils verbindliche fassung der agb ist auf der homepage einsehbar und ausdruckbar.<br \/>sollte eine bestimmung dieser allgemeinen gesch\u00e4ftsbedingungen unwirksam sein, so hat dies keinen einfluss auf die wirksamkeit der \u00fcbrigen bestimmungen sowie der allgemeinen gesch\u00e4ftsbedingungen insgesamt. anstelle der unwirksamen bestimmung gelten die einschl\u00e4gigen gesetzlichen bestimmungen.<\/h6>\n<h6>z\u00fcrich, 27. januar 2023<\/h6>\n\n\n<p><\/p>","protected":false},"excerpt":{"rendered":"<p>agb | widerrufsrecht | Impressum allgemeine gesch\u00e4ftsbedingungen (agb) und widerrufsrecht des C\u00f4te d\u2019Azurich online shops 1. geltungsbereichdie lieferungen, leistungen und angebote des online shops vonnachfolgend auch \u00abC\u00f4te d\u2019Azurich online shop\u00bb genannt. mit der bestellung von waren oder leistungen gelten diese&#8230;<\/p>","protected":false},"author":1,"featured_media":0,"parent":0,"menu_order":0,"comment_status":"closed","ping_status":"closed","template":"page-full-width.php","meta":{"footnotes":""},"class_list":["post-9771","page","type-page","status-publish","hentry"],"_links":{"self":[{"href":"https:\/\/cotedazurich.ch\/en\/wp-json\/wp\/v2\/pages\/9771","targetHints":{"allow":["GET"]}}],"collection":[{"href":"https:\/\/cotedazurich.ch\/en\/wp-json\/wp\/v2\/pages"}],"about":[{"href":"https:\/\/cotedazurich.ch\/en\/wp-json\/wp\/v2\/types\/page"}],"author":[{"embeddable":true,"href":"https:\/\/cotedazurich.ch\/en\/wp-json\/wp\/v2\/users\/1"}],"replies":[{"embeddable":true,"href":"https:\/\/cotedazurich.ch\/en\/wp-json\/wp\/v2\/comments?post=9771"}],"version-history":[{"count":8,"href":"https:\/\/cotedazurich.ch\/en\/wp-json\/wp\/v2\/pages\/9771\/revisions"}],"predecessor-version":[{"id":17122,"href":"https:\/\/cotedazurich.ch\/en\/wp-json\/wp\/v2\/pages\/9771\/revisions\/17122"}],"wp:attachment":[{"href":"https:\/\/cotedazurich.ch\/en\/wp-json\/wp\/v2\/media?parent=9771"}],"curies":[{"name":"wp","href":"https:\/\/api.w.org\/{rel}","templated":true}]}}