{"id":9732,"date":"2023-02-22T09:09:20","date_gmt":"2023-02-22T09:09:20","guid":{"rendered":"http:\/\/cotedazurich.ch\/shop\/"},"modified":"2024-12-27T08:52:13","modified_gmt":"2024-12-27T08:52:13","slug":"shop","status":"publish","type":"page","link":"https:\/\/cotedazurich.ch\/en\/shop\/","title":{"rendered":"shop"},"content":{"rendered":"<div data-elementor-type=\"wp-page\" data-elementor-id=\"9732\" class=\"elementor elementor-9732\" data-elementor-post-type=\"page\">\n\t\t\t\t\t\t<section class=\"elementor-section elementor-top-section elementor-element elementor-element-cd6268f elementor-section-boxed elementor-section-height-default elementor-section-height-default\" data-id=\"cd6268f\" data-element_type=\"section\">\n\t\t\t\t\t\t<div class=\"elementor-container elementor-column-gap-default\">\n\t\t\t\t\t<div class=\"elementor-column elementor-col-50 elementor-top-column elementor-element elementor-element-e3de84d\" data-id=\"e3de84d\" data-element_type=\"column\">\n\t\t\t<div class=\"elementor-widget-wrap elementor-element-populated\">\n\t\t\t\t\t\t<div class=\"elementor-element elementor-element-686d5da elementor-widget elementor-widget-image\" data-id=\"686d5da\" data-element_type=\"widget\" data-widget_type=\"image.default\">\n\t\t\t\t<div class=\"elementor-widget-container\">\n\t\t\t\t\t\t\t\t\t\t\t\t\t\t\t<img fetchpriority=\"high\" decoding=\"async\" width=\"640\" height=\"800\" src=\"https:\/\/cotedazurich.ch\/wp-content\/uploads\/2024\/11\/Cote-dAzurich-strandtuch-beach-towel-zurichsee-lake-zurich.jpg\" class=\"attachment-large size-large wp-image-16988\" alt=\"\" srcset=\"https:\/\/cotedazurich.ch\/wp-content\/uploads\/2024\/11\/Cote-dAzurich-strandtuch-beach-towel-zurichsee-lake-zurich.jpg 640w, https:\/\/cotedazurich.ch\/wp-content\/uploads\/2024\/11\/Cote-dAzurich-strandtuch-beach-towel-zurichsee-lake-zurich-240x300.jpg 240w, https:\/\/cotedazurich.ch\/wp-content\/uploads\/2024\/11\/Cote-dAzurich-strandtuch-beach-towel-zurichsee-lake-zurich-10x12.jpg 10w, https:\/\/cotedazurich.ch\/wp-content\/uploads\/2024\/11\/Cote-dAzurich-strandtuch-beach-towel-zurichsee-lake-zurich-300x375.jpg 300w, https:\/\/cotedazurich.ch\/wp-content\/uploads\/2024\/11\/Cote-dAzurich-strandtuch-beach-towel-zurichsee-lake-zurich-600x750.jpg 600w\" sizes=\"(max-width: 640px) 100vw, 640px\" \/>\t\t\t\t\t\t\t\t\t\t\t\t\t\t\t<\/div>\n\t\t\t\t<\/div>\n\t\t\t\t\t<\/div>\n\t\t<\/div>\n\t\t\t\t<div class=\"elementor-column elementor-col-50 elementor-top-column elementor-element elementor-element-0acd0f3\" data-id=\"0acd0f3\" data-element_type=\"column\">\n\t\t\t<div class=\"elementor-widget-wrap elementor-element-populated\">\n\t\t\t\t\t\t<div class=\"elementor-element elementor-element-77f9283 elementor-add-to-cart--align-center elementor-widget elementor-widget-wc-add-to-cart\" data-id=\"77f9283\" data-element_type=\"widget\" data-widget_type=\"wc-add-to-cart.default\">\n\t\t\t\t<div class=\"elementor-widget-container\">\n\t\t\t\t\t\t\t\t\t<div class=\"elementor-button-wrapper\">\n\t\t\t\t\t<a rel=\"nofollow\" href=\"?add-to-cart=9744\" data-quantity=\"1\" data-product_id=\"9744\" class=\"product_type_simple add_to_cart_button ajax_add_to_cart elementor-button elementor-size-sm\" role=\"button\">\n\t\t\t\t\t\t<span class=\"elementor-button-content-wrapper\">\n\t\t\t\t\t\t<span class=\"elementor-button-icon\">\n\t\t\t\t<i aria-hidden=\"true\" class=\"fas fa-shopping-cart\"><\/i>\t\t\t<\/span>\n\t\t\t\t\t\t\t\t\t<span class=\"elementor-button-text\">buy<\/span>\n\t\t\t\t\t<\/span>\n\t\t\t\t\t<\/a>\n\t\t\t\t<\/div>\n\t\t\t\t\t\t\t\t<\/div>\n\t\t\t\t<\/div>\n\t\t\t\t<div class=\"elementor-element elementor-element-278c521 elementor-widget__width-initial elementor-widget-mobile__width-initial elementor-widget elementor-widget-text-editor\" data-id=\"278c521\" data-element_type=\"widget\" data-widget_type=\"text-editor.default\">\n\t\t\t\t<div class=\"elementor-widget-container\">\n\t\t\t\t\t\t\t\t\t<h3 style=\"text-align: center;\"><strong style=\"color: rgb(255, 0, 0); letter-spacing: 0.4px;\"><span style=\"text-decoration-line: underline;\">nur 59.- CHF inkl. Versand in der Schweiz<\/span><\/strong><\/h3><h3 style=\"text-align: center;\"><br>Das legend\u00e4re <strong>C\u00f4te d&#8217;Azurich<\/strong> Strandtuch.<br>90x190cm, 100% hochwertige baumwolle, 500g\/m2,<\/h3>\t\t\t\t\t\t\t\t<\/div>\n\t\t\t\t<\/div>\n\t\t\t\t\t<\/div>\n\t\t<\/div>\n\t\t\t\t\t<\/div>\n\t\t<\/section>\n\t\t\t\t<section class=\"elementor-section elementor-top-section elementor-element elementor-element-01968d0 elementor-section-boxed elementor-section-height-default elementor-section-height-default\" data-id=\"01968d0\" data-element_type=\"section\">\n\t\t\t\t\t\t<div class=\"elementor-container elementor-column-gap-default\">\n\t\t\t\t\t<div class=\"elementor-column elementor-col-100 elementor-top-column elementor-element elementor-element-5e838e3\" data-id=\"5e838e3\" data-element_type=\"column\">\n\t\t\t<div class=\"elementor-widget-wrap elementor-element-populated\">\n\t\t\t\t\t\t<div class=\"elementor-element elementor-element-bcf6a9c elementor-widget elementor-widget-heading\" data-id=\"bcf6a9c\" data-element_type=\"widget\" data-widget_type=\"heading.default\">\n\t\t\t\t<div class=\"elementor-widget-container\">\n\t\t\t\t\t<h2 class=\"elementor-heading-title elementor-size-default\">probably the smallest onlineshop in switzerland<\/h2>\t\t\t\t<\/div>\n\t\t\t\t<\/div>\n\t\t\t\t\t<\/div>\n\t\t<\/div>\n\t\t\t\t\t<\/div>\n\t\t<\/section>\n\t\t\t\t<section class=\"elementor-section elementor-top-section elementor-element elementor-element-81c922e elementor-section-boxed elementor-section-height-default elementor-section-height-default\" data-id=\"81c922e\" data-element_type=\"section\">\n\t\t\t\t\t\t<div class=\"elementor-container elementor-column-gap-default\">\n\t\t\t\t\t<div class=\"elementor-column elementor-col-100 elementor-top-column elementor-element elementor-element-ccfff00\" data-id=\"ccfff00\" data-element_type=\"column\">\n\t\t\t<div class=\"elementor-widget-wrap elementor-element-populated\">\n\t\t\t\t\t\t<div class=\"elementor-element elementor-element-d1189f3 elementor-widget-mobile__width-initial elementor-widget elementor-widget-text-editor\" data-id=\"d1189f3\" data-element_type=\"widget\" data-widget_type=\"text-editor.default\">\n\t\t\t\t<div class=\"elementor-widget-container\">\n\t\t\t\t\t\t\t\t\t<p>what do you think is the most beautiful thing about zurich? yes, there are many opinions. however, everyone agrees on one thing: the lake. it gives our city that special mediterranean character and invites all ages to enjoy a refreshing swim. and what is always part of that pleasure? of course: a beachtowel. created with much love by C\u00f4te d'Azurich in switzerland, and made in turkey: of course in zurich's blue colour and in a decent size - because size matters, as they say. \ud83d\ude09<\/p>\t\t\t\t\t\t\t\t<\/div>\n\t\t\t\t<\/div>\n\t\t\t\t\t<\/div>\n\t\t<\/div>\n\t\t\t\t\t<\/div>\n\t\t<\/section>\n\t\t\t\t<section class=\"elementor-section elementor-top-section elementor-element elementor-element-c04c686 elementor-section-stretched elementor-section-boxed elementor-section-height-default elementor-section-height-default\" data-id=\"c04c686\" data-element_type=\"section\" data-settings=\"{&quot;stretch_section&quot;:&quot;section-stretched&quot;}\">\n\t\t\t\t\t\t<div class=\"elementor-container elementor-column-gap-custom\">\n\t\t\t\t\t<div class=\"elementor-column elementor-col-100 elementor-top-column elementor-element elementor-element-60babb0\" data-id=\"60babb0\" data-element_type=\"column\">\n\t\t\t<div class=\"elementor-widget-wrap elementor-element-populated\">\n\t\t\t\t\t\t<div class=\"elementor-element elementor-element-cf84da8 elementor-widget elementor-widget-spacer\" data-id=\"cf84da8\" data-element_type=\"widget\" data-widget_type=\"spacer.default\">\n\t\t\t\t<div class=\"elementor-widget-container\">\n\t\t\t\t\t\t\t<div class=\"elementor-spacer\">\n\t\t\t<div class=\"elementor-spacer-inner\"><\/div>\n\t\t<\/div>\n\t\t\t\t\t\t<\/div>\n\t\t\t\t<\/div>\n\t\t\t\t<div class=\"elementor-element elementor-element-25bbe3c gallery-spacing-custom elementor-widget__width-initial elementor-widget-mobile__width-initial elementor-widget elementor-widget-image-gallery\" data-id=\"25bbe3c\" data-element_type=\"widget\" data-widget_type=\"image-gallery.default\">\n\t\t\t\t<div class=\"elementor-widget-container\">\n\t\t\t\t\t\t\t<div class=\"elementor-image-gallery\">\n\t\t\t<div id='gallery-1' class='gallery galleryid-9732 gallery-columns-2 gallery-size-large'><figure class='gallery-item'>\n\t\t\t<div class='gallery-icon portrait'>\n\t\t\t\t<a data-elementor-open-lightbox=\"yes\" data-elementor-lightbox-slideshow=\"25bbe3c\" data-elementor-lightbox-title=\"Zurich Sauna und Strandtuch\" data-e-action-hash=\"#elementor-action%3Aaction%3Dlightbox%26settings%3DeyJpZCI6MTY5ODMsInVybCI6Imh0dHBzOlwvXC9jb3RlZGF6dXJpY2guY2hcL3dwLWNvbnRlbnRcL3VwbG9hZHNcLzIwMjRcLzExXC8yLWE1ZTA5YTYzLXNjYWxlZC5qcGciLCJzbGlkZXNob3ciOiIyNWJiZTNjIn0%3D\" href='https:\/\/cotedazurich.ch\/wp-content\/uploads\/2024\/11\/2-a5e09a63-scaled.jpg'><img decoding=\"async\" width=\"640\" height=\"853\" src=\"https:\/\/cotedazurich.ch\/wp-content\/uploads\/2024\/11\/2-a5e09a63-768x1024.jpg\" class=\"attachment-large size-large\" alt=\"\" srcset=\"https:\/\/cotedazurich.ch\/wp-content\/uploads\/2024\/11\/2-a5e09a63-768x1024.jpg 768w, https:\/\/cotedazurich.ch\/wp-content\/uploads\/2024\/11\/2-a5e09a63-225x300.jpg 225w, https:\/\/cotedazurich.ch\/wp-content\/uploads\/2024\/11\/2-a5e09a63-1152x1536.jpg 1152w, https:\/\/cotedazurich.ch\/wp-content\/uploads\/2024\/11\/2-a5e09a63-1536x2048.jpg 1536w, https:\/\/cotedazurich.ch\/wp-content\/uploads\/2024\/11\/2-a5e09a63-9x12.jpg 9w, https:\/\/cotedazurich.ch\/wp-content\/uploads\/2024\/11\/2-a5e09a63-scaled.jpg 1920w, https:\/\/cotedazurich.ch\/wp-content\/uploads\/2024\/11\/2-a5e09a63-1280x1707.jpg 1280w, https:\/\/cotedazurich.ch\/wp-content\/uploads\/2024\/11\/2-a5e09a63-300x400.jpg 300w, https:\/\/cotedazurich.ch\/wp-content\/uploads\/2024\/11\/2-a5e09a63-600x800.jpg 600w\" sizes=\"(max-width: 640px) 100vw, 640px\" \/><\/a>\n\t\t\t<\/div><\/figure><figure class='gallery-item'>\n\t\t\t<div class='gallery-icon portrait'>\n\t\t\t\t<a data-elementor-open-lightbox=\"yes\" data-elementor-lightbox-slideshow=\"25bbe3c\" data-elementor-lightbox-title=\"3-Zurich Sauna und Strandtuch\" data-e-action-hash=\"#elementor-action%3Aaction%3Dlightbox%26settings%3DeyJpZCI6MTY5ODIsInVybCI6Imh0dHBzOlwvXC9jb3RlZGF6dXJpY2guY2hcL3dwLWNvbnRlbnRcL3VwbG9hZHNcLzIwMjRcLzExXC8zLWE1ZTA5YTYzLXNjYWxlZC5qcGciLCJzbGlkZXNob3ciOiIyNWJiZTNjIn0%3D\" href='https:\/\/cotedazurich.ch\/wp-content\/uploads\/2024\/11\/3-a5e09a63-scaled.jpg'><img decoding=\"async\" width=\"640\" height=\"853\" src=\"https:\/\/cotedazurich.ch\/wp-content\/uploads\/2024\/11\/3-a5e09a63-768x1024.jpg\" class=\"attachment-large size-large\" alt=\"\" srcset=\"https:\/\/cotedazurich.ch\/wp-content\/uploads\/2024\/11\/3-a5e09a63-768x1024.jpg 768w, https:\/\/cotedazurich.ch\/wp-content\/uploads\/2024\/11\/3-a5e09a63-225x300.jpg 225w, https:\/\/cotedazurich.ch\/wp-content\/uploads\/2024\/11\/3-a5e09a63-1152x1536.jpg 1152w, https:\/\/cotedazurich.ch\/wp-content\/uploads\/2024\/11\/3-a5e09a63-1536x2048.jpg 1536w, https:\/\/cotedazurich.ch\/wp-content\/uploads\/2024\/11\/3-a5e09a63-9x12.jpg 9w, https:\/\/cotedazurich.ch\/wp-content\/uploads\/2024\/11\/3-a5e09a63-scaled.jpg 1920w, https:\/\/cotedazurich.ch\/wp-content\/uploads\/2024\/11\/3-a5e09a63-1280x1707.jpg 1280w, https:\/\/cotedazurich.ch\/wp-content\/uploads\/2024\/11\/3-a5e09a63-300x400.jpg 300w, https:\/\/cotedazurich.ch\/wp-content\/uploads\/2024\/11\/3-a5e09a63-600x800.jpg 600w\" sizes=\"(max-width: 640px) 100vw, 640px\" \/><\/a>\n\t\t\t<\/div><\/figure><figure class='gallery-item'>\n\t\t\t<div class='gallery-icon portrait'>\n\t\t\t\t<a data-elementor-open-lightbox=\"yes\" data-elementor-lightbox-slideshow=\"25bbe3c\" data-elementor-lightbox-title=\"Zurich Sauna und Strandtuch\" data-e-action-hash=\"#elementor-action%3Aaction%3Dlightbox%26settings%3DeyJpZCI6MTY5ODEsInVybCI6Imh0dHBzOlwvXC9jb3RlZGF6dXJpY2guY2hcL3dwLWNvbnRlbnRcL3VwbG9hZHNcLzIwMjRcLzExXC8xLWE1ZTA5YTYzLXNjYWxlZC5qcGciLCJzbGlkZXNob3ciOiIyNWJiZTNjIn0%3D\" href='https:\/\/cotedazurich.ch\/wp-content\/uploads\/2024\/11\/1-a5e09a63-scaled.jpg'><img loading=\"lazy\" decoding=\"async\" width=\"640\" height=\"853\" src=\"https:\/\/cotedazurich.ch\/wp-content\/uploads\/2024\/11\/1-a5e09a63-768x1024.jpg\" class=\"attachment-large size-large\" alt=\"\" srcset=\"https:\/\/cotedazurich.ch\/wp-content\/uploads\/2024\/11\/1-a5e09a63-768x1024.jpg 768w, https:\/\/cotedazurich.ch\/wp-content\/uploads\/2024\/11\/1-a5e09a63-225x300.jpg 225w, https:\/\/cotedazurich.ch\/wp-content\/uploads\/2024\/11\/1-a5e09a63-1152x1536.jpg 1152w, https:\/\/cotedazurich.ch\/wp-content\/uploads\/2024\/11\/1-a5e09a63-1536x2048.jpg 1536w, https:\/\/cotedazurich.ch\/wp-content\/uploads\/2024\/11\/1-a5e09a63-9x12.jpg 9w, https:\/\/cotedazurich.ch\/wp-content\/uploads\/2024\/11\/1-a5e09a63-scaled.jpg 1920w, https:\/\/cotedazurich.ch\/wp-content\/uploads\/2024\/11\/1-a5e09a63-1280x1707.jpg 1280w, https:\/\/cotedazurich.ch\/wp-content\/uploads\/2024\/11\/1-a5e09a63-300x400.jpg 300w, https:\/\/cotedazurich.ch\/wp-content\/uploads\/2024\/11\/1-a5e09a63-600x800.jpg 600w\" sizes=\"(max-width: 640px) 100vw, 640px\" \/><\/a>\n\t\t\t<\/div><\/figure><figure class='gallery-item'>\n\t\t\t<div class='gallery-icon portrait'>\n\t\t\t\t<a data-elementor-open-lightbox=\"yes\" data-elementor-lightbox-slideshow=\"25bbe3c\" data-elementor-lightbox-title=\"Co\u0302te d&#039;Azurich strandtuch beach towel zu\u0308richsee lake zurich\" data-e-action-hash=\"#elementor-action%3Aaction%3Dlightbox%26settings%3DeyJpZCI6MTY5ODgsInVybCI6Imh0dHBzOlwvXC9jb3RlZGF6dXJpY2guY2hcL3dwLWNvbnRlbnRcL3VwbG9hZHNcLzIwMjRcLzExXC9Db3RlLWRBenVyaWNoLXN0cmFuZHR1Y2gtYmVhY2gtdG93ZWwtenVyaWNoc2VlLWxha2UtenVyaWNoLmpwZyIsInNsaWRlc2hvdyI6IjI1YmJlM2MifQ%3D%3D\" href='https:\/\/cotedazurich.ch\/wp-content\/uploads\/2024\/11\/Cote-dAzurich-strandtuch-beach-towel-zurichsee-lake-zurich.jpg'><img loading=\"lazy\" decoding=\"async\" width=\"640\" height=\"800\" src=\"https:\/\/cotedazurich.ch\/wp-content\/uploads\/2024\/11\/Cote-dAzurich-strandtuch-beach-towel-zurichsee-lake-zurich.jpg\" class=\"attachment-large size-large\" alt=\"\" srcset=\"https:\/\/cotedazurich.ch\/wp-content\/uploads\/2024\/11\/Cote-dAzurich-strandtuch-beach-towel-zurichsee-lake-zurich.jpg 640w, https:\/\/cotedazurich.ch\/wp-content\/uploads\/2024\/11\/Cote-dAzurich-strandtuch-beach-towel-zurichsee-lake-zurich-240x300.jpg 240w, https:\/\/cotedazurich.ch\/wp-content\/uploads\/2024\/11\/Cote-dAzurich-strandtuch-beach-towel-zurichsee-lake-zurich-10x12.jpg 10w, https:\/\/cotedazurich.ch\/wp-content\/uploads\/2024\/11\/Cote-dAzurich-strandtuch-beach-towel-zurichsee-lake-zurich-300x375.jpg 300w, https:\/\/cotedazurich.ch\/wp-content\/uploads\/2024\/11\/Cote-dAzurich-strandtuch-beach-towel-zurichsee-lake-zurich-600x750.jpg 600w\" sizes=\"(max-width: 640px) 100vw, 640px\" \/><\/a>\n\t\t\t<\/div><\/figure><figure class='gallery-item'>\n\t\t\t<div class='gallery-icon portrait'>\n\t\t\t\t<a data-elementor-open-lightbox=\"yes\" data-elementor-lightbox-slideshow=\"25bbe3c\" data-elementor-lightbox-title=\"Co\u0302te d&#039;Azurich sommer strandtuch badi public pool zurich city\" data-e-action-hash=\"#elementor-action%3Aaction%3Dlightbox%26settings%3DeyJpZCI6MTY5ODcsInVybCI6Imh0dHBzOlwvXC9jb3RlZGF6dXJpY2guY2hcL3dwLWNvbnRlbnRcL3VwbG9hZHNcLzIwMjRcLzExXC9Db3RlLWRBenVyaWNoLXNvbW1lci1zdHJhbmR0dWNoLWJhZGktcHVibGljLXBvb2wtenVyaWNoLWNpdHkuanBnIiwic2xpZGVzaG93IjoiMjViYmUzYyJ9\" href='https:\/\/cotedazurich.ch\/wp-content\/uploads\/2024\/11\/Cote-dAzurich-sommer-strandtuch-badi-public-pool-zurich-city.jpg'><img loading=\"lazy\" decoding=\"async\" width=\"640\" height=\"800\" src=\"https:\/\/cotedazurich.ch\/wp-content\/uploads\/2024\/11\/Cote-dAzurich-sommer-strandtuch-badi-public-pool-zurich-city.jpg\" class=\"attachment-large size-large\" alt=\"\" srcset=\"https:\/\/cotedazurich.ch\/wp-content\/uploads\/2024\/11\/Cote-dAzurich-sommer-strandtuch-badi-public-pool-zurich-city.jpg 640w, https:\/\/cotedazurich.ch\/wp-content\/uploads\/2024\/11\/Cote-dAzurich-sommer-strandtuch-badi-public-pool-zurich-city-240x300.jpg 240w, https:\/\/cotedazurich.ch\/wp-content\/uploads\/2024\/11\/Cote-dAzurich-sommer-strandtuch-badi-public-pool-zurich-city-10x12.jpg 10w, https:\/\/cotedazurich.ch\/wp-content\/uploads\/2024\/11\/Cote-dAzurich-sommer-strandtuch-badi-public-pool-zurich-city-300x375.jpg 300w, https:\/\/cotedazurich.ch\/wp-content\/uploads\/2024\/11\/Cote-dAzurich-sommer-strandtuch-badi-public-pool-zurich-city-600x750.jpg 600w\" sizes=\"(max-width: 640px) 100vw, 640px\" \/><\/a>\n\t\t\t<\/div><\/figure><figure class='gallery-item'>\n\t\t\t<div class='gallery-icon portrait'>\n\t\t\t\t<a data-elementor-open-lightbox=\"yes\" data-elementor-lightbox-slideshow=\"25bbe3c\" data-elementor-lightbox-title=\"Co\u0302te d&#039;Azurich strandtuch bootfahren yachting boating\" data-e-action-hash=\"#elementor-action%3Aaction%3Dlightbox%26settings%3DeyJpZCI6MTY5ODksInVybCI6Imh0dHBzOlwvXC9jb3RlZGF6dXJpY2guY2hcL3dwLWNvbnRlbnRcL3VwbG9hZHNcLzIwMjRcLzExXC9Db3RlLWRBenVyaWNoLXN0cmFuZHR1Y2gtYm9vdGZhaHJlbi15YWNodGluZy1ib2F0aW5nLmpwZyIsInNsaWRlc2hvdyI6IjI1YmJlM2MifQ%3D%3D\" href='https:\/\/cotedazurich.ch\/wp-content\/uploads\/2024\/11\/Cote-dAzurich-strandtuch-bootfahren-yachting-boating.jpg'><img loading=\"lazy\" decoding=\"async\" width=\"640\" height=\"800\" src=\"https:\/\/cotedazurich.ch\/wp-content\/uploads\/2024\/11\/Cote-dAzurich-strandtuch-bootfahren-yachting-boating.jpg\" class=\"attachment-large size-large\" alt=\"\" srcset=\"https:\/\/cotedazurich.ch\/wp-content\/uploads\/2024\/11\/Cote-dAzurich-strandtuch-bootfahren-yachting-boating.jpg 640w, https:\/\/cotedazurich.ch\/wp-content\/uploads\/2024\/11\/Cote-dAzurich-strandtuch-bootfahren-yachting-boating-240x300.jpg 240w, https:\/\/cotedazurich.ch\/wp-content\/uploads\/2024\/11\/Cote-dAzurich-strandtuch-bootfahren-yachting-boating-10x12.jpg 10w, https:\/\/cotedazurich.ch\/wp-content\/uploads\/2024\/11\/Cote-dAzurich-strandtuch-bootfahren-yachting-boating-300x375.jpg 300w, https:\/\/cotedazurich.ch\/wp-content\/uploads\/2024\/11\/Cote-dAzurich-strandtuch-bootfahren-yachting-boating-600x750.jpg 600w\" sizes=\"(max-width: 640px) 100vw, 640px\" \/><\/a>\n\t\t\t<\/div><\/figure><figure class='gallery-item'>\n\t\t\t<div class='gallery-icon portrait'>\n\t\t\t\t<a data-elementor-open-lightbox=\"yes\" data-elementor-lightbox-slideshow=\"25bbe3c\" data-elementor-lightbox-title=\"Co\u0302te d&#039;Azurich strandtuch frauenbadi stadt zu\u0308rich grossmu\u0308nster\" data-e-action-hash=\"#elementor-action%3Aaction%3Dlightbox%26settings%3DeyJpZCI6MTY5OTAsInVybCI6Imh0dHBzOlwvXC9jb3RlZGF6dXJpY2guY2hcL3dwLWNvbnRlbnRcL3VwbG9hZHNcLzIwMjRcLzExXC9Db3RlLWRBenVyaWNoLXN0cmFuZHR1Y2gtZnJhdWVuYmFkaS1zdGFkdC16dXJpY2gtZ3Jvc3NtdW5zdGVyLmpwZyIsInNsaWRlc2hvdyI6IjI1YmJlM2MifQ%3D%3D\" href='https:\/\/cotedazurich.ch\/wp-content\/uploads\/2024\/11\/Cote-dAzurich-strandtuch-frauenbadi-stadt-zurich-grossmunster.jpg'><img loading=\"lazy\" decoding=\"async\" width=\"640\" height=\"800\" src=\"https:\/\/cotedazurich.ch\/wp-content\/uploads\/2024\/11\/Cote-dAzurich-strandtuch-frauenbadi-stadt-zurich-grossmunster.jpg\" class=\"attachment-large size-large\" alt=\"\" srcset=\"https:\/\/cotedazurich.ch\/wp-content\/uploads\/2024\/11\/Cote-dAzurich-strandtuch-frauenbadi-stadt-zurich-grossmunster.jpg 640w, https:\/\/cotedazurich.ch\/wp-content\/uploads\/2024\/11\/Cote-dAzurich-strandtuch-frauenbadi-stadt-zurich-grossmunster-240x300.jpg 240w, https:\/\/cotedazurich.ch\/wp-content\/uploads\/2024\/11\/Cote-dAzurich-strandtuch-frauenbadi-stadt-zurich-grossmunster-10x12.jpg 10w, https:\/\/cotedazurich.ch\/wp-content\/uploads\/2024\/11\/Cote-dAzurich-strandtuch-frauenbadi-stadt-zurich-grossmunster-300x375.jpg 300w, https:\/\/cotedazurich.ch\/wp-content\/uploads\/2024\/11\/Cote-dAzurich-strandtuch-frauenbadi-stadt-zurich-grossmunster-600x750.jpg 600w\" sizes=\"(max-width: 640px) 100vw, 640px\" \/><\/a>\n\t\t\t<\/div><\/figure>\n\t\t<\/div>\n\t\t<\/div>\n\t\t\t\t\t\t<\/div>\n\t\t\t\t<\/div>\n\t\t\t\t\t<\/div>\n\t\t<\/div>\n\t\t\t\t\t<\/div>\n\t\t<\/section>\n\t\t\t\t<section class=\"elementor-section elementor-top-section elementor-element elementor-element-3afdd6b elementor-section-stretched elementor-section-boxed elementor-section-height-default elementor-section-height-default\" data-id=\"3afdd6b\" data-element_type=\"section\" data-settings=\"{&quot;stretch_section&quot;:&quot;section-stretched&quot;}\">\n\t\t\t\t\t\t<div class=\"elementor-container elementor-column-gap-custom\">\n\t\t\t\t\t<div class=\"elementor-column elementor-col-100 elementor-top-column elementor-element elementor-element-02eba1e\" data-id=\"02eba1e\" data-element_type=\"column\">\n\t\t\t<div class=\"elementor-widget-wrap\">\n\t\t\t\t\t\t\t<\/div>\n\t\t<\/div>\n\t\t\t\t\t<\/div>\n\t\t<\/section>\n\t\t\t\t<\/div>","protected":false},"excerpt":{"rendered":"<p>kaufen nur 59.- CHF inkl. Versand in der Schweiz Das legend\u00e4re C\u00f4te d&#8217;Azurich Strandtuch.90x190cm, 100% hochwertige baumwolle, 500g\/m2, vermutlich der kleinste onlineshop der schweiz was ist f\u00fcr dich das sch\u00f6nste an z\u00fcrich? ja, dar\u00fcber gibt es viele meinungen. in einem&#8230;<\/p>","protected":false},"author":1,"featured_media":0,"parent":0,"menu_order":0,"comment_status":"closed","ping_status":"closed","template":"page-full-width.php","meta":{"footnotes":""},"class_list":["post-9732","page","type-page","status-publish","hentry"],"_links":{"self":[{"href":"https:\/\/cotedazurich.ch\/en\/wp-json\/wp\/v2\/pages\/9732","targetHints":{"allow":["GET"]}}],"collection":[{"href":"https:\/\/cotedazurich.ch\/en\/wp-json\/wp\/v2\/pages"}],"about":[{"href":"https:\/\/cotedazurich.ch\/en\/wp-json\/wp\/v2\/types\/page"}],"author":[{"embeddable":true,"href":"https:\/\/cotedazurich.ch\/en\/wp-json\/wp\/v2\/users\/1"}],"replies":[{"embeddable":true,"href":"https:\/\/cotedazurich.ch\/en\/wp-json\/wp\/v2\/comments?post=9732"}],"version-history":[{"count":195,"href":"https:\/\/cotedazurich.ch\/en\/wp-json\/wp\/v2\/pages\/9732\/revisions"}],"predecessor-version":[{"id":17139,"href":"https:\/\/cotedazurich.ch\/en\/wp-json\/wp\/v2\/pages\/9732\/revisions\/17139"}],"wp:attachment":[{"href":"https:\/\/cotedazurich.ch\/en\/wp-json\/wp\/v2\/media?parent=9732"}],"curies":[{"name":"wp","href":"https:\/\/api.w.org\/{rel}","templated":true}]}}