{"id":5183,"date":"2022-04-07T12:05:48","date_gmt":"2022-04-07T11:05:48","guid":{"rendered":"http:\/\/cotedazurich.ch\/?page_id=5183"},"modified":"2022-04-29T07:35:20","modified_gmt":"2022-04-29T06:35:20","slug":"thank-you","status":"publish","type":"page","link":"https:\/\/cotedazurich.ch\/en\/thank-you\/","title":{"rendered":"thank you"},"content":{"rendered":"<div data-elementor-type=\"wp-page\" data-elementor-id=\"5183\" class=\"elementor elementor-5183\" data-elementor-post-type=\"page\">\n\t\t\t\t\t\t<section class=\"elementor-section elementor-top-section elementor-element elementor-element-9674a0d elementor-section-boxed elementor-section-height-default elementor-section-height-default\" data-id=\"9674a0d\" data-element_type=\"section\">\n\t\t\t\t\t\t<div class=\"elementor-container elementor-column-gap-default\">\n\t\t\t\t\t<div class=\"elementor-column elementor-col-100 elementor-top-column elementor-element elementor-element-1c9024f\" data-id=\"1c9024f\" data-element_type=\"column\">\n\t\t\t<div class=\"elementor-widget-wrap elementor-element-populated\">\n\t\t\t\t\t\t<div class=\"elementor-element elementor-element-966c023 elementor-widget elementor-widget-image\" data-id=\"966c023\" data-element_type=\"widget\" data-widget_type=\"image.default\">\n\t\t\t\t<div class=\"elementor-widget-container\">\n\t\t\t\t\t\t\t\t\t\t\t\t\t\t\t<img fetchpriority=\"high\" decoding=\"async\" width=\"300\" height=\"300\" src=\"https:\/\/cotedazurich.ch\/wp-content\/uploads\/2022\/04\/Logo-mit-rahmen-gross-300x300.png\" class=\"attachment-medium size-medium wp-image-5444\" alt=\"Logo C\u00f4te d&#039;Azurich\" srcset=\"https:\/\/cotedazurich.ch\/wp-content\/uploads\/2022\/04\/Logo-mit-rahmen-gross-300x300.png 300w, https:\/\/cotedazurich.ch\/wp-content\/uploads\/2022\/04\/Logo-mit-rahmen-gross-100x100.png 100w, https:\/\/cotedazurich.ch\/wp-content\/uploads\/2022\/04\/Logo-mit-rahmen-gross-600x600.png 600w, https:\/\/cotedazurich.ch\/wp-content\/uploads\/2022\/04\/Logo-mit-rahmen-gross-1024x1024.png 1024w, https:\/\/cotedazurich.ch\/wp-content\/uploads\/2022\/04\/Logo-mit-rahmen-gross-150x150.png 150w, https:\/\/cotedazurich.ch\/wp-content\/uploads\/2022\/04\/Logo-mit-rahmen-gross-768x768.png 768w, https:\/\/cotedazurich.ch\/wp-content\/uploads\/2022\/04\/Logo-mit-rahmen-gross-12x12.png 12w, https:\/\/cotedazurich.ch\/wp-content\/uploads\/2022\/04\/Logo-mit-rahmen-gross-1280x1280.png 1280w, https:\/\/cotedazurich.ch\/wp-content\/uploads\/2022\/04\/Logo-mit-rahmen-gross.png 1479w\" sizes=\"(max-width: 300px) 100vw, 300px\" \/>\t\t\t\t\t\t\t\t\t\t\t\t\t\t\t<\/div>\n\t\t\t\t<\/div>\n\t\t\t\t<div class=\"elementor-element elementor-element-3ccd9b5 elementor-widget elementor-widget-heading\" data-id=\"3ccd9b5\" data-element_type=\"widget\" data-widget_type=\"heading.default\">\n\t\t\t\t<div class=\"elementor-widget-container\">\n\t\t\t\t\t<h2 class=\"elementor-heading-title elementor-size-default\">thank you very much for your application!<\/h2>\t\t\t\t<\/div>\n\t\t\t\t<\/div>\n\t\t\t\t<div class=\"elementor-element elementor-element-7e20e61 elementor-widget elementor-widget-heading\" data-id=\"7e20e61\" data-element_type=\"widget\" data-widget_type=\"heading.default\">\n\t\t\t\t<div class=\"elementor-widget-container\">\n\t\t\t\t\t<p class=\"elementor-heading-title elementor-size-default\">we will make sure everything is complete and send you a confirmation by email.<\/p>\t\t\t\t<\/div>\n\t\t\t\t<\/div>\n\t\t\t\t\t<\/div>\n\t\t<\/div>\n\t\t\t\t\t<\/div>\n\t\t<\/section>\n\t\t\t\t<\/div>","protected":false},"excerpt":{"rendered":"<p>vielen dank f\u00fcr deinen antrag! wir werden ihn auf vollst\u00e4ndigkeit \u00fcberpr\u00fcfen und dir per email best\u00e4tigen.<\/p>","protected":false},"author":1,"featured_media":0,"parent":0,"menu_order":0,"comment_status":"closed","ping_status":"closed","template":"page-full-width.php","meta":{"footnotes":""},"class_list":["post-5183","page","type-page","status-publish","hentry"],"_links":{"self":[{"href":"https:\/\/cotedazurich.ch\/en\/wp-json\/wp\/v2\/pages\/5183","targetHints":{"allow":["GET"]}}],"collection":[{"href":"https:\/\/cotedazurich.ch\/en\/wp-json\/wp\/v2\/pages"}],"about":[{"href":"https:\/\/cotedazurich.ch\/en\/wp-json\/wp\/v2\/types\/page"}],"author":[{"embeddable":true,"href":"https:\/\/cotedazurich.ch\/en\/wp-json\/wp\/v2\/users\/1"}],"replies":[{"embeddable":true,"href":"https:\/\/cotedazurich.ch\/en\/wp-json\/wp\/v2\/comments?post=5183"}],"version-history":[{"count":19,"href":"https:\/\/cotedazurich.ch\/en\/wp-json\/wp\/v2\/pages\/5183\/revisions"}],"predecessor-version":[{"id":5519,"href":"https:\/\/cotedazurich.ch\/en\/wp-json\/wp\/v2\/pages\/5183\/revisions\/5519"}],"wp:attachment":[{"href":"https:\/\/cotedazurich.ch\/en\/wp-json\/wp\/v2\/media?parent=5183"}],"curies":[{"name":"wp","href":"https:\/\/api.w.org\/{rel}","templated":true}]}}