{"id":4018,"date":"2022-02-22T07:39:16","date_gmt":"2022-02-22T07:39:16","guid":{"rendered":"http:\/\/cotedazurich.ch\/?page_id=4018"},"modified":"2024-05-18T17:05:58","modified_gmt":"2024-05-18T16:05:58","slug":"mitmachen","status":"publish","type":"page","link":"https:\/\/cotedazurich.ch\/en\/mitmachen\/","title":{"rendered":"participate"},"content":{"rendered":"<div data-elementor-type=\"wp-page\" data-elementor-id=\"4018\" class=\"elementor elementor-4018\" data-elementor-post-type=\"page\">\n\t\t\t\t\t\t<section class=\"elementor-section elementor-top-section elementor-element elementor-element-87bdf9a elementor-section-full_width elementor-section-stretched elementor-section-height-default elementor-section-height-default\" data-id=\"87bdf9a\" data-element_type=\"section\" data-settings=\"{&quot;stretch_section&quot;:&quot;section-stretched&quot;,&quot;background_background&quot;:&quot;classic&quot;}\">\n\t\t\t\t\t\t<div class=\"elementor-container elementor-column-gap-default\">\n\t\t\t\t\t<div class=\"elementor-column elementor-col-100 elementor-top-column elementor-element elementor-element-9a58466\" data-id=\"9a58466\" data-element_type=\"column\">\n\t\t\t<div class=\"elementor-widget-wrap elementor-element-populated\">\n\t\t\t\t\t\t<div class=\"elementor-element elementor-element-4110a2b elementor-widget elementor-widget-spacer\" data-id=\"4110a2b\" data-element_type=\"widget\" data-widget_type=\"spacer.default\">\n\t\t\t\t<div class=\"elementor-widget-container\">\n\t\t\t\t\t\t\t<div class=\"elementor-spacer\">\n\t\t\t<div class=\"elementor-spacer-inner\"><\/div>\n\t\t<\/div>\n\t\t\t\t\t\t<\/div>\n\t\t\t\t<\/div>\n\t\t\t\t<div class=\"elementor-element elementor-element-0dc8de7 elementor-hidden-mobile elementor-widget elementor-widget-heading\" data-id=\"0dc8de7\" data-element_type=\"widget\" data-widget_type=\"heading.default\">\n\t\t\t\t<div class=\"elementor-widget-container\">\n\t\t\t\t\t<p class=\"elementor-heading-title elementor-size-default\"><a href=\"https:\/\/cotedazurich.ch\/en\/zuerichfoto\/\" target=\"_blank\">rolf m\u00fcllestein<\/a><\/p>\t\t\t\t<\/div>\n\t\t\t\t<\/div>\n\t\t\t\t\t<\/div>\n\t\t<\/div>\n\t\t\t\t\t<\/div>\n\t\t<\/section>\n\t\t\t\t<section class=\"elementor-section elementor-top-section elementor-element elementor-element-8b3c21b elementor-section-boxed elementor-section-height-default elementor-section-height-default\" data-id=\"8b3c21b\" data-element_type=\"section\">\n\t\t\t\t\t\t<div class=\"elementor-container elementor-column-gap-default\">\n\t\t\t\t\t<div class=\"elementor-column elementor-col-100 elementor-top-column elementor-element elementor-element-9d5dc8e\" data-id=\"9d5dc8e\" data-element_type=\"column\">\n\t\t\t<div class=\"elementor-widget-wrap elementor-element-populated\">\n\t\t\t\t\t\t<div class=\"elementor-element elementor-element-0fc9063 elementor-widget elementor-widget-image\" data-id=\"0fc9063\" data-element_type=\"widget\" data-widget_type=\"image.default\">\n\t\t\t\t<div class=\"elementor-widget-container\">\n\t\t\t\t\t\t\t\t\t\t\t\t\t\t\t<img fetchpriority=\"high\" decoding=\"async\" width=\"300\" height=\"300\" src=\"https:\/\/cotedazurich.ch\/wp-content\/uploads\/2022\/11\/logo-r-300x300.png\" class=\"attachment-medium size-medium wp-image-7588\" alt=\"\" srcset=\"https:\/\/cotedazurich.ch\/wp-content\/uploads\/2022\/11\/logo-r-300x300.png 300w, https:\/\/cotedazurich.ch\/wp-content\/uploads\/2022\/11\/logo-r-100x100.png 100w, https:\/\/cotedazurich.ch\/wp-content\/uploads\/2022\/11\/logo-r-600x600.png 600w, https:\/\/cotedazurich.ch\/wp-content\/uploads\/2022\/11\/logo-r-1024x1024.png 1024w, https:\/\/cotedazurich.ch\/wp-content\/uploads\/2022\/11\/logo-r-150x150.png 150w, https:\/\/cotedazurich.ch\/wp-content\/uploads\/2022\/11\/logo-r-768x768.png 768w, https:\/\/cotedazurich.ch\/wp-content\/uploads\/2022\/11\/logo-r-12x12.png 12w, https:\/\/cotedazurich.ch\/wp-content\/uploads\/2022\/11\/logo-r-1280x1280.png 1280w, https:\/\/cotedazurich.ch\/wp-content\/uploads\/2022\/11\/logo-r.png 1479w\" sizes=\"(max-width: 300px) 100vw, 300px\" \/>\t\t\t\t\t\t\t\t\t\t\t\t\t\t\t<\/div>\n\t\t\t\t<\/div>\n\t\t\t\t<div class=\"elementor-element elementor-element-663c884 elementor-widget elementor-widget-html\" data-id=\"663c884\" data-element_type=\"widget\" data-widget_type=\"html.default\">\n\t\t\t\t<div class=\"elementor-widget-container\">\n\t\t\t\t\t<h6 class=\"section-titles\"> yes, I want to\n<span>participate!<\/span><\/h6>\t\t\t\t<\/div>\n\t\t\t\t<\/div>\n\t\t\t\t\t<\/div>\n\t\t<\/div>\n\t\t\t\t\t<\/div>\n\t\t<\/section>\n\t\t\t\t<section class=\"elementor-section elementor-top-section elementor-element elementor-element-5cd8317 elementor-section-boxed elementor-section-height-default elementor-section-height-default\" data-id=\"5cd8317\" data-element_type=\"section\">\n\t\t\t\t\t\t<div class=\"elementor-container elementor-column-gap-default\">\n\t\t\t\t\t<div class=\"elementor-column elementor-col-100 elementor-top-column elementor-element elementor-element-bf6b430\" data-id=\"bf6b430\" data-element_type=\"column\">\n\t\t\t<div class=\"elementor-widget-wrap elementor-element-populated\">\n\t\t\t\t\t\t<div class=\"elementor-element elementor-element-23ca438 elementor-widget elementor-widget-text-editor\" data-id=\"23ca438\" data-element_type=\"widget\" data-widget_type=\"text-editor.default\">\n\t\t\t\t<div class=\"elementor-widget-container\">\n\t\t\t\t\t\t\t\t\t<p>you would like to be listed in the <strong>zurich tips<\/strong> of C\u00f4te d'Azurich? that's pretty easy! provided your business is local or zurich related, and fits into one of the given categories:<\/p>\t\t\t\t\t\t\t\t<\/div>\n\t\t\t\t<\/div>\n\t\t\t\t\t<\/div>\n\t\t<\/div>\n\t\t\t\t\t<\/div>\n\t\t<\/section>\n\t\t\t\t<section class=\"elementor-section elementor-top-section elementor-element elementor-element-88f6482 elementor-section-boxed elementor-section-height-default elementor-section-height-default\" data-id=\"88f6482\" data-element_type=\"section\">\n\t\t\t\t\t\t<div class=\"elementor-container elementor-column-gap-default\">\n\t\t\t\t\t<div class=\"elementor-column elementor-col-100 elementor-top-column elementor-element elementor-element-c30979e\" data-id=\"c30979e\" data-element_type=\"column\">\n\t\t\t<div class=\"elementor-widget-wrap elementor-element-populated\">\n\t\t\t\t\t\t<div class=\"elementor-element elementor-element-5e56002 elementor-widget elementor-widget-text-editor\" data-id=\"5e56002\" data-element_type=\"widget\" data-widget_type=\"text-editor.default\">\n\t\t\t\t<div class=\"elementor-widget-container\">\n\t\t\t\t\t\t\t\t\t<p><a href=\"http:\/\/cotedazurich.ch\/en\/photographers\/\"><strong>photography<\/strong><\/a><\/p><p><a href=\"http:\/\/cotedazurich.ch\/en\/fashion-and-accessories\/\"><strong>fashion &amp; accessories<\/strong><\/a><\/p><p><a href=\"http:\/\/cotedazurich.ch\/en\/shops-and-delicacies\/\"><strong>stores &amp; delicacies<\/strong><\/a><\/p><p><a href=\"http:\/\/cotedazurich.ch\/en\/fun-around-lake-zurich\/\"><strong>zurich lake cruise ideas<\/strong><\/a><\/p><p><a href=\"https:\/\/cotedazurich.ch\/en\/restaurants-in-zurich\/\"><strong>restaurants<\/strong><\/a><\/p><p><a href=\"https:\/\/cotedazurich.ch\/en\/hotels-in-zurich\/\"><strong>hotels<\/strong><\/a><\/p><p><a href=\"http:\/\/cotedazurich.ch\/en\/wines-and-spirits\/\"><strong>wines &amp; spirits<\/strong><\/a><\/p><p><a href=\"http:\/\/cotedazurich.ch\/en\/zunfthaeuser\/\"><strong>guild houses<\/strong><\/a><\/p><p><a href=\"http:\/\/cotedazurich.ch\/en\/blumen\/\"><strong>flowers<\/strong><\/a><\/p><p><a href=\"http:\/\/cotedazurich.ch\/en\/health-and-well-being\/\"><strong>health &amp; well-being<\/strong><\/a><\/p><p><a href=\"http:\/\/cotedazurich.ch\/en\/art-and-design\/\"><strong>art &amp; design<\/strong><\/a><\/p><p><a href=\"http:\/\/cotedazurich.ch\/en\/mobility\/\"><strong>mobility<\/strong><\/a><\/p>\t\t\t\t\t\t\t\t<\/div>\n\t\t\t\t<\/div>\n\t\t\t\t\t<\/div>\n\t\t<\/div>\n\t\t\t\t\t<\/div>\n\t\t<\/section>\n\t\t\t\t<section class=\"elementor-section elementor-top-section elementor-element elementor-element-be8ab5f elementor-section-boxed elementor-section-height-default elementor-section-height-default\" data-id=\"be8ab5f\" data-element_type=\"section\">\n\t\t\t\t\t\t<div class=\"elementor-container elementor-column-gap-default\">\n\t\t\t\t\t<div class=\"elementor-column elementor-col-100 elementor-top-column elementor-element elementor-element-5744d9e\" data-id=\"5744d9e\" data-element_type=\"column\">\n\t\t\t<div class=\"elementor-widget-wrap elementor-element-populated\">\n\t\t\t\t\t\t<div class=\"elementor-element elementor-element-db17d26 elementor-widget elementor-widget-text-editor\" data-id=\"db17d26\" data-element_type=\"widget\" data-widget_type=\"text-editor.default\">\n\t\t\t\t<div class=\"elementor-widget-container\">\n\t\t\t\t\t\t\t\t\t<p>and best of all: <b>it's free<\/b>. making a contribution to our beautiful zurich, C\u00f4te d'Azurich wants to create a unique directory that unites recommendable addresses and special people like you.\u00a0<\/p>\t\t\t\t\t\t\t\t<\/div>\n\t\t\t\t<\/div>\n\t\t\t\t<div class=\"elementor-element elementor-element-91938c2 elementor-widget elementor-widget-spacer\" data-id=\"91938c2\" data-element_type=\"widget\" data-widget_type=\"spacer.default\">\n\t\t\t\t<div class=\"elementor-widget-container\">\n\t\t\t\t\t\t\t<div class=\"elementor-spacer\">\n\t\t\t<div class=\"elementor-spacer-inner\"><\/div>\n\t\t<\/div>\n\t\t\t\t\t\t<\/div>\n\t\t\t\t<\/div>\n\t\t\t\t<div class=\"elementor-element elementor-element-bdd601f elementor-widget elementor-widget-image\" data-id=\"bdd601f\" data-element_type=\"widget\" data-widget_type=\"image.default\">\n\t\t\t\t<div class=\"elementor-widget-container\">\n\t\t\t\t\t\t\t\t\t\t\t\t\t\t\t<img decoding=\"async\" width=\"2000\" height=\"1238\" src=\"https:\/\/cotedazurich.ch\/wp-content\/uploads\/2023\/01\/collage.png\" class=\"attachment-full size-full wp-image-8028\" alt=\"united clients of C\u00f4te d&#039;Azurich\" srcset=\"https:\/\/cotedazurich.ch\/wp-content\/uploads\/2023\/01\/collage.png 2000w, https:\/\/cotedazurich.ch\/wp-content\/uploads\/2023\/01\/collage-600x371.png 600w, https:\/\/cotedazurich.ch\/wp-content\/uploads\/2023\/01\/collage-300x186.png 300w, https:\/\/cotedazurich.ch\/wp-content\/uploads\/2023\/01\/collage-1024x634.png 1024w, https:\/\/cotedazurich.ch\/wp-content\/uploads\/2023\/01\/collage-768x475.png 768w, https:\/\/cotedazurich.ch\/wp-content\/uploads\/2023\/01\/collage-1536x951.png 1536w, https:\/\/cotedazurich.ch\/wp-content\/uploads\/2023\/01\/collage-18x12.png 18w, https:\/\/cotedazurich.ch\/wp-content\/uploads\/2023\/01\/collage-1920x1188.png 1920w, https:\/\/cotedazurich.ch\/wp-content\/uploads\/2023\/01\/collage-1280x792.png 1280w\" sizes=\"(max-width: 2000px) 100vw, 2000px\" \/>\t\t\t\t\t\t\t\t\t\t\t\t\t\t\t<\/div>\n\t\t\t\t<\/div>\n\t\t\t\t<div class=\"elementor-element elementor-element-d263c03 elementor-widget elementor-widget-spacer\" data-id=\"d263c03\" data-element_type=\"widget\" data-widget_type=\"spacer.default\">\n\t\t\t\t<div class=\"elementor-widget-container\">\n\t\t\t\t\t\t\t<div class=\"elementor-spacer\">\n\t\t\t<div class=\"elementor-spacer-inner\"><\/div>\n\t\t<\/div>\n\t\t\t\t\t\t<\/div>\n\t\t\t\t<\/div>\n\t\t\t\t\t<\/div>\n\t\t<\/div>\n\t\t\t\t\t<\/div>\n\t\t<\/section>\n\t\t\t\t<section class=\"elementor-section elementor-top-section elementor-element elementor-element-2f068cd elementor-section-boxed elementor-section-height-default elementor-section-height-default\" data-id=\"2f068cd\" data-element_type=\"section\">\n\t\t\t\t\t\t<div class=\"elementor-container elementor-column-gap-default\">\n\t\t\t\t\t<div class=\"elementor-column elementor-col-100 elementor-top-column elementor-element elementor-element-53f98ba\" data-id=\"53f98ba\" data-element_type=\"column\">\n\t\t\t<div class=\"elementor-widget-wrap elementor-element-populated\">\n\t\t\t\t\t\t<div class=\"elementor-element elementor-element-5271385 elementor-widget elementor-widget-text-editor\" data-id=\"5271385\" data-element_type=\"widget\" data-widget_type=\"text-editor.default\">\n\t\t\t\t<div class=\"elementor-widget-container\">\n\t\t\t\t\t\t\t\t\t<p>fill in the form completely with your details - up to 100 words of text, logo and up to 10 good quality photos in size 1:1 - and send it off with a click on \u00absubmit\u00bb!<\/p>\t\t\t\t\t\t\t\t<\/div>\n\t\t\t\t<\/div>\n\t\t\t\t\t<\/div>\n\t\t<\/div>\n\t\t\t\t\t<\/div>\n\t\t<\/section>\n\t\t\t\t<section class=\"elementor-section elementor-top-section elementor-element elementor-element-f44444e elementor-hidden-desktop elementor-hidden-tablet elementor-hidden-mobile elementor-section-boxed elementor-section-height-default elementor-section-height-default\" data-id=\"f44444e\" data-element_type=\"section\">\n\t\t\t\t\t\t<div class=\"elementor-container elementor-column-gap-default\">\n\t\t\t\t\t<div class=\"elementor-column elementor-col-100 elementor-top-column elementor-element elementor-element-bfbb39b\" data-id=\"bfbb39b\" data-element_type=\"column\">\n\t\t\t<div class=\"elementor-widget-wrap elementor-element-populated\">\n\t\t\t\t\t\t<div class=\"elementor-element elementor-element-3c0d1ce elementor-widget elementor-widget-shortcode\" data-id=\"3c0d1ce\" data-element_type=\"widget\" data-widget_type=\"shortcode.default\">\n\t\t\t\t<div class=\"elementor-widget-container\">\n\t\t\t\t\t\t\t<div class=\"elementor-shortcode\">\n<div class=\"wpcf7 no-js\" id=\"wpcf7-f4026-o1\" lang=\"en-GB\" dir=\"ltr\" data-wpcf7-id=\"4026\">\n<div class=\"screen-reader-response\"><p role=\"status\" aria-live=\"polite\" aria-atomic=\"true\"><\/p> <ul><\/ul><\/div>\n<form action=\"\/en\/wp-json\/wp\/v2\/pages\/4018#wpcf7-f4026-o1\" method=\"post\" class=\"wpcf7-form init\" aria-label=\"Contact form\" novalidate=\"novalidate\" data-status=\"init\" data-trp-original-action=\"\/en\/wp-json\/wp\/v2\/pages\/4018#wpcf7-f4026-o1\">\n<div style=\"display: none;\">\n<input type=\"hidden\" name=\"_wpcf7\" value=\"4026\" \/>\n<input type=\"hidden\" name=\"_wpcf7_version\" value=\"6.0.1\" \/>\n<input type=\"hidden\" name=\"_wpcf7_locale\" value=\"en_GB\" \/>\n<input type=\"hidden\" name=\"_wpcf7_unit_tag\" value=\"wpcf7-f4026-o1\" \/>\n<input type=\"hidden\" name=\"_wpcf7_container_post\" value=\"0\" \/>\n<input type=\"hidden\" name=\"_wpcf7_posted_data_hash\" value=\"\" \/>\n<input type=\"hidden\" name=\"_wpcf7_recaptcha_response\" value=\"\" \/>\n<\/div>\n<div class=\"form-container\">\n\t<div class=\"row\">\n\t\t<div class=\"col-12\">\n\t\t\t<p><label><span class=\"label-desc\">company name<\/span><br \/>\n<span class=\"wpcf7-form-control-wrap\" data-name=\"text-965\"><input size=\"40\" maxlength=\"400\" class=\"wpcf7-form-control wpcf7-text wpcf7-validates-as-required\" aria-required=\"true\" aria-invalid=\"false\" placeholder=\"your company name\" value=\"\" type=\"text\" name=\"text-965\" \/><\/span><\/label>\n\t\t\t<\/p>\n\t\t<\/div>\n\t\t<div class=\"col-12\">\n\t\t\t<p><label><span class=\"label-desc\">headline and portrait<\/span><br \/>\n<span class=\"wpcf7-form-control-wrap\" data-name=\"textarea-469\"><textarea cols=\"40\" rows=\"10\" maxlength=\"2000\" class=\"wpcf7-form-control wpcf7-textarea wpcf7-validates-as-required\" id=\"wordcount\" aria-required=\"true\" aria-invalid=\"false\" placeholder=\"headline and up to 100 words\" name=\"textarea-469\"><\/textarea><\/span><\/label><br \/>\ntotal word count : <span id=\"display\">0<\/span> words.\n\t\t\t<\/p>\n\t\t<\/div>\n\t\t<div class=\"col-4\">\n\t\t\t<p><label> <span class=\"label-desc\">business address<\/span><br \/>\n<span class=\"wpcf7-form-control-wrap\" data-name=\"text-966\"><input size=\"40\" maxlength=\"400\" class=\"wpcf7-form-control wpcf7-text\" aria-invalid=\"false\" placeholder=\"your address\" value=\"\" type=\"text\" name=\"text-966\" \/><\/span><\/label>\n\t\t\t<\/p>\n\t\t<\/div>\n\t\t<div class=\"col-4\">\n\t\t\t<p><label> <span class=\"label-desc\"> website <\/span><br \/>\n<span class=\"wpcf7-form-control-wrap\" data-name=\"text-967\"><input size=\"40\" maxlength=\"400\" class=\"wpcf7-form-control wpcf7-text\" aria-invalid=\"false\" placeholder=\"your webaddress\" value=\"\" type=\"text\" name=\"text-967\" \/><\/span><\/label>\n\t\t\t<\/p>\n\t\t<\/div>\n\t\t<div class=\"col-4\">\n\t\t\t<p><label> <span class=\"label-desc\">phone<\/span><br \/>\n<span class=\"wpcf7-form-control-wrap\" data-name=\"tel-653\"><input size=\"40\" maxlength=\"400\" class=\"wpcf7-form-control wpcf7-tel wpcf7-text wpcf7-validates-as-tel\" aria-invalid=\"false\" placeholder=\"your business phone number\" value=\"\" type=\"tel\" name=\"tel-653\" \/><\/span><\/label>\n\t\t\t<\/p>\n\t\t<\/div>\n\t\t<div class=\"col-4\">\n\t\t\t<p><label> <span class=\"label-desc\">e-mail<\/span><br \/>\n<span class=\"wpcf7-form-control-wrap\" data-name=\"email-167\"><input size=\"40\" maxlength=\"400\" class=\"wpcf7-form-control wpcf7-email wpcf7-validates-as-required wpcf7-text wpcf7-validates-as-email\" aria-required=\"true\" aria-invalid=\"false\" placeholder=\"your e-mail address\" value=\"\" type=\"email\" name=\"email-167\" \/><\/span><\/label>\n\t\t\t<\/p>\n\t\t<\/div>\n\t\t<div class=\"col-4\">\n\t\t\t<p><label> <span class=\"label-desc\">opening hour<\/span><br \/>\n<span class=\"wpcf7-form-control-wrap\" data-name=\"text-968\"><input size=\"40\" maxlength=\"400\" class=\"wpcf7-form-control wpcf7-text\" aria-invalid=\"false\" placeholder=\"your opening hours\" value=\"\" type=\"text\" name=\"text-968\" \/><\/span><\/label>\n\t\t\t<\/p>\n\t\t<\/div>\n\t\t<div class=\"col-4\">\n\t\t\t<p><label> <span class=\"label-desc\">maps<\/span><br \/>\n<span class=\"wpcf7-form-control-wrap\" data-name=\"url-793\"><input size=\"40\" maxlength=\"400\" class=\"wpcf7-form-control wpcf7-url wpcf7-text wpcf7-validates-as-url\" aria-invalid=\"false\" placeholder=\"your maps url\" value=\"\" type=\"url\" name=\"url-793\" \/><\/span><\/label>\n\t\t\t<\/p>\n\t\t<\/div>\n\t\t<div class=\"col-4\">\n\t\t\t<p><label> <span class=\"label-desc\">instagram<\/span><br \/>\n<span class=\"wpcf7-form-control-wrap\" data-name=\"url-791\"><input size=\"40\" maxlength=\"400\" class=\"wpcf7-form-control wpcf7-url wpcf7-text wpcf7-validates-as-url\" aria-invalid=\"false\" placeholder=\"your instagram address\" value=\"\" type=\"url\" name=\"url-791\" \/><\/span><\/label>\n\t\t\t<\/p>\n\t\t<\/div>\n\t\t<div class=\"col-4\">\n\t\t\t<p><label> <span class=\"label-desc\">facebook <\/span><br \/>\n<span class=\"wpcf7-form-control-wrap\" data-name=\"url-792\"><input size=\"40\" maxlength=\"400\" class=\"wpcf7-form-control wpcf7-url wpcf7-text wpcf7-validates-as-url\" aria-invalid=\"false\" placeholder=\"your facebook address\" value=\"\" type=\"url\" name=\"url-792\" \/><\/span><\/label>\n\t\t\t<\/p>\n\t\t<\/div>\n\t\t<div class=\"col-12 upload-description-area\">\n\t\t\t<p>send you logo and up to 10 photos in good quality, and if possible size 1:1\n\t\t\t<\/p>\n\t\t<\/div>\n\t\t<div class=\"col-5 we-transfer-link\">\n\t\t\t<p>upload via WeTransfer and send to info@cotedazurich.ch\n\t\t\t<\/p>\n\t\t\t<p><a target=\"_blank\" href=\"https:\/\/wetransfer.com\/\" rel=\"noopener\">WeTransfer<\/a>\n\t\t\t<\/p>\n\t\t<\/div>\n\t\t<div class=\"col-2 custom-oder\">\n\t\t\t<p>or\n\t\t\t<\/p>\n\t\t<\/div>\n\t\t<div class=\"col-5\">\n\t\t\t<p><label> <span class=\"label-desc\">paste WeTransfer link<\/span><br \/>\n<span class=\"wpcf7-form-control-wrap\" data-name=\"text-transfer\"><input size=\"40\" maxlength=\"400\" class=\"wpcf7-form-control wpcf7-text\" aria-invalid=\"false\" placeholder=\"WeTransfer link\" value=\"\" type=\"text\" name=\"text-transfer\" \/><\/span><br \/>\n<\/label>\n\t\t\t<\/p>\n\t\t<\/div>\n\t\t<div class=\"col-12 button-area\">\n\t\t<div class=\"wpcf7-response-output\" aria-hidden=\"true\"><\/div>\n\t\t\t<div class=\"submit-area\">\n\t\t\t\t<p><input class=\"wpcf7-form-control wpcf7-submit has-spinner\" type=\"submit\" value=\"submit\" \/>\n\t\t\t\t<\/p>\n\t\t\t<\/div>\n\t\t<\/div>\n\t<\/div>\n<\/div>\n<input type=\"hidden\" name=\"trp-form-language\" value=\"en\"\/><\/form>\n<\/div>\n<\/div>\n\t\t\t\t\t\t<\/div>\n\t\t\t\t<\/div>\n\t\t\t\t\t<\/div>\n\t\t<\/div>\n\t\t\t\t\t<\/div>\n\t\t<\/section>\n\t\t\t\t<section class=\"elementor-section elementor-top-section elementor-element elementor-element-2cfc840 elementor-section-boxed elementor-section-height-default elementor-section-height-default\" data-id=\"2cfc840\" data-element_type=\"section\" data-no-translation=\"\">\n\t\t\t\t\t\t<div class=\"elementor-container elementor-column-gap-default\">\n\t\t\t\t\t<div class=\"elementor-column elementor-col-100 elementor-top-column elementor-element elementor-element-6045200\" data-id=\"6045200\" data-element_type=\"column\">\n\t\t\t<div class=\"elementor-widget-wrap elementor-element-populated\">\n\t\t\t\t\t\t<div class=\"elementor-element elementor-element-2993f6c elementor-widget elementor-widget-html\" data-id=\"2993f6c\" data-element_type=\"widget\" data-widget_type=\"html.default\">\n\t\t\t\t<div class=\"elementor-widget-container\">\n\t\t\t\t\t<iframe\r\n      id=\"JotFormIFrame-233111655300340\"\r\n      title=\"Cote En\"\r\n      onload=\"window.parent.scrollTo(0,0)\"\r\n      allowtransparency=\"true\"\r\n      allowfullscreen=\"true\"\r\n      allow=\"geolocation; microphone; camera\"\r\n      src=\"https:\/\/form.jotform.com\/233111655300340\"\r\n      frameborder=\"0\"\r\n      style=\"min-width:100%;max-width:100%;height:539px;border:none;\"\r\n      scrolling=\"no\"\r\n    >\r\n    <\/iframe>\r\n    <script type=\"text\/javascript\">\r\n    var ifr = document.getElementById(\"JotFormIFrame-233111655300340\");\r\n    if (ifr) {\r\n      var src = ifr.src;\r\n      var iframeParams = [];\r\n      if (window.location.href && window.location.href.indexOf(\"?\") > -1) {\r\n        iframeParams = iframeParams.concat(window.location.href.substr(window.location.href.indexOf(\"?\") + 1).split('&'));\r\n      }\r\n      if (src && src.indexOf(\"?\") > -1) {\r\n        iframeParams = iframeParams.concat(src.substr(src.indexOf(\"?\") + 1).split(\"&\"));\r\n        src = src.substr(0, src.indexOf(\"?\"))\r\n      }\r\n      iframeParams.push(\"isIframeEmbed=1\");\r\n      ifr.src = src + \"?\" + iframeParams.join('&');\r\n    }\r\n    window.handleIFrameMessage = function(e) {\r\n      if (typeof e.data === 'object') { return; }\r\n      var args = e.data.split(\":\");\r\n      if (args.length > 2) { iframe = document.getElementById(\"JotFormIFrame-\" + args[(args.length - 1)]); } else { iframe = document.getElementById(\"JotFormIFrame\"); }\r\n      if (!iframe) { return; }\r\n      switch (args[0]) {\r\n        case \"scrollIntoView\":\r\n          iframe.scrollIntoView();\r\n          break;\r\n        case \"setHeight\":\r\n          iframe.style.height = args[1] + \"px\";\r\n          if (!isNaN(args[1]) && parseInt(iframe.style.minHeight) > parseInt(args[1])) {\r\n            iframe.style.minHeight = args[1] + \"px\";\r\n          }\r\n          break;\r\n        case \"collapseErrorPage\":\r\n          if (iframe.clientHeight > window.innerHeight) {\r\n            iframe.style.height = window.innerHeight + \"px\";\r\n          }\r\n          break;\r\n        case \"reloadPage\":\r\n          window.location.reload();\r\n          break;\r\n        case \"loadScript\":\r\n          if( !window.isPermitted(e.origin, ['jotform.com', 'jotform.pro']) ) { break; }\r\n          var src = args[1];\r\n          if (args.length > 3) {\r\n              src = args[1] + ':' + args[2];\r\n          }\r\n          var script = document.createElement('script');\r\n          script.src = src;\r\n          script.type = 'text\/javascript';\r\n          document.body.appendChild(script);\r\n          break;\r\n        case \"exitFullscreen\":\r\n          if      (window.document.exitFullscreen)        window.document.exitFullscreen();\r\n          else if (window.document.mozCancelFullScreen)   window.document.mozCancelFullScreen();\r\n          else if (window.document.mozCancelFullscreen)   window.document.mozCancelFullScreen();\r\n          else if (window.document.webkitExitFullscreen)  window.document.webkitExitFullscreen();\r\n          else if (window.document.msExitFullscreen)      window.document.msExitFullscreen();\r\n          break;\r\n      }\r\n      var isJotForm = (e.origin.indexOf(\"jotform\") > -1) ? true : false;\r\n      if(isJotForm && \"contentWindow\" in iframe && \"postMessage\" in iframe.contentWindow) {\r\n        var urls = {\"docurl\":encodeURIComponent(document.URL),\"referrer\":encodeURIComponent(document.referrer)};\r\n        iframe.contentWindow.postMessage(JSON.stringify({\"type\":\"urls\",\"value\":urls}), \"*\");\r\n      }\r\n    };\r\n    window.isPermitted = function(originUrl, whitelisted_domains) {\r\n      var url = document.createElement('a');\r\n      url.href = originUrl;\r\n      var hostname = url.hostname;\r\n      var result = false;\r\n      if( typeof hostname !== 'undefined' ) {\r\n        whitelisted_domains.forEach(function(element) {\r\n            if( hostname.slice((-1 * element.length - 1)) === '.'.concat(element) ||  hostname === element ) {\r\n                result = true;\r\n            }\r\n        });\r\n        return result;\r\n      }\r\n    };\r\n    if (window.addEventListener) {\r\n      window.addEventListener(\"message\", handleIFrameMessage, false);\r\n    } else if (window.attachEvent) {\r\n      window.attachEvent(\"onmessage\", handleIFrameMessage);\r\n    }\r\n    <\/script>\t\t\t\t<\/div>\n\t\t\t\t<\/div>\n\t\t\t\t\t<\/div>\n\t\t<\/div>\n\t\t\t\t\t<\/div>\n\t\t<\/section>\n\t\t\t\t<\/div>","protected":false},"excerpt":{"rendered":"<p>rolf m\u00fcllestein ja, ich will mitmachen! du m\u00f6chtest gerne in den z\u00fcrich tipps von C\u00f4te d\u2019Azurich aufgelistet sein? nichts leichter als das! vorausgesetzt, du bist ein lokales oder z\u00fcrich bezogenes unternehmen und passt in eine der vorgegebenen rubriken: fotografie mode&#8230;<\/p>","protected":false},"author":1,"featured_media":0,"parent":0,"menu_order":0,"comment_status":"closed","ping_status":"closed","template":"page-full-width.php","meta":{"footnotes":""},"class_list":["post-4018","page","type-page","status-publish","hentry"],"_links":{"self":[{"href":"https:\/\/cotedazurich.ch\/en\/wp-json\/wp\/v2\/pages\/4018","targetHints":{"allow":["GET"]}}],"collection":[{"href":"https:\/\/cotedazurich.ch\/en\/wp-json\/wp\/v2\/pages"}],"about":[{"href":"https:\/\/cotedazurich.ch\/en\/wp-json\/wp\/v2\/types\/page"}],"author":[{"embeddable":true,"href":"https:\/\/cotedazurich.ch\/en\/wp-json\/wp\/v2\/users\/1"}],"replies":[{"embeddable":true,"href":"https:\/\/cotedazurich.ch\/en\/wp-json\/wp\/v2\/comments?post=4018"}],"version-history":[{"count":184,"href":"https:\/\/cotedazurich.ch\/en\/wp-json\/wp\/v2\/pages\/4018\/revisions"}],"predecessor-version":[{"id":16179,"href":"https:\/\/cotedazurich.ch\/en\/wp-json\/wp\/v2\/pages\/4018\/revisions\/16179"}],"wp:attachment":[{"href":"https:\/\/cotedazurich.ch\/en\/wp-json\/wp\/v2\/media?parent=4018"}],"curies":[{"name":"wp","href":"https:\/\/api.w.org\/{rel}","templated":true}]}}