{"id":15347,"date":"2024-03-25T08:54:43","date_gmt":"2024-03-25T08:54:43","guid":{"rendered":"http:\/\/cotedazurich.ch\/?page_id=15347"},"modified":"2024-03-26T11:41:33","modified_gmt":"2024-03-26T11:41:33","slug":"david-munoz-photography","status":"publish","type":"page","link":"https:\/\/cotedazurich.ch\/en\/david-munoz-photography\/","title":{"rendered":"david mu\u00f1oz photography"},"content":{"rendered":"<div data-elementor-type=\"wp-page\" data-elementor-id=\"15347\" class=\"elementor elementor-15347\" data-elementor-post-type=\"page\">\n\t\t\t\t\t\t<section class=\"elementor-section elementor-top-section elementor-element elementor-element-2c3a9f7 elementor-section-boxed elementor-section-height-default elementor-section-height-default\" data-id=\"2c3a9f7\" data-element_type=\"section\">\n\t\t\t\t\t\t<div class=\"elementor-container elementor-column-gap-default\">\n\t\t\t\t\t<div class=\"elementor-column elementor-col-100 elementor-top-column elementor-element elementor-element-36cd564\" data-id=\"36cd564\" data-element_type=\"column\">\n\t\t\t<div class=\"elementor-widget-wrap\">\n\t\t\t\t\t\t\t<\/div>\n\t\t<\/div>\n\t\t\t\t\t<\/div>\n\t\t<\/section>\n\t\t\t\t<section class=\"elementor-section elementor-top-section elementor-element elementor-element-c7db1d5 elementor-section-boxed elementor-section-height-default elementor-section-height-default\" data-id=\"c7db1d5\" data-element_type=\"section\">\n\t\t\t\t\t\t<div class=\"elementor-container elementor-column-gap-default\">\n\t\t\t\t\t<div class=\"elementor-column elementor-col-50 elementor-top-column elementor-element elementor-element-13a65f9 first-section\" data-id=\"13a65f9\" data-element_type=\"column\">\n\t\t\t<div class=\"elementor-widget-wrap elementor-element-populated\">\n\t\t\t\t\t\t<div class=\"elementor-element elementor-element-2135d1e elementor-arrows-position-inside elementor-widget elementor-widget-image-carousel\" data-id=\"2135d1e\" data-element_type=\"widget\" data-settings=\"{&quot;slides_to_show&quot;:&quot;1&quot;,&quot;navigation&quot;:&quot;arrows&quot;,&quot;effect&quot;:&quot;fade&quot;,&quot;autoplay&quot;:&quot;yes&quot;,&quot;pause_on_hover&quot;:&quot;yes&quot;,&quot;pause_on_interaction&quot;:&quot;yes&quot;,&quot;autoplay_speed&quot;:5000,&quot;infinite&quot;:&quot;yes&quot;,&quot;speed&quot;:500}\" data-widget_type=\"image-carousel.default\">\n\t\t\t\t<div class=\"elementor-widget-container\">\n\t\t\t\t\t\t\t<div class=\"elementor-image-carousel-wrapper swiper\" role=\"region\" aria-roledescription=\"carousel\" aria-label=\"Image Carousel\" dir=\"ltr\">\n\t\t\t<div class=\"elementor-image-carousel swiper-wrapper\" aria-live=\"off\">\n\t\t\t\t\t\t\t\t<div class=\"swiper-slide\" role=\"group\" aria-roledescription=\"slide\" aria-label=\"1 of 10\"><figure class=\"swiper-slide-inner\"><img decoding=\"async\" class=\"swiper-slide-image\" src=\"https:\/\/cotedazurich.ch\/wp-content\/uploads\/2024\/03\/david-munoz-zurich-limmat.jpg\" alt=\"david munoz z\u00fcrich limmat cotedazurich\" \/><\/figure><\/div><div class=\"swiper-slide\" role=\"group\" aria-roledescription=\"slide\" aria-label=\"2 of 10\"><figure class=\"swiper-slide-inner\"><img decoding=\"async\" class=\"swiper-slide-image\" src=\"https:\/\/cotedazurich.ch\/wp-content\/uploads\/2024\/03\/david-munoz-augustinergasse.jpg\" alt=\"david munoz augustinergasse cotedazurich\" \/><\/figure><\/div><div class=\"swiper-slide\" role=\"group\" aria-roledescription=\"slide\" aria-label=\"3 of 10\"><figure class=\"swiper-slide-inner\"><img decoding=\"async\" class=\"swiper-slide-image\" src=\"https:\/\/cotedazurich.ch\/wp-content\/uploads\/2024\/03\/david-munoz-bahnhofstrasse-zurich.jpg\" alt=\"david munoz bahnhofstrasse z\u00fcrich cotedazurich\" \/><\/figure><\/div><div class=\"swiper-slide\" role=\"group\" aria-roledescription=\"slide\" aria-label=\"4 of 10\"><figure class=\"swiper-slide-inner\"><img decoding=\"async\" class=\"swiper-slide-image\" src=\"https:\/\/cotedazurich.ch\/wp-content\/uploads\/2024\/03\/david-munoz-bahnhofplatz-zurich.jpg\" alt=\"david munoz bahnhofplatz z\u00fcrich cotedazurich\" \/><\/figure><\/div><div class=\"swiper-slide\" role=\"group\" aria-roledescription=\"slide\" aria-label=\"5 of 10\"><figure class=\"swiper-slide-inner\"><img decoding=\"async\" class=\"swiper-slide-image\" src=\"https:\/\/cotedazurich.ch\/wp-content\/uploads\/2024\/03\/david-munoz-im-viadukt-zurich.jpg\" alt=\"david munoz im viadukt markthalle z\u00fcrich cotedazurich\" \/><\/figure><\/div><div class=\"swiper-slide\" role=\"group\" aria-roledescription=\"slide\" aria-label=\"6 of 10\"><figure class=\"swiper-slide-inner\"><img decoding=\"async\" class=\"swiper-slide-image\" src=\"https:\/\/cotedazurich.ch\/wp-content\/uploads\/2024\/03\/david-munoz-josefwiese-zurich.jpg\" alt=\"david munoz josefwiese z\u00fcrich cotedazurich\" \/><\/figure><\/div><div class=\"swiper-slide\" role=\"group\" aria-roledescription=\"slide\" aria-label=\"7 of 10\"><figure class=\"swiper-slide-inner\"><img decoding=\"async\" class=\"swiper-slide-image\" src=\"https:\/\/cotedazurich.ch\/wp-content\/uploads\/2024\/03\/david-munoz-letzigrund-zurich.jpg\" alt=\"david munoz letzigrund z\u00fcrich cotedazurich\" \/><\/figure><\/div><div class=\"swiper-slide\" role=\"group\" aria-roledescription=\"slide\" aria-label=\"8 of 10\"><figure class=\"swiper-slide-inner\"><img decoding=\"async\" class=\"swiper-slide-image\" src=\"https:\/\/cotedazurich.ch\/wp-content\/uploads\/2024\/03\/david-munoz-hive-club.jpg\" alt=\"david munoz hive club cotedazurich\" \/><\/figure><\/div><div class=\"swiper-slide\" role=\"group\" aria-roledescription=\"slide\" aria-label=\"9 of 10\"><figure class=\"swiper-slide-inner\"><img decoding=\"async\" class=\"swiper-slide-image\" src=\"https:\/\/cotedazurich.ch\/wp-content\/uploads\/2024\/03\/david-munoz-streetparade.jpg\" alt=\"david munoz streetparade z\u00fcrich cotedazurich\" \/><\/figure><\/div><div class=\"swiper-slide\" role=\"group\" aria-roledescription=\"slide\" aria-label=\"10 of 10\"><figure class=\"swiper-slide-inner\"><img decoding=\"async\" class=\"swiper-slide-image\" src=\"https:\/\/cotedazurich.ch\/wp-content\/uploads\/2024\/03\/david-munoz-fotograf-zurich.jpg\" alt=\"david munoz fotograf z\u00fcrich cotedazurich\" \/><\/figure><\/div>\t\t\t<\/div>\n\t\t\t\t\t\t\t\t\t\t\t\t<div class=\"elementor-swiper-button elementor-swiper-button-prev\" role=\"button\" tabindex=\"0\">\n\t\t\t\t\t\t<i aria-hidden=\"true\" class=\"eicon-chevron-left\"><\/i>\t\t\t\t\t<\/div>\n\t\t\t\t\t<div class=\"elementor-swiper-button elementor-swiper-button-next\" role=\"button\" tabindex=\"0\">\n\t\t\t\t\t\t<i aria-hidden=\"true\" class=\"eicon-chevron-right\"><\/i>\t\t\t\t\t<\/div>\n\t\t\t\t\n\t\t\t\t\t\t\t\t\t<\/div>\n\t\t\t\t\t\t<\/div>\n\t\t\t\t<\/div>\n\t\t\t\t\t<\/div>\n\t\t<\/div>\n\t\t\t\t<div class=\"elementor-column elementor-col-50 elementor-top-column elementor-element elementor-element-3d17d81\" data-id=\"3d17d81\" data-element_type=\"column\">\n\t\t\t<div class=\"elementor-widget-wrap elementor-element-populated\">\n\t\t\t\t\t\t<section class=\"elementor-section elementor-inner-section elementor-element elementor-element-0c4f302 elementor-section-boxed elementor-section-height-default elementor-section-height-default\" data-id=\"0c4f302\" data-element_type=\"section\">\n\t\t\t\t\t\t<div class=\"elementor-container elementor-column-gap-default\">\n\t\t\t\t\t<div class=\"elementor-column elementor-col-50 elementor-inner-column elementor-element elementor-element-1d4c4a5\" data-id=\"1d4c4a5\" data-element_type=\"column\">\n\t\t\t<div class=\"elementor-widget-wrap elementor-element-populated\">\n\t\t\t\t\t\t<div class=\"elementor-element elementor-element-8969093 elementor-widget elementor-widget-heading\" data-id=\"8969093\" data-element_type=\"widget\" data-widget_type=\"heading.default\">\n\t\t\t\t<div class=\"elementor-widget-container\">\n\t\t\t\t\t<h3 class=\"elementor-heading-title elementor-size-default\"><b>David Mu\u00f1oz Photography<\/b><\/h3>\t\t\t\t<\/div>\n\t\t\t\t<\/div>\n\t\t\t\t\t<\/div>\n\t\t<\/div>\n\t\t\t\t<div class=\"elementor-column elementor-col-50 elementor-inner-column elementor-element elementor-element-2c7abf7\" data-id=\"2c7abf7\" data-element_type=\"column\">\n\t\t\t<div class=\"elementor-widget-wrap elementor-element-populated\">\n\t\t\t\t\t\t<div class=\"elementor-element elementor-element-9099ce6 elementor-widget__width-initial elementor-widget elementor-widget-image\" data-id=\"9099ce6\" data-element_type=\"widget\" data-widget_type=\"image.default\">\n\t\t\t\t<div class=\"elementor-widget-container\">\n\t\t\t\t\t\t\t\t\t\t\t\t\t\t\t<img fetchpriority=\"high\" decoding=\"async\" width=\"640\" height=\"640\" src=\"https:\/\/cotedazurich.ch\/wp-content\/uploads\/2024\/03\/david-munoz-logo.png\" class=\"attachment-large size-large wp-image-15346\" alt=\"david munoz photography logo\" srcset=\"https:\/\/cotedazurich.ch\/wp-content\/uploads\/2024\/03\/david-munoz-logo.png 786w, https:\/\/cotedazurich.ch\/wp-content\/uploads\/2024\/03\/david-munoz-logo-300x300.png 300w, https:\/\/cotedazurich.ch\/wp-content\/uploads\/2024\/03\/david-munoz-logo-150x150.png 150w, https:\/\/cotedazurich.ch\/wp-content\/uploads\/2024\/03\/david-munoz-logo-768x768.png 768w, https:\/\/cotedazurich.ch\/wp-content\/uploads\/2024\/03\/david-munoz-logo-12x12.png 12w, https:\/\/cotedazurich.ch\/wp-content\/uploads\/2024\/03\/david-munoz-logo-600x600.png 600w, https:\/\/cotedazurich.ch\/wp-content\/uploads\/2024\/03\/david-munoz-logo-100x100.png 100w\" sizes=\"(max-width: 640px) 100vw, 640px\" \/>\t\t\t\t\t\t\t\t\t\t\t\t\t\t\t<\/div>\n\t\t\t\t<\/div>\n\t\t\t\t\t<\/div>\n\t\t<\/div>\n\t\t\t\t\t<\/div>\n\t\t<\/section>\n\t\t\t\t<section class=\"elementor-section elementor-inner-section elementor-element elementor-element-7e85198 elementor-section-boxed elementor-section-height-default elementor-section-height-default\" data-id=\"7e85198\" data-element_type=\"section\">\n\t\t\t\t\t\t<div class=\"elementor-container elementor-column-gap-default\">\n\t\t\t\t\t<div class=\"elementor-column elementor-col-100 elementor-inner-column elementor-element elementor-element-fdc6202\" data-id=\"fdc6202\" data-element_type=\"column\">\n\t\t\t<div class=\"elementor-widget-wrap elementor-element-populated\">\n\t\t\t\t\t\t<div class=\"elementor-element elementor-element-20d8454 elementor-widget elementor-widget-text-editor\" data-id=\"20d8454\" data-element_type=\"widget\" data-widget_type=\"text-editor.default\">\n\t\t\t\t<div class=\"elementor-widget-container\">\n\t\t\t\t\t\t\t\t\t<p>I love telling visual stories with pictures. My name is David Mu\u00f1oz, the person behind the camera, and I have been interested in photography for three years. I got into it by chance during the Corona period. But I'm happy to have discovered this hobby for myself and to be able to share my perspective with you. I'm sure you'll like my imagery and you'll be inspired by my pictures shown here. My main themes include street, people and travel photography. Discover my work on Instagram and let yourself be enchanted by the magic of the Moment.<\/p>\t\t\t\t\t\t\t\t<\/div>\n\t\t\t\t<\/div>\n\t\t\t\t\t<\/div>\n\t\t<\/div>\n\t\t\t\t\t<\/div>\n\t\t<\/section>\n\t\t\t\t<section class=\"elementor-section elementor-inner-section elementor-element elementor-element-5d29470 elementor-section-boxed elementor-section-height-default elementor-section-height-default\" data-id=\"5d29470\" data-element_type=\"section\">\n\t\t\t\t\t\t<div class=\"elementor-container elementor-column-gap-default\">\n\t\t\t\t\t<div class=\"elementor-column elementor-col-33 elementor-inner-column elementor-element elementor-element-86830ff\" data-id=\"86830ff\" data-element_type=\"column\">\n\t\t\t<div class=\"elementor-widget-wrap elementor-element-populated\">\n\t\t\t\t\t\t<div class=\"elementor-element elementor-element-3e14fbc elementor-icon-list--layout-inline elementor-widget__width-initial elementor-list-item-link-full_width elementor-widget elementor-widget-icon-list\" data-id=\"3e14fbc\" data-element_type=\"widget\" data-widget_type=\"icon-list.default\">\n\t\t\t\t<div class=\"elementor-widget-container\">\n\t\t\t\t\t\t\t<ul class=\"elementor-icon-list-items elementor-inline-items\">\n\t\t\t\t\t\t\t<li class=\"elementor-icon-list-item elementor-inline-item\">\n\t\t\t\t\t\t\t\t\t\t\t<a href=\"mailto:dmunoz.photography@gmail.com\" target=\"_blank\">\n\n\t\t\t\t\t\t\t\t\t\t\t\t<span class=\"elementor-icon-list-icon\">\n\t\t\t\t\t\t\t<svg xmlns=\"http:\/\/www.w3.org\/2000\/svg\" xmlns:xlink=\"http:\/\/www.w3.org\/1999\/xlink\" id=\"Layer_1\" x=\"0px\" y=\"0px\" viewbox=\"0 0 512 512\" style=\"enable-background:new 0 0 512 512;\" xml:space=\"preserve\"><style type=\"text\/css\">\t.st0{fill:#0F05A0;}<\/style><g transform=\"translate(0.000000,512.000000) scale(0.100000,-0.100000)\">\t<path class=\"st0\" d=\"M213,4260c-81-16-144-65-186-144l-22-41V2560V1045l22-41c30-56,79-103,133-128l45-21h2355h2355l45,21   c54,25,103,72,133,128l22,41v1515v1515l-22,41c-30,56-79,103-133,128l-45,21l-2330,1C1303,4267,236,4264,213,4260z M4740,4056   c-8-7-474-357-1035-778c-704-527-1033-767-1061-776c-53-15-115-15-168,0c-28,9-357,249-1061,776c-561,421-1027,771-1035,778   c-12,12,314,14,2180,14S4752,4068,4740,4056z M1265,3146c572-429,1065-792,1095-807c116-59,275-60,394-4c29,14,527,381,1107,815   l1054,791l3-685c1-377,1-994,0-1370l-3-685l-555,685c-305,377-562,690-571,695c-68,36-156-29-142-105c4-18,214-286,569-725l564-696   l-1110-3c-611-1-1609-1-2220,0l-1110,3l564,696c355,439,565,707,569,725c14,74-65,136-138,108c-8-4-264-313-567-688   c-303-374-555-685-559-690c-5-6-9,584-9,1363c0,1095,3,1371,13,1365C219,3929,693,3575,1265,3146z\"><\/path><\/g><g transform=\"translate(0.000000,512.000000) scale(0.100000,-0.100000)\">\t<path class=\"st0\" d=\"M213,4260c-81-16-144-65-186-144l-22-41V2560V1045l22-41c30-56,79-103,133-128l45-21h2355h2355l45,21   c54,25,103,72,133,128l22,41v1515v1515l-22,41c-30,56-79,103-133,128l-45,21l-2330,1C1303,4267,236,4264,213,4260z M4740,4056   c-8-7-474-357-1035-778c-704-527-1033-767-1061-776c-53-15-115-15-168,0c-28,9-357,249-1061,776c-561,421-1027,771-1035,778   c-12,12,314,14,2180,14S4752,4068,4740,4056z M1265,3146c572-429,1065-792,1095-807c116-59,275-60,394-4c29,14,527,381,1107,815   l1054,791l3-685c1-377,1-994,0-1370l-3-685l-555,685c-305,377-562,690-571,695c-68,36-156-29-142-105c4-18,214-286,569-725l564-696   l-1110-3c-611-1-1609-1-2220,0l-1110,3l564,696c355,439,565,707,569,725c14,74-65,136-138,108c-8-4-264-313-567-688   c-303-374-555-685-559-690c-5-6-9,584-9,1363c0,1095,3,1371,13,1365C219,3929,693,3575,1265,3146z\"><\/path><\/g><\/svg>\t\t\t\t\t\t<\/span>\n\t\t\t\t\t\t\t\t\t\t<span class=\"elementor-icon-list-text\">email<\/span>\n\t\t\t\t\t\t\t\t\t\t\t<\/a>\n\t\t\t\t\t\t\t\t\t<\/li>\n\t\t\t\t\t\t<\/ul>\n\t\t\t\t\t\t<\/div>\n\t\t\t\t<\/div>\n\t\t\t\t\t<\/div>\n\t\t<\/div>\n\t\t\t\t<div class=\"elementor-column elementor-col-33 elementor-inner-column elementor-element elementor-element-ca49c4e\" data-id=\"ca49c4e\" data-element_type=\"column\">\n\t\t\t<div class=\"elementor-widget-wrap elementor-element-populated\">\n\t\t\t\t\t\t<div class=\"elementor-element elementor-element-57d7434 elementor-icon-list--layout-inline elementor-list-item-link-full_width elementor-widget elementor-widget-icon-list\" data-id=\"57d7434\" data-element_type=\"widget\" data-widget_type=\"icon-list.default\">\n\t\t\t\t<div class=\"elementor-widget-container\">\n\t\t\t\t\t\t\t<ul class=\"elementor-icon-list-items elementor-inline-items\">\n\t\t\t\t\t\t\t<li class=\"elementor-icon-list-item elementor-inline-item\">\n\t\t\t\t\t\t\t\t\t\t\t<a href=\"tel: 41 79 678 53 00\" target=\"_blank\">\n\n\t\t\t\t\t\t\t\t\t\t\t\t<span class=\"elementor-icon-list-icon\">\n\t\t\t\t\t\t\t<svg xmlns=\"http:\/\/www.w3.org\/2000\/svg\" xmlns:xlink=\"http:\/\/www.w3.org\/1999\/xlink\" id=\"Layer_1\" x=\"0px\" y=\"0px\" viewbox=\"0 0 512 512\" style=\"enable-background:new 0 0 512 512;\" xml:space=\"preserve\"><style type=\"text\/css\">\t.st0{fill:#0F05A0;}<\/style><g transform=\"translate(0.000000,512.000000) scale(0.100000,-0.100000)\">\t<path class=\"st0\" d=\"M1335,5106c-98-31-169-97-204-190l-21-57V2560V261l21-58c28-72,94-144,162-174l52-24h1215h1215l52,24   c68,30,134,102,162,174l21,58v2299v2299l-21,58c-28,72-94,144-162,174l-52,24l-1200,2C1627,5118,1367,5116,1335,5106z M3760,4932   c19-9,45-32,57-51c21-31,23-46,23-152v-119H2560H1280v119c0,106,2,121,23,152c49,74-43,69,1257,69C3649,4950,3727,4949,3760,4932z    M3840,2730V1020H2560H1280v1710v1710h1280h1280V2730z M3840,561c0-283,0-289-23-322c-49-74,43-69-1257-69s-1208-5-1257,69   c-23,33-23,39-23,322v289h1280h1280V561z\"><\/path>\t<path class=\"st0\" d=\"M2075,4835c-32-31-32-75-1-112l24-28h462h462l24,28c31,37,31,81-1,112l-24,25h-461h-461L2075,4835z\"><\/path>\t<path class=\"st0\" d=\"M3443,4838c-30-34-34-55-19-92c22-53,115-73,191-41c58,23,70,90,25,135c-17,17-34,20-98,20   C3473,4860,3461,4857,3443,4838z\"><\/path>\t<path class=\"st0\" d=\"M2391,759c-108-33-171-123-171-246c0-111,54-201,142-237c53-23,343-23,396,0c152,63,194,300,74,420   c-59,60-91,69-257,71C2493,768,2410,764,2391,759z M2704,579c21-16,26-29,26-63c0-23-7-52-16-64c-14-21-22-22-154-22s-140,1-154,22   c-9,12-16,41-16,64c0,34,5,47,26,63c24,19,40,21,144,21S2680,598,2704,579z\"><\/path><\/g><\/svg>\t\t\t\t\t\t<\/span>\n\t\t\t\t\t\t\t\t\t\t<span class=\"elementor-icon-list-text\">+41 79 678 53 00<\/span>\n\t\t\t\t\t\t\t\t\t\t\t<\/a>\n\t\t\t\t\t\t\t\t\t<\/li>\n\t\t\t\t\t\t<\/ul>\n\t\t\t\t\t\t<\/div>\n\t\t\t\t<\/div>\n\t\t\t\t\t<\/div>\n\t\t<\/div>\n\t\t\t\t<div class=\"elementor-column elementor-col-33 elementor-inner-column elementor-element elementor-element-660c95f\" data-id=\"660c95f\" data-element_type=\"column\">\n\t\t\t<div class=\"elementor-widget-wrap elementor-element-populated\">\n\t\t\t\t\t\t<div class=\"elementor-element elementor-element-bb69d71 elementor-icon-list--layout-inline elementor-list-item-link-full_width elementor-widget elementor-widget-icon-list\" data-id=\"bb69d71\" data-element_type=\"widget\" data-widget_type=\"icon-list.default\">\n\t\t\t\t<div class=\"elementor-widget-container\">\n\t\t\t\t\t\t\t<ul class=\"elementor-icon-list-items elementor-inline-items\">\n\t\t\t\t\t\t\t<li class=\"elementor-icon-list-item elementor-inline-item\">\n\t\t\t\t\t\t\t\t\t\t\t<a href=\"https:\/\/www.instagram.com\/dav1d.munoz\" target=\"_blank\" rel=\"noopener\">\n\n\t\t\t\t\t\t\t\t\t\t\t\t<span class=\"elementor-icon-list-icon\">\n\t\t\t\t\t\t\t<svg xmlns=\"http:\/\/www.w3.org\/2000\/svg\" xmlns:xlink=\"http:\/\/www.w3.org\/1999\/xlink\" id=\"Layer_1\" x=\"0px\" y=\"0px\" viewbox=\"0 0 512 512\" style=\"enable-background:new 0 0 512 512;\" xml:space=\"preserve\"><style type=\"text\/css\">\t.st0{fill:#0F05A0;}<\/style><g transform=\"translate(0.000000,512.000000) scale(0.100000,-0.100000)\">\t<path class=\"st0\" d=\"M1215,5105C645,5025,186,4615,46,4060c-14-52-29-135-35-185c-15-124-15-2506,0-2630C80,662,495,188,1060,46  c52-14,136-29,185-35c124-15,2506-15,2630,0c525,62,964,405,1155,901c31,81,67,233,79,333c15,124,15,2506,0,2630  c-62,525-405,964-901,1155c-81,31-233,67-333,79C3738,5126,1334,5122,1215,5105z M3832,4809c516-56,921-461,977-977  c15-143,15-2401,0-2544c-56-516-461-921-977-977c-143-15-2401-15-2544,0c-516,56-921,461-977,977c-15,143-15,2401,0,2544  c27,245,125,459,294,637c178,188,423,312,670,340C1398,4822,3707,4822,3832,4809z\"><\/path>\t<path class=\"st0\" d=\"M3913,4451c-149-51-258-182-284-342c-25-159,48-322,186-413c89-59,193-83,294-67c164,26,299,142,346,297  c20,66,19,188-2,250c-44,130-148,234-277,277C4110,4476,3981,4474,3913,4451z M4110,4154c105-63,61-227-61-227  c-68,0-122,54-122,122C3927,4142,4030,4201,4110,4154z\"><\/path>\t<path class=\"st0\" d=\"M2330,3945c-160-28-335-91-465-167c-443-258-705-712-705-1218c1-382,141-722,410-990c268-269,609-410,990-410  s722,141,990,410c269,268,410,609,410,990s-141,722-410,990c-211,212-473,346-770,395C2676,3963,2433,3962,2330,3945z M2746,3645  c527-92,914-551,914-1085c0-605-495-1100-1100-1100s-1100,495-1100,1100C1460,3239,2079,3761,2746,3645z\"><\/path><\/g><\/svg>\t\t\t\t\t\t<\/span>\n\t\t\t\t\t\t\t\t\t\t<span class=\"elementor-icon-list-text\"><\/span>\n\t\t\t\t\t\t\t\t\t\t\t<\/a>\n\t\t\t\t\t\t\t\t\t<\/li>\n\t\t\t\t\t\t<\/ul>\n\t\t\t\t\t\t<\/div>\n\t\t\t\t<\/div>\n\t\t\t\t\t<\/div>\n\t\t<\/div>\n\t\t\t\t\t<\/div>\n\t\t<\/section>\n\t\t\t\t<section class=\"elementor-section elementor-inner-section elementor-element elementor-element-b07dbfa elementor-hidden-phone elementor-section-boxed elementor-section-height-default elementor-section-height-default\" data-id=\"b07dbfa\" data-element_type=\"section\">\n\t\t\t\t\t\t<div class=\"elementor-container elementor-column-gap-default\">\n\t\t\t\t\t<div class=\"elementor-column elementor-col-100 elementor-inner-column elementor-element elementor-element-b3e6e61\" data-id=\"b3e6e61\" data-element_type=\"column\">\n\t\t\t<div class=\"elementor-widget-wrap\">\n\t\t\t\t\t\t\t<\/div>\n\t\t<\/div>\n\t\t\t\t\t<\/div>\n\t\t<\/section>\n\t\t\t\t\t<\/div>\n\t\t<\/div>\n\t\t\t\t\t<\/div>\n\t\t<\/section>\n\t\t\t\t<\/div>","protected":false},"excerpt":{"rendered":"<p>David Mu\u00f1oz Photography Ich liebe es, mit Bildern visuelle Geschichten zu erz\u00e4hlen. Mein Name ist David Mu\u00f1oz, die Person hinter der Kamera, und seit drei Jahren interessiere ich mich f\u00fcr die Fotografie. Durch Zufall begann ich mich w\u00e4hrend der Corona&#8230;<\/p>","protected":false},"author":1,"featured_media":0,"parent":0,"menu_order":0,"comment_status":"closed","ping_status":"closed","template":"page-full-width.php","meta":{"footnotes":""},"class_list":["post-15347","page","type-page","status-publish","hentry"],"_links":{"self":[{"href":"https:\/\/cotedazurich.ch\/en\/wp-json\/wp\/v2\/pages\/15347","targetHints":{"allow":["GET"]}}],"collection":[{"href":"https:\/\/cotedazurich.ch\/en\/wp-json\/wp\/v2\/pages"}],"about":[{"href":"https:\/\/cotedazurich.ch\/en\/wp-json\/wp\/v2\/types\/page"}],"author":[{"embeddable":true,"href":"https:\/\/cotedazurich.ch\/en\/wp-json\/wp\/v2\/users\/1"}],"replies":[{"embeddable":true,"href":"https:\/\/cotedazurich.ch\/en\/wp-json\/wp\/v2\/comments?post=15347"}],"version-history":[{"count":26,"href":"https:\/\/cotedazurich.ch\/en\/wp-json\/wp\/v2\/pages\/15347\/revisions"}],"predecessor-version":[{"id":15393,"href":"https:\/\/cotedazurich.ch\/en\/wp-json\/wp\/v2\/pages\/15347\/revisions\/15393"}],"wp:attachment":[{"href":"https:\/\/cotedazurich.ch\/en\/wp-json\/wp\/v2\/media?parent=15347"}],"curies":[{"name":"wp","href":"https:\/\/api.w.org\/{rel}","templated":true}]}}