{"id":15311,"date":"2024-03-22T12:32:37","date_gmt":"2024-03-22T12:32:37","guid":{"rendered":"http:\/\/cotedazurich.ch\/?page_id=15311"},"modified":"2024-10-15T07:05:45","modified_gmt":"2024-10-15T06:05:45","slug":"blueme-lokal","status":"publish","type":"page","link":"https:\/\/cotedazurich.ch\/en\/blueme-lokal\/","title":{"rendered":"blueme lokal"},"content":{"rendered":"<div data-elementor-type=\"wp-page\" data-elementor-id=\"15311\" class=\"elementor elementor-15311\" data-elementor-post-type=\"page\">\n\t\t\t\t\t\t<section class=\"elementor-section elementor-top-section elementor-element elementor-element-2c3a9f7 elementor-section-boxed elementor-section-height-default elementor-section-height-default\" data-id=\"2c3a9f7\" data-element_type=\"section\">\n\t\t\t\t\t\t<div class=\"elementor-container elementor-column-gap-default\">\n\t\t\t\t\t<div class=\"elementor-column elementor-col-100 elementor-top-column elementor-element elementor-element-36cd564\" data-id=\"36cd564\" data-element_type=\"column\">\n\t\t\t<div class=\"elementor-widget-wrap\">\n\t\t\t\t\t\t\t<\/div>\n\t\t<\/div>\n\t\t\t\t\t<\/div>\n\t\t<\/section>\n\t\t\t\t<section class=\"elementor-section elementor-top-section elementor-element elementor-element-bdb4052 elementor-section-boxed elementor-section-height-default elementor-section-height-default\" data-id=\"bdb4052\" data-element_type=\"section\">\n\t\t\t\t\t\t<div class=\"elementor-container elementor-column-gap-default\">\n\t\t\t\t\t<div class=\"elementor-column elementor-col-50 elementor-top-column elementor-element elementor-element-c88b9fe first-section\" data-id=\"c88b9fe\" data-element_type=\"column\">\n\t\t\t<div class=\"elementor-widget-wrap elementor-element-populated\">\n\t\t\t\t\t\t<div class=\"elementor-element elementor-element-b558778 elementor-arrows-position-inside elementor-widget elementor-widget-image-carousel\" data-id=\"b558778\" data-element_type=\"widget\" data-settings=\"{&quot;slides_to_show&quot;:&quot;1&quot;,&quot;navigation&quot;:&quot;arrows&quot;,&quot;effect&quot;:&quot;fade&quot;,&quot;autoplay&quot;:&quot;yes&quot;,&quot;pause_on_hover&quot;:&quot;yes&quot;,&quot;pause_on_interaction&quot;:&quot;yes&quot;,&quot;autoplay_speed&quot;:5000,&quot;infinite&quot;:&quot;yes&quot;,&quot;speed&quot;:500}\" data-widget_type=\"image-carousel.default\">\n\t\t\t\t<div class=\"elementor-widget-container\">\n\t\t\t\t\t\t\t<div class=\"elementor-image-carousel-wrapper swiper\" role=\"region\" aria-roledescription=\"carousel\" aria-label=\"Image Carousel\" dir=\"ltr\">\n\t\t\t<div class=\"elementor-image-carousel swiper-wrapper\" aria-live=\"off\">\n\t\t\t\t\t\t\t\t<div class=\"swiper-slide\" role=\"group\" aria-roledescription=\"slide\" aria-label=\"1 of 10\"><figure class=\"swiper-slide-inner\"><img decoding=\"async\" class=\"swiper-slide-image\" src=\"https:\/\/cotedazurich.ch\/wp-content\/uploads\/2024\/03\/blueme-lokal-blumen-im-kubel.jpg\" alt=\"blueme lokal blumen im k\u00fcbel\" \/><\/figure><\/div><div class=\"swiper-slide\" role=\"group\" aria-roledescription=\"slide\" aria-label=\"2 of 10\"><figure class=\"swiper-slide-inner\"><img decoding=\"async\" class=\"swiper-slide-image\" src=\"https:\/\/cotedazurich.ch\/wp-content\/uploads\/2024\/03\/blueme-lokal-fruhlingsstrauss.jpg\" alt=\"blueme lokal fr\u00fchlingsstrauss\" \/><\/figure><\/div><div class=\"swiper-slide\" role=\"group\" aria-roledescription=\"slide\" aria-label=\"3 of 10\"><figure class=\"swiper-slide-inner\"><img decoding=\"async\" class=\"swiper-slide-image\" src=\"https:\/\/cotedazurich.ch\/wp-content\/uploads\/2024\/03\/blueme-lokal-wiesenstrauss.jpg\" alt=\"blueme lokal wiesenstrauss\" \/><\/figure><\/div><div class=\"swiper-slide\" role=\"group\" aria-roledescription=\"slide\" aria-label=\"4 of 10\"><figure class=\"swiper-slide-inner\"><img decoding=\"async\" class=\"swiper-slide-image\" src=\"https:\/\/cotedazurich.ch\/wp-content\/uploads\/2024\/03\/blueme-lokal-in-arbeit.jpg\" alt=\"blueme lokal in arbeit\" \/><\/figure><\/div><div class=\"swiper-slide\" role=\"group\" aria-roledescription=\"slide\" aria-label=\"5 of 10\"><figure class=\"swiper-slide-inner\"><img decoding=\"async\" class=\"swiper-slide-image\" src=\"https:\/\/cotedazurich.ch\/wp-content\/uploads\/2024\/03\/blueme-lokal-maiglockchen.jpg\" alt=\"blueme lokal maigl\u00f6ckchen\" \/><\/figure><\/div><div class=\"swiper-slide\" role=\"group\" aria-roledescription=\"slide\" aria-label=\"6 of 10\"><figure class=\"swiper-slide-inner\"><img decoding=\"async\" class=\"swiper-slide-image\" src=\"https:\/\/cotedazurich.ch\/wp-content\/uploads\/2024\/03\/blueme-lokal-kranz.jpg\" alt=\"blueme lokal kranz\" \/><\/figure><\/div><div class=\"swiper-slide\" role=\"group\" aria-roledescription=\"slide\" aria-label=\"7 of 10\"><figure class=\"swiper-slide-inner\"><img decoding=\"async\" class=\"swiper-slide-image\" src=\"https:\/\/cotedazurich.ch\/wp-content\/uploads\/2024\/03\/blueme-lokal-nadelzweigestrauss.jpg\" alt=\"blueme lokal nadelzweigestrauss\" \/><\/figure><\/div><div class=\"swiper-slide\" role=\"group\" aria-roledescription=\"slide\" aria-label=\"8 of 10\"><figure class=\"swiper-slide-inner\"><img decoding=\"async\" class=\"swiper-slide-image\" src=\"https:\/\/cotedazurich.ch\/wp-content\/uploads\/2024\/03\/blueme-lokal-herbststrauss.jpg\" alt=\"blueme lokal herbststrauss\" \/><\/figure><\/div><div class=\"swiper-slide\" role=\"group\" aria-roledescription=\"slide\" aria-label=\"9 of 10\"><figure class=\"swiper-slide-inner\"><img decoding=\"async\" class=\"swiper-slide-image\" src=\"https:\/\/cotedazurich.ch\/wp-content\/uploads\/2024\/03\/blueme-lokal-blumen-in-vase.jpg\" alt=\"blueme lokal blumen in vase\" \/><\/figure><\/div><div class=\"swiper-slide\" role=\"group\" aria-roledescription=\"slide\" aria-label=\"10 of 10\"><figure class=\"swiper-slide-inner\"><img decoding=\"async\" class=\"swiper-slide-image\" src=\"https:\/\/cotedazurich.ch\/wp-content\/uploads\/2024\/03\/blueme-lokal-fruhlingsstrauss-1.jpg\" alt=\"blueme lokal fr\u00fchlingsstrauss\" \/><\/figure><\/div>\t\t\t<\/div>\n\t\t\t\t\t\t\t\t\t\t\t\t<div class=\"elementor-swiper-button elementor-swiper-button-prev\" role=\"button\" tabindex=\"0\">\n\t\t\t\t\t\t<i aria-hidden=\"true\" class=\"eicon-chevron-left\"><\/i>\t\t\t\t\t<\/div>\n\t\t\t\t\t<div class=\"elementor-swiper-button elementor-swiper-button-next\" role=\"button\" tabindex=\"0\">\n\t\t\t\t\t\t<i aria-hidden=\"true\" class=\"eicon-chevron-right\"><\/i>\t\t\t\t\t<\/div>\n\t\t\t\t\n\t\t\t\t\t\t\t\t\t<\/div>\n\t\t\t\t\t\t<\/div>\n\t\t\t\t<\/div>\n\t\t\t\t\t<\/div>\n\t\t<\/div>\n\t\t\t\t<div class=\"elementor-column elementor-col-50 elementor-top-column elementor-element elementor-element-37fa109\" data-id=\"37fa109\" data-element_type=\"column\">\n\t\t\t<div class=\"elementor-widget-wrap elementor-element-populated\">\n\t\t\t\t\t\t<section class=\"elementor-section elementor-inner-section elementor-element elementor-element-488a279 elementor-section-boxed elementor-section-height-default elementor-section-height-default\" data-id=\"488a279\" data-element_type=\"section\">\n\t\t\t\t\t\t<div class=\"elementor-container elementor-column-gap-default\">\n\t\t\t\t\t<div class=\"elementor-column elementor-col-50 elementor-inner-column elementor-element elementor-element-e4fca13\" data-id=\"e4fca13\" data-element_type=\"column\">\n\t\t\t<div class=\"elementor-widget-wrap elementor-element-populated\">\n\t\t\t\t\t\t<div class=\"elementor-element elementor-element-ecc3848 elementor-widget elementor-widget-heading\" data-id=\"ecc3848\" data-element_type=\"widget\" data-widget_type=\"heading.default\">\n\t\t\t\t<div class=\"elementor-widget-container\">\n\t\t\t\t\t<h3 class=\"elementor-heading-title elementor-size-default\"><b>Flowers from Lake Zurich<\/b><\/h3>\t\t\t\t<\/div>\n\t\t\t\t<\/div>\n\t\t\t\t\t<\/div>\n\t\t<\/div>\n\t\t\t\t<div class=\"elementor-column elementor-col-50 elementor-inner-column elementor-element elementor-element-0d9e480\" data-id=\"0d9e480\" data-element_type=\"column\">\n\t\t\t<div class=\"elementor-widget-wrap elementor-element-populated\">\n\t\t\t\t\t\t<div class=\"elementor-element elementor-element-5cecc17 elementor-widget__width-initial elementor-widget elementor-widget-image\" data-id=\"5cecc17\" data-element_type=\"widget\" data-widget_type=\"image.default\">\n\t\t\t\t<div class=\"elementor-widget-container\">\n\t\t\t\t\t\t\t\t\t\t\t\t\t\t\t<img fetchpriority=\"high\" decoding=\"async\" width=\"640\" height=\"798\" src=\"https:\/\/cotedazurich.ch\/wp-content\/uploads\/2024\/03\/blueme-lokal-logo.jpg\" class=\"attachment-large size-large wp-image-15308\" alt=\"blueme lokal logo\" srcset=\"https:\/\/cotedazurich.ch\/wp-content\/uploads\/2024\/03\/blueme-lokal-logo.jpg 664w, https:\/\/cotedazurich.ch\/wp-content\/uploads\/2024\/03\/blueme-lokal-logo-241x300.jpg 241w, https:\/\/cotedazurich.ch\/wp-content\/uploads\/2024\/03\/blueme-lokal-logo-10x12.jpg 10w, https:\/\/cotedazurich.ch\/wp-content\/uploads\/2024\/03\/blueme-lokal-logo-300x374.jpg 300w, https:\/\/cotedazurich.ch\/wp-content\/uploads\/2024\/03\/blueme-lokal-logo-600x748.jpg 600w\" sizes=\"(max-width: 640px) 100vw, 640px\" \/>\t\t\t\t\t\t\t\t\t\t\t\t\t\t\t<\/div>\n\t\t\t\t<\/div>\n\t\t\t\t\t<\/div>\n\t\t<\/div>\n\t\t\t\t\t<\/div>\n\t\t<\/section>\n\t\t\t\t<section class=\"elementor-section elementor-inner-section elementor-element elementor-element-022e9aa elementor-section-boxed elementor-section-height-default elementor-section-height-default\" data-id=\"022e9aa\" data-element_type=\"section\">\n\t\t\t\t\t\t<div class=\"elementor-container elementor-column-gap-default\">\n\t\t\t\t\t<div class=\"elementor-column elementor-col-100 elementor-inner-column elementor-element elementor-element-35f28ed\" data-id=\"35f28ed\" data-element_type=\"column\">\n\t\t\t<div class=\"elementor-widget-wrap elementor-element-populated\">\n\t\t\t\t\t\t<div class=\"elementor-element elementor-element-ee4afbb elementor-widget elementor-widget-text-editor\" data-id=\"ee4afbb\" data-element_type=\"widget\" data-widget_type=\"text-editor.default\">\n\t\t\t\t<div class=\"elementor-widget-container\">\n\t\t\t\t\t\t\t\t\t<p>Slow Flowers from Lake Zurich, natural and seasonal. We grow the flowers ourselves and use them to create artistic bouquets for you. The flowers are cultivated sustainably, aiming to bring joy to both you and the animals and insects.<\/p><p>Delivery is done by bike and train. You can purchase the bouquets from us privately or as a company. Event decorations and workshops in the garden are also possible.<\/p>\t\t\t\t\t\t\t\t<\/div>\n\t\t\t\t<\/div>\n\t\t\t\t\t<\/div>\n\t\t<\/div>\n\t\t\t\t\t<\/div>\n\t\t<\/section>\n\t\t\t\t<section class=\"elementor-section elementor-inner-section elementor-element elementor-element-5efd290 elementor-section-boxed elementor-section-height-default elementor-section-height-default\" data-id=\"5efd290\" data-element_type=\"section\">\n\t\t\t\t\t\t<div class=\"elementor-container elementor-column-gap-default\">\n\t\t\t\t\t<div class=\"elementor-column elementor-col-25 elementor-inner-column elementor-element elementor-element-352d570\" data-id=\"352d570\" data-element_type=\"column\">\n\t\t\t<div class=\"elementor-widget-wrap elementor-element-populated\">\n\t\t\t\t\t\t<div class=\"elementor-element elementor-element-487c344 elementor-icon-list--layout-inline elementor-widget__width-initial elementor-list-item-link-full_width elementor-widget elementor-widget-icon-list\" data-id=\"487c344\" data-element_type=\"widget\" data-widget_type=\"icon-list.default\">\n\t\t\t\t<div class=\"elementor-widget-container\">\n\t\t\t\t\t\t\t<ul class=\"elementor-icon-list-items elementor-inline-items\">\n\t\t\t\t\t\t\t<li class=\"elementor-icon-list-item elementor-inline-item\">\n\t\t\t\t\t\t\t\t\t\t\t<span class=\"elementor-icon-list-icon\">\n\t\t\t\t\t\t\t<svg xmlns=\"http:\/\/www.w3.org\/2000\/svg\" xmlns:xlink=\"http:\/\/www.w3.org\/1999\/xlink\" id=\"Layer_1\" x=\"0px\" y=\"0px\" viewbox=\"0 0 512 512\" style=\"enable-background:new 0 0 512 512;\" xml:space=\"preserve\"><style type=\"text\/css\">\t.st0{fill:#0F05A0;}<\/style><g transform=\"translate(0.000000,512.000000) scale(0.100000,-0.100000)\">\t<path class=\"st0\" d=\"M2415,5114c-603-50-1134-377-1459-899c-171-275-267-616-268-950c-1-180,19-287,91-505   c209-625,799-1578,1609-2596c171-216,173-216,344,0c810,1018,1400,1971,1609,2596c72,218,92,325,91,505c-2,491-193,947-547,1300   c-289,289-632,466-1030,530C2758,5110,2506,5121,2415,5114z M2831,4925c487-79,933-377,1183-792c178-296,276-685,246-979   c-40-394-326-989-855-1779c-175-260-407-588-543-765c-209-272-295-380-302-380c-15,0-357,448-587,770C1296,1946,906,2702,860,3154   c-4,44-4,134,0,201c46,681,488,1264,1135,1496c134,47,275,77,450,93C2515,4951,2743,4940,2831,4925z\"><\/path>\t<path class=\"st0\" d=\"M2537,4433c-18-5-1085-821-1139-871c-38-35-39-89-2-123c24-23,33-24,170-27l144-3v-485v-485l26-24l27-25h797   h797l27,25l26,24v485v485l144,3c137,3,146,4,170,27c37,34,36,88-1,123c-45,41-1123,868-1133,868c-4,0-14,2-22,4   C2561,4436,2547,4436,2537,4433z M2988,3915c226-174,414-320,417-326c4-5-18-9-53-9c-50,0-62-4-83-26l-24-26l-3-484l-3-484h-169   h-170v314v313l-25,27l-24,26h-291h-291l-24-26l-25-27v-313v-314h-170h-169l-3,484l-3,484l-24,26c-21,22-33,26-85,26   c-60,0-60,0-41,19c51,50,831,641,841,637C2572,4234,2762,4089,2988,3915z M2730,2815v-255h-170h-170v255v255h170h170V2815z\"><\/path><\/g><\/svg>\t\t\t\t\t\t<\/span>\n\t\t\t\t\t\t\t\t\t\t<span class=\"elementor-icon-list-text\">Geroldstrasse 31b, 8005 Z\u00fcrich<\/span>\n\t\t\t\t\t\t\t\t\t<\/li>\n\t\t\t\t\t\t<\/ul>\n\t\t\t\t\t\t<\/div>\n\t\t\t\t<\/div>\n\t\t\t\t\t<\/div>\n\t\t<\/div>\n\t\t\t\t<div class=\"elementor-column elementor-col-25 elementor-inner-column elementor-element elementor-element-376c049\" data-id=\"376c049\" data-element_type=\"column\">\n\t\t\t<div class=\"elementor-widget-wrap elementor-element-populated\">\n\t\t\t\t\t\t<div class=\"elementor-element elementor-element-2263fcb elementor-icon-list--layout-inline elementor-list-item-link-full_width elementor-widget elementor-widget-icon-list\" data-id=\"2263fcb\" data-element_type=\"widget\" data-widget_type=\"icon-list.default\">\n\t\t\t\t<div class=\"elementor-widget-container\">\n\t\t\t\t\t\t\t<ul class=\"elementor-icon-list-items elementor-inline-items\">\n\t\t\t\t\t\t\t<li class=\"elementor-icon-list-item elementor-inline-item\">\n\t\t\t\t\t\t\t\t\t\t\t<a href=\"https:\/\/blueme-lokal.ch\" target=\"_blank\" rel=\"noopener\">\n\n\t\t\t\t\t\t\t\t\t\t\t\t<span class=\"elementor-icon-list-icon\">\n\t\t\t\t\t\t\t<svg xmlns=\"http:\/\/www.w3.org\/2000\/svg\" xmlns:xlink=\"http:\/\/www.w3.org\/1999\/xlink\" id=\"Layer_1\" x=\"0px\" y=\"0px\" viewbox=\"0 0 512 512\" style=\"enable-background:new 0 0 512 512;\" xml:space=\"preserve\"><style type=\"text\/css\">\t.st0{fill:#0F05A0;}<\/style><g transform=\"translate(0.000000,512.000000) scale(0.100000,-0.100000)\">\t<path class=\"st0\" d=\"M2415,5114c-402-38-749-138-1073-309C459,4337-32,3484,3,2475c24-684,262-1252,717-1705   c399-399,935-663,1515-746c149-22,523-25,670-6c610,80,1072,302,1460,703c512,529,810,1353,744,2059c-81,876-592,1657-1341,2049   c-260,137-526,221-838,266C2829,5110,2497,5122,2415,5114z M2480,4209v-741l-82,7c-303,24-553,88-823,208c-49,22-92,41-94,43   c-1,1,12,47,29,101c202,612,519,1008,883,1103c39,10,75,19,80,19C2477,4950,2480,4617,2480,4209z M2750,4923   c302-82,600-422,789-900c44-113,105-293,100-297c-2-2-44-21-94-43c-267-119-524-184-822-208l-83-7v741v741l28-6   C2683,4941,2720,4931,2750,4923z M1879,4793c-95-99-150-167-233-295c-100-153-221-414-286-613c-12-38-24-72-26-74   c-6-6-196,125-279,193c-44,36-114,97-155,136l-75,70l78,74c252,242,570,434,902,545c83,28,152,51,154,51   C1962,4880,1925,4841,1879,4793z M3395,4802c216-79,476-227,665-379c101-81,232-203,228-213c-6-15-208-196-278-250   c-80-60-221-153-225-148c-1,2-13,35-25,73c-66,203-186,461-284,610c-86,132-140,200-234,297l-84,87l68-20   C3264,4847,3340,4822,3395,4802z M756,4049c88-94,305-265,447-353c42-27,79-51,81-55c3-3-4-42-15-86c-51-211-91-508-105-777l-7-138   H662H167l7,98c31,445,205,905,478,1265c32,42,62,77,67,77C723,4080,739,4066,756,4049z M4468,4003c273-360,447-820,478-1265l7-98   h-495h-495l-7,143c-12,257-49,536-100,752c-13,55-22,103-20,106c2,4,39,28,81,55c132,82,349,252,438,343c21,23,42,41,47,41   C4406,4080,4436,4045,4468,4003z M1545,3516c254-111,605-194,880-208l50-3l3-332l2-333h-580h-581l6,93c12,188,27,355,41,452   c20,140,67,375,74,375C1443,3560,1490,3540,1545,3516z M3713,3423c46-240,63-382,82-690l6-93h-581h-580l2,333l3,332l100,7   c277,20,616,105,845,211c41,20,80,36,86,36C3681,3560,3698,3498,3713,3423z M1164,2338c14-288,69-669,122-840c3-12-28-38-123-101   c-143-95-252-181-365-286c-42-39-78-71-81-71c-4,0-33,35-65,78c-273,359-446,816-477,1260l-8,102h495h495L1164,2338z M2478,2148   l-3-333l-55-3c-268-13-596-91-863-204c-65-27-119-48-121-47c-1,2-12,51-24,109c-44,214-68,415-87,718l-6,92h581h580L2478,2148z    M3795,2388c-19-310-36-451-82-691c-22-113-30-137-43-133c-8,2-55,22-105,44c-246,108-542,180-820,200l-100,7l-3,333l-2,332h580   h581L3795,2388z M4946,2383c-31-446-205-906-478-1265c-32-43-62-78-66-78c-5,0-26,18-47,41c-89,91-306,261-438,343   c-42,27-79,51-81,55c-2,3,7,51,20,106c51,216,88,495,100,753l7,142h495h495L4946,2383z M2480,910V170l-27,6   c-321,70-571,301-782,723c-72,143-202,484-190,495c14,12,204,91,290,121c209,73,466,124,672,133l37,2V910z M2910,1624   c165-24,296-57,460-116c73-26,258-105,269-114c12-11-118-352-190-496c-211-421-461-652-781-722l-28-6v741v741l83-7   C2768,1642,2852,1632,2910,1624z M1354,1253c34-112,116-310,179-434c102-200,202-344,340-486l88-92l-68,21c-292,86-595,243-833,435   c-101,81-232,203-228,213c5,13,203,192,263,239c63,48,226,159,236,160C1334,1310,1344,1284,1354,1253z M3889,1246   c110-74,223-164,331-266l75-70l-78-74c-275-264-601-454-981-571l-79-24l85,87c94,98,149,167,232,294c101,155,233,439,292,631   c10,31,20,57,22,57C3791,1310,3836,1281,3889,1246z\"><\/path><\/g><\/svg>\t\t\t\t\t\t<\/span>\n\t\t\t\t\t\t\t\t\t\t<span class=\"elementor-icon-list-text\">website<\/span>\n\t\t\t\t\t\t\t\t\t\t\t<\/a>\n\t\t\t\t\t\t\t\t\t<\/li>\n\t\t\t\t\t\t<\/ul>\n\t\t\t\t\t\t<\/div>\n\t\t\t\t<\/div>\n\t\t\t\t\t<\/div>\n\t\t<\/div>\n\t\t\t\t<div class=\"elementor-column elementor-col-25 elementor-inner-column elementor-element elementor-element-f69f0fc\" data-id=\"f69f0fc\" data-element_type=\"column\">\n\t\t\t<div class=\"elementor-widget-wrap elementor-element-populated\">\n\t\t\t\t\t\t<div class=\"elementor-element elementor-element-375239c elementor-icon-list--layout-inline elementor-list-item-link-full_width elementor-widget elementor-widget-icon-list\" data-id=\"375239c\" data-element_type=\"widget\" data-widget_type=\"icon-list.default\">\n\t\t\t\t<div class=\"elementor-widget-container\">\n\t\t\t\t\t\t\t<ul class=\"elementor-icon-list-items elementor-inline-items\">\n\t\t\t\t\t\t\t<li class=\"elementor-icon-list-item elementor-inline-item\">\n\t\t\t\t\t\t\t\t\t\t\t<a href=\"mailto:bluemelokal@bluewin.ch\" target=\"_blank\">\n\n\t\t\t\t\t\t\t\t\t\t\t\t<span class=\"elementor-icon-list-icon\">\n\t\t\t\t\t\t\t<svg xmlns=\"http:\/\/www.w3.org\/2000\/svg\" xmlns:xlink=\"http:\/\/www.w3.org\/1999\/xlink\" id=\"Layer_1\" x=\"0px\" y=\"0px\" viewbox=\"0 0 512 512\" style=\"enable-background:new 0 0 512 512;\" xml:space=\"preserve\"><style type=\"text\/css\">\t.st0{fill:#0F05A0;}<\/style><g transform=\"translate(0.000000,512.000000) scale(0.100000,-0.100000)\">\t<path class=\"st0\" d=\"M213,4260c-81-16-144-65-186-144l-22-41V2560V1045l22-41c30-56,79-103,133-128l45-21h2355h2355l45,21   c54,25,103,72,133,128l22,41v1515v1515l-22,41c-30,56-79,103-133,128l-45,21l-2330,1C1303,4267,236,4264,213,4260z M4740,4056   c-8-7-474-357-1035-778c-704-527-1033-767-1061-776c-53-15-115-15-168,0c-28,9-357,249-1061,776c-561,421-1027,771-1035,778   c-12,12,314,14,2180,14S4752,4068,4740,4056z M1265,3146c572-429,1065-792,1095-807c116-59,275-60,394-4c29,14,527,381,1107,815   l1054,791l3-685c1-377,1-994,0-1370l-3-685l-555,685c-305,377-562,690-571,695c-68,36-156-29-142-105c4-18,214-286,569-725l564-696   l-1110-3c-611-1-1609-1-2220,0l-1110,3l564,696c355,439,565,707,569,725c14,74-65,136-138,108c-8-4-264-313-567-688   c-303-374-555-685-559-690c-5-6-9,584-9,1363c0,1095,3,1371,13,1365C219,3929,693,3575,1265,3146z\"><\/path><\/g><g transform=\"translate(0.000000,512.000000) scale(0.100000,-0.100000)\">\t<path class=\"st0\" d=\"M213,4260c-81-16-144-65-186-144l-22-41V2560V1045l22-41c30-56,79-103,133-128l45-21h2355h2355l45,21   c54,25,103,72,133,128l22,41v1515v1515l-22,41c-30,56-79,103-133,128l-45,21l-2330,1C1303,4267,236,4264,213,4260z M4740,4056   c-8-7-474-357-1035-778c-704-527-1033-767-1061-776c-53-15-115-15-168,0c-28,9-357,249-1061,776c-561,421-1027,771-1035,778   c-12,12,314,14,2180,14S4752,4068,4740,4056z M1265,3146c572-429,1065-792,1095-807c116-59,275-60,394-4c29,14,527,381,1107,815   l1054,791l3-685c1-377,1-994,0-1370l-3-685l-555,685c-305,377-562,690-571,695c-68,36-156-29-142-105c4-18,214-286,569-725l564-696   l-1110-3c-611-1-1609-1-2220,0l-1110,3l564,696c355,439,565,707,569,725c14,74-65,136-138,108c-8-4-264-313-567-688   c-303-374-555-685-559-690c-5-6-9,584-9,1363c0,1095,3,1371,13,1365C219,3929,693,3575,1265,3146z\"><\/path><\/g><\/svg>\t\t\t\t\t\t<\/span>\n\t\t\t\t\t\t\t\t\t\t<span class=\"elementor-icon-list-text\">email<\/span>\n\t\t\t\t\t\t\t\t\t\t\t<\/a>\n\t\t\t\t\t\t\t\t\t<\/li>\n\t\t\t\t\t\t<\/ul>\n\t\t\t\t\t\t<\/div>\n\t\t\t\t<\/div>\n\t\t\t\t\t<\/div>\n\t\t<\/div>\n\t\t\t\t<div class=\"elementor-column elementor-col-25 elementor-inner-column elementor-element elementor-element-8787b68\" data-id=\"8787b68\" data-element_type=\"column\">\n\t\t\t<div class=\"elementor-widget-wrap elementor-element-populated\">\n\t\t\t\t\t\t<div class=\"elementor-element elementor-element-0f53217 elementor-icon-list--layout-inline elementor-list-item-link-full_width elementor-widget elementor-widget-icon-list\" data-id=\"0f53217\" data-element_type=\"widget\" data-widget_type=\"icon-list.default\">\n\t\t\t\t<div class=\"elementor-widget-container\">\n\t\t\t\t\t\t\t<ul class=\"elementor-icon-list-items elementor-inline-items\">\n\t\t\t\t\t\t\t<li class=\"elementor-icon-list-item elementor-inline-item\">\n\t\t\t\t\t\t\t\t\t\t\t<a href=\"https:\/\/www.instagram.com\/blueme_lokal\/\" target=\"_blank\" rel=\"noopener\">\n\n\t\t\t\t\t\t\t\t\t\t\t\t<span class=\"elementor-icon-list-icon\">\n\t\t\t\t\t\t\t<svg xmlns=\"http:\/\/www.w3.org\/2000\/svg\" xmlns:xlink=\"http:\/\/www.w3.org\/1999\/xlink\" id=\"Layer_1\" x=\"0px\" y=\"0px\" viewbox=\"0 0 512 512\" style=\"enable-background:new 0 0 512 512;\" xml:space=\"preserve\"><style type=\"text\/css\">\t.st0{fill:#0F05A0;}<\/style><g transform=\"translate(0.000000,512.000000) scale(0.100000,-0.100000)\">\t<path class=\"st0\" d=\"M1215,5105C645,5025,186,4615,46,4060c-14-52-29-135-35-185c-15-124-15-2506,0-2630C80,662,495,188,1060,46  c52-14,136-29,185-35c124-15,2506-15,2630,0c525,62,964,405,1155,901c31,81,67,233,79,333c15,124,15,2506,0,2630  c-62,525-405,964-901,1155c-81,31-233,67-333,79C3738,5126,1334,5122,1215,5105z M3832,4809c516-56,921-461,977-977  c15-143,15-2401,0-2544c-56-516-461-921-977-977c-143-15-2401-15-2544,0c-516,56-921,461-977,977c-15,143-15,2401,0,2544  c27,245,125,459,294,637c178,188,423,312,670,340C1398,4822,3707,4822,3832,4809z\"><\/path>\t<path class=\"st0\" d=\"M3913,4451c-149-51-258-182-284-342c-25-159,48-322,186-413c89-59,193-83,294-67c164,26,299,142,346,297  c20,66,19,188-2,250c-44,130-148,234-277,277C4110,4476,3981,4474,3913,4451z M4110,4154c105-63,61-227-61-227  c-68,0-122,54-122,122C3927,4142,4030,4201,4110,4154z\"><\/path>\t<path class=\"st0\" d=\"M2330,3945c-160-28-335-91-465-167c-443-258-705-712-705-1218c1-382,141-722,410-990c268-269,609-410,990-410  s722,141,990,410c269,268,410,609,410,990s-141,722-410,990c-211,212-473,346-770,395C2676,3963,2433,3962,2330,3945z M2746,3645  c527-92,914-551,914-1085c0-605-495-1100-1100-1100s-1100,495-1100,1100C1460,3239,2079,3761,2746,3645z\"><\/path><\/g><\/svg>\t\t\t\t\t\t<\/span>\n\t\t\t\t\t\t\t\t\t\t<span class=\"elementor-icon-list-text\"><\/span>\n\t\t\t\t\t\t\t\t\t\t\t<\/a>\n\t\t\t\t\t\t\t\t\t<\/li>\n\t\t\t\t\t\t<\/ul>\n\t\t\t\t\t\t<\/div>\n\t\t\t\t<\/div>\n\t\t\t\t\t<\/div>\n\t\t<\/div>\n\t\t\t\t\t<\/div>\n\t\t<\/section>\n\t\t\t\t\t<\/div>\n\t\t<\/div>\n\t\t\t\t\t<\/div>\n\t\t<\/section>\n\t\t\t\t<\/div>","protected":false},"excerpt":{"rendered":"<p>Blumen vom Z\u00fcrichsee Slow Flowers vom Z\u00fcrichsee, nat\u00fcrlich und saisonal. Wir produzieren die Blumen selbst und binden damit kunstvolle Str\u00e4usse f\u00fcr euch. Die Blumen werden ressourcenschonend angebaut und sollen sowohl euch wie auch Tiere und Insekten erfreuen. Geliefert wird per&#8230;<\/p>","protected":false},"author":1,"featured_media":0,"parent":0,"menu_order":0,"comment_status":"closed","ping_status":"closed","template":"page-full-width.php","meta":{"footnotes":""},"class_list":["post-15311","page","type-page","status-publish","hentry"],"_links":{"self":[{"href":"https:\/\/cotedazurich.ch\/en\/wp-json\/wp\/v2\/pages\/15311","targetHints":{"allow":["GET"]}}],"collection":[{"href":"https:\/\/cotedazurich.ch\/en\/wp-json\/wp\/v2\/pages"}],"about":[{"href":"https:\/\/cotedazurich.ch\/en\/wp-json\/wp\/v2\/types\/page"}],"author":[{"embeddable":true,"href":"https:\/\/cotedazurich.ch\/en\/wp-json\/wp\/v2\/users\/1"}],"replies":[{"embeddable":true,"href":"https:\/\/cotedazurich.ch\/en\/wp-json\/wp\/v2\/comments?post=15311"}],"version-history":[{"count":17,"href":"https:\/\/cotedazurich.ch\/en\/wp-json\/wp\/v2\/pages\/15311\/revisions"}],"predecessor-version":[{"id":16930,"href":"https:\/\/cotedazurich.ch\/en\/wp-json\/wp\/v2\/pages\/15311\/revisions\/16930"}],"wp:attachment":[{"href":"https:\/\/cotedazurich.ch\/en\/wp-json\/wp\/v2\/media?parent=15311"}],"curies":[{"name":"wp","href":"https:\/\/api.w.org\/{rel}","templated":true}]}}