{"id":14170,"date":"2023-11-02T09:16:19","date_gmt":"2023-11-02T09:16:19","guid":{"rendered":"http:\/\/cotedazurich.ch\/?page_id=14170"},"modified":"2023-11-02T09:28:14","modified_gmt":"2023-11-02T09:28:14","slug":"ona-sadkowsky","status":"publish","type":"page","link":"https:\/\/cotedazurich.ch\/en\/ona-sadkowsky\/","title":{"rendered":"ona sadkowsky"},"content":{"rendered":"<div data-elementor-type=\"wp-page\" data-elementor-id=\"14170\" class=\"elementor elementor-14170\" data-elementor-post-type=\"page\">\n\t\t\t\t\t\t<section class=\"elementor-section elementor-top-section elementor-element elementor-element-2c3a9f7 elementor-section-boxed elementor-section-height-default elementor-section-height-default\" data-id=\"2c3a9f7\" data-element_type=\"section\">\n\t\t\t\t\t\t<div class=\"elementor-container elementor-column-gap-default\">\n\t\t\t\t\t<div class=\"elementor-column elementor-col-100 elementor-top-column elementor-element elementor-element-36cd564\" data-id=\"36cd564\" data-element_type=\"column\">\n\t\t\t<div class=\"elementor-widget-wrap\">\n\t\t\t\t\t\t\t<\/div>\n\t\t<\/div>\n\t\t\t\t\t<\/div>\n\t\t<\/section>\n\t\t\t\t<section class=\"elementor-section elementor-top-section elementor-element elementor-element-2cfb8e8 elementor-section-boxed elementor-section-height-default elementor-section-height-default\" data-id=\"2cfb8e8\" data-element_type=\"section\">\n\t\t\t\t\t\t<div class=\"elementor-container elementor-column-gap-default\">\n\t\t\t\t\t<div class=\"elementor-column elementor-col-50 elementor-top-column elementor-element elementor-element-c9dbbf2 first-section\" data-id=\"c9dbbf2\" data-element_type=\"column\">\n\t\t\t<div class=\"elementor-widget-wrap elementor-element-populated\">\n\t\t\t\t\t\t<div class=\"elementor-element elementor-element-badf54b elementor-arrows-position-inside elementor-widget elementor-widget-image-carousel\" data-id=\"badf54b\" data-element_type=\"widget\" data-settings=\"{&quot;slides_to_show&quot;:&quot;1&quot;,&quot;navigation&quot;:&quot;arrows&quot;,&quot;effect&quot;:&quot;fade&quot;,&quot;autoplay&quot;:&quot;yes&quot;,&quot;pause_on_hover&quot;:&quot;yes&quot;,&quot;pause_on_interaction&quot;:&quot;yes&quot;,&quot;autoplay_speed&quot;:5000,&quot;infinite&quot;:&quot;yes&quot;,&quot;speed&quot;:500}\" data-widget_type=\"image-carousel.default\">\n\t\t\t\t<div class=\"elementor-widget-container\">\n\t\t\t\t\t\t\t<div class=\"elementor-image-carousel-wrapper swiper\" role=\"region\" aria-roledescription=\"carousel\" aria-label=\"Image Carousel\" dir=\"ltr\">\n\t\t\t<div class=\"elementor-image-carousel swiper-wrapper\" aria-live=\"off\">\n\t\t\t\t\t\t\t\t<div class=\"swiper-slide\" role=\"group\" aria-roledescription=\"slide\" aria-label=\"1 of 10\"><figure class=\"swiper-slide-inner\"><img decoding=\"async\" class=\"swiper-slide-image\" src=\"https:\/\/cotedazurich.ch\/wp-content\/uploads\/2023\/11\/Ona-Sadkowsky-Streetparade.jpg\" alt=\"Ona Sadkowsky Streetparade Zuerich cotedazurich\" \/><\/figure><\/div><div class=\"swiper-slide\" role=\"group\" aria-roledescription=\"slide\" aria-label=\"2 of 10\"><figure class=\"swiper-slide-inner\"><img decoding=\"async\" class=\"swiper-slide-image\" src=\"https:\/\/cotedazurich.ch\/wp-content\/uploads\/2023\/11\/Ona-Sadkowsky-Streetparade-Tolerance.jpg\" alt=\"Ona Sadkowsky Streetparade Tolerance Zuerich cotedazurich\" \/><\/figure><\/div><div class=\"swiper-slide\" role=\"group\" aria-roledescription=\"slide\" aria-label=\"3 of 10\"><figure class=\"swiper-slide-inner\"><img decoding=\"async\" class=\"swiper-slide-image\" src=\"https:\/\/cotedazurich.ch\/wp-content\/uploads\/2023\/11\/Ona-Sadkowsky-Portrait-Foto.jpg\" alt=\"Ona Sadkowsky Portrait Foto Zuerich cotedazurich\" \/><\/figure><\/div><div class=\"swiper-slide\" role=\"group\" aria-roledescription=\"slide\" aria-label=\"4 of 10\"><figure class=\"swiper-slide-inner\"><img decoding=\"async\" class=\"swiper-slide-image\" src=\"https:\/\/cotedazurich.ch\/wp-content\/uploads\/2023\/11\/Ona-Sadkowsky-Limmatschiff.jpg\" alt=\"Ona Sadkowsky Limmatschiff Z\u00fcrichseeschifffahrt Grossm\u00fcnster Zuerich cotedazurich\" \/><\/figure><\/div><div class=\"swiper-slide\" role=\"group\" aria-roledescription=\"slide\" aria-label=\"5 of 10\"><figure class=\"swiper-slide-inner\"><img decoding=\"async\" class=\"swiper-slide-image\" src=\"https:\/\/cotedazurich.ch\/wp-content\/uploads\/2023\/11\/Ona-Sadkowsky-Limmatschiff-1-.jpg\" alt=\"Ona Sadkowsky Limmatschiff 1\" \/><\/figure><\/div><div class=\"swiper-slide\" role=\"group\" aria-roledescription=\"slide\" aria-label=\"6 of 10\"><figure class=\"swiper-slide-inner\"><img decoding=\"async\" class=\"swiper-slide-image\" src=\"https:\/\/cotedazurich.ch\/wp-content\/uploads\/2023\/11\/Ona-Sadkowsky-Kaimug.jpg\" alt=\"Ona Sadkowsky Kaimug Zuerich cotedazurich\" \/><\/figure><\/div><div class=\"swiper-slide\" role=\"group\" aria-roledescription=\"slide\" aria-label=\"7 of 10\"><figure class=\"swiper-slide-inner\"><img decoding=\"async\" class=\"swiper-slide-image\" src=\"https:\/\/cotedazurich.ch\/wp-content\/uploads\/2023\/11\/Ona-Sadkowsky-TukTuk.jpg\" alt=\"Ona Sadkowsky TukTuk Taxi Zuerich cotedazurich\" \/><\/figure><\/div><div class=\"swiper-slide\" role=\"group\" aria-roledescription=\"slide\" aria-label=\"8 of 10\"><figure class=\"swiper-slide-inner\"><img decoding=\"async\" class=\"swiper-slide-image\" src=\"https:\/\/cotedazurich.ch\/wp-content\/uploads\/2023\/11\/Ona-Sadkowsky-Switzerland.jpg\" alt=\"Ona Sadkowsky Switzerland Zuerich cotedazurich\" \/><\/figure><\/div><div class=\"swiper-slide\" role=\"group\" aria-roledescription=\"slide\" aria-label=\"9 of 10\"><figure class=\"swiper-slide-inner\"><img decoding=\"async\" class=\"swiper-slide-image\" src=\"https:\/\/cotedazurich.ch\/wp-content\/uploads\/2023\/11\/Ona-Sadkowsky-Artwork.jpg\" alt=\"Ona Sadkowsky Artwork Zuerich cotedazurich\" \/><\/figure><\/div><div class=\"swiper-slide\" role=\"group\" aria-roledescription=\"slide\" aria-label=\"10 of 10\"><figure class=\"swiper-slide-inner\"><img decoding=\"async\" class=\"swiper-slide-image\" src=\"https:\/\/cotedazurich.ch\/wp-content\/uploads\/2023\/11\/Ona-Sadkowsky-Microlino.jpg\" alt=\"Ona Sadkowsky Microlino Zuerich cotedazurich\" \/><\/figure><\/div>\t\t\t<\/div>\n\t\t\t\t\t\t\t\t\t\t\t\t<div class=\"elementor-swiper-button elementor-swiper-button-prev\" role=\"button\" tabindex=\"0\">\n\t\t\t\t\t\t<i aria-hidden=\"true\" class=\"eicon-chevron-left\"><\/i>\t\t\t\t\t<\/div>\n\t\t\t\t\t<div class=\"elementor-swiper-button elementor-swiper-button-next\" role=\"button\" tabindex=\"0\">\n\t\t\t\t\t\t<i aria-hidden=\"true\" class=\"eicon-chevron-right\"><\/i>\t\t\t\t\t<\/div>\n\t\t\t\t\n\t\t\t\t\t\t\t\t\t<\/div>\n\t\t\t\t\t\t<\/div>\n\t\t\t\t<\/div>\n\t\t\t\t\t<\/div>\n\t\t<\/div>\n\t\t\t\t<div class=\"elementor-column elementor-col-50 elementor-top-column elementor-element elementor-element-f8d5f51\" data-id=\"f8d5f51\" data-element_type=\"column\">\n\t\t\t<div class=\"elementor-widget-wrap elementor-element-populated\">\n\t\t\t\t\t\t<section class=\"elementor-section elementor-inner-section elementor-element elementor-element-7644aa6 elementor-section-boxed elementor-section-height-default elementor-section-height-default\" data-id=\"7644aa6\" data-element_type=\"section\">\n\t\t\t\t\t\t<div class=\"elementor-container elementor-column-gap-default\">\n\t\t\t\t\t<div class=\"elementor-column elementor-col-50 elementor-inner-column elementor-element elementor-element-95008a3\" data-id=\"95008a3\" data-element_type=\"column\">\n\t\t\t<div class=\"elementor-widget-wrap elementor-element-populated\">\n\t\t\t\t\t\t<div class=\"elementor-element elementor-element-c5f0ce4 elementor-widget__width-initial elementor-widget elementor-widget-heading\" data-id=\"c5f0ce4\" data-element_type=\"widget\" data-widget_type=\"heading.default\">\n\t\t\t\t<div class=\"elementor-widget-container\">\n\t\t\t\t\t<h3 class=\"elementor-heading-title elementor-size-default\"><b>Ona's world<\/b><\/h3>\t\t\t\t<\/div>\n\t\t\t\t<\/div>\n\t\t\t\t\t<\/div>\n\t\t<\/div>\n\t\t\t\t<div class=\"elementor-column elementor-col-50 elementor-inner-column elementor-element elementor-element-09ffb4b\" data-id=\"09ffb4b\" data-element_type=\"column\">\n\t\t\t<div class=\"elementor-widget-wrap elementor-element-populated\">\n\t\t\t\t\t\t<div class=\"elementor-element elementor-element-20de13d elementor-widget elementor-widget-image\" data-id=\"20de13d\" data-element_type=\"widget\" data-widget_type=\"image.default\">\n\t\t\t\t<div class=\"elementor-widget-container\">\n\t\t\t\t\t\t\t\t\t\t\t\t\t\t\t<img fetchpriority=\"high\" decoding=\"async\" width=\"640\" height=\"101\" src=\"https:\/\/cotedazurich.ch\/wp-content\/uploads\/2023\/11\/Ona-Sadkowsky-Logo.png\" class=\"attachment-large size-large wp-image-14169\" alt=\"Ona Sadkowsky Logo Zuerich cotedazurich\" srcset=\"https:\/\/cotedazurich.ch\/wp-content\/uploads\/2023\/11\/Ona-Sadkowsky-Logo.png 852w, https:\/\/cotedazurich.ch\/wp-content\/uploads\/2023\/11\/Ona-Sadkowsky-Logo-300x48.png 300w, https:\/\/cotedazurich.ch\/wp-content\/uploads\/2023\/11\/Ona-Sadkowsky-Logo-768x122.png 768w, https:\/\/cotedazurich.ch\/wp-content\/uploads\/2023\/11\/Ona-Sadkowsky-Logo-18x3.png 18w, https:\/\/cotedazurich.ch\/wp-content\/uploads\/2023\/11\/Ona-Sadkowsky-Logo-600x95.png 600w\" sizes=\"(max-width: 640px) 100vw, 640px\" \/>\t\t\t\t\t\t\t\t\t\t\t\t\t\t\t<\/div>\n\t\t\t\t<\/div>\n\t\t\t\t\t<\/div>\n\t\t<\/div>\n\t\t\t\t\t<\/div>\n\t\t<\/section>\n\t\t\t\t<section class=\"elementor-section elementor-inner-section elementor-element elementor-element-56755af elementor-section-boxed elementor-section-height-default elementor-section-height-default\" data-id=\"56755af\" data-element_type=\"section\">\n\t\t\t\t\t\t<div class=\"elementor-container elementor-column-gap-default\">\n\t\t\t\t\t<div class=\"elementor-column elementor-col-100 elementor-inner-column elementor-element elementor-element-184ca6d\" data-id=\"184ca6d\" data-element_type=\"column\">\n\t\t\t<div class=\"elementor-widget-wrap elementor-element-populated\">\n\t\t\t\t\t\t<div class=\"elementor-element elementor-element-57bdbc3 elementor-widget elementor-widget-text-editor\" data-id=\"57bdbc3\" data-element_type=\"widget\" data-widget_type=\"text-editor.default\">\n\t\t\t\t<div class=\"elementor-widget-container\">\n\t\t\t\t\t\t\t\t\t<p>Ona Sadkowsky is considered one of today\u2019s most aspiring young artists in Switzerland. Her artistic work is characterized by both lightness and depth, very personal and authentic, shaped by her own experiences, her unrestrained energy, her melancholy, her hope and her unwavering belief in the future.<\/p><p>Growing up in Zurich in a family of artists, pens, paints and canvas were always at hand and thus facilitated ona's access to art in a playful way. The reminiscence of pop art greats like keith haring is only superficial. The density of information, the complexity and the surprising moments in ona's paintings create a world of their own and captivate the viewer.<\/p>\t\t\t\t\t\t\t\t<\/div>\n\t\t\t\t<\/div>\n\t\t\t\t\t<\/div>\n\t\t<\/div>\n\t\t\t\t\t<\/div>\n\t\t<\/section>\n\t\t\t\t<section class=\"elementor-section elementor-inner-section elementor-element elementor-element-a3f3f9d elementor-section-boxed elementor-section-height-default elementor-section-height-default\" data-id=\"a3f3f9d\" data-element_type=\"section\">\n\t\t\t\t\t\t<div class=\"elementor-container elementor-column-gap-default\">\n\t\t\t\t\t<div class=\"elementor-column elementor-col-25 elementor-inner-column elementor-element elementor-element-eee19a3\" data-id=\"eee19a3\" data-element_type=\"column\">\n\t\t\t<div class=\"elementor-widget-wrap elementor-element-populated\">\n\t\t\t\t\t\t<div class=\"elementor-element elementor-element-3ca7c0e elementor-icon-list--layout-inline elementor-list-item-link-full_width elementor-widget elementor-widget-icon-list\" data-id=\"3ca7c0e\" data-element_type=\"widget\" data-widget_type=\"icon-list.default\">\n\t\t\t\t<div class=\"elementor-widget-container\">\n\t\t\t\t\t\t\t<ul class=\"elementor-icon-list-items elementor-inline-items\">\n\t\t\t\t\t\t\t<li class=\"elementor-icon-list-item elementor-inline-item\">\n\t\t\t\t\t\t\t\t\t\t\t<a href=\"https:\/\/www.ona-sadkowsky.com\/\" target=\"_blank\" rel=\"noopener\">\n\n\t\t\t\t\t\t\t\t\t\t\t\t<span class=\"elementor-icon-list-icon\">\n\t\t\t\t\t\t\t<svg xmlns=\"http:\/\/www.w3.org\/2000\/svg\" xmlns:xlink=\"http:\/\/www.w3.org\/1999\/xlink\" id=\"Layer_1\" x=\"0px\" y=\"0px\" viewbox=\"0 0 512 512\" style=\"enable-background:new 0 0 512 512;\" xml:space=\"preserve\"><style type=\"text\/css\">\t.st0{fill:#0F05A0;}<\/style><g transform=\"translate(0.000000,512.000000) scale(0.100000,-0.100000)\">\t<path class=\"st0\" d=\"M2415,5114c-402-38-749-138-1073-309C459,4337-32,3484,3,2475c24-684,262-1252,717-1705   c399-399,935-663,1515-746c149-22,523-25,670-6c610,80,1072,302,1460,703c512,529,810,1353,744,2059c-81,876-592,1657-1341,2049   c-260,137-526,221-838,266C2829,5110,2497,5122,2415,5114z M2480,4209v-741l-82,7c-303,24-553,88-823,208c-49,22-92,41-94,43   c-1,1,12,47,29,101c202,612,519,1008,883,1103c39,10,75,19,80,19C2477,4950,2480,4617,2480,4209z M2750,4923   c302-82,600-422,789-900c44-113,105-293,100-297c-2-2-44-21-94-43c-267-119-524-184-822-208l-83-7v741v741l28-6   C2683,4941,2720,4931,2750,4923z M1879,4793c-95-99-150-167-233-295c-100-153-221-414-286-613c-12-38-24-72-26-74   c-6-6-196,125-279,193c-44,36-114,97-155,136l-75,70l78,74c252,242,570,434,902,545c83,28,152,51,154,51   C1962,4880,1925,4841,1879,4793z M3395,4802c216-79,476-227,665-379c101-81,232-203,228-213c-6-15-208-196-278-250   c-80-60-221-153-225-148c-1,2-13,35-25,73c-66,203-186,461-284,610c-86,132-140,200-234,297l-84,87l68-20   C3264,4847,3340,4822,3395,4802z M756,4049c88-94,305-265,447-353c42-27,79-51,81-55c3-3-4-42-15-86c-51-211-91-508-105-777l-7-138   H662H167l7,98c31,445,205,905,478,1265c32,42,62,77,67,77C723,4080,739,4066,756,4049z M4468,4003c273-360,447-820,478-1265l7-98   h-495h-495l-7,143c-12,257-49,536-100,752c-13,55-22,103-20,106c2,4,39,28,81,55c132,82,349,252,438,343c21,23,42,41,47,41   C4406,4080,4436,4045,4468,4003z M1545,3516c254-111,605-194,880-208l50-3l3-332l2-333h-580h-581l6,93c12,188,27,355,41,452   c20,140,67,375,74,375C1443,3560,1490,3540,1545,3516z M3713,3423c46-240,63-382,82-690l6-93h-581h-580l2,333l3,332l100,7   c277,20,616,105,845,211c41,20,80,36,86,36C3681,3560,3698,3498,3713,3423z M1164,2338c14-288,69-669,122-840c3-12-28-38-123-101   c-143-95-252-181-365-286c-42-39-78-71-81-71c-4,0-33,35-65,78c-273,359-446,816-477,1260l-8,102h495h495L1164,2338z M2478,2148   l-3-333l-55-3c-268-13-596-91-863-204c-65-27-119-48-121-47c-1,2-12,51-24,109c-44,214-68,415-87,718l-6,92h581h580L2478,2148z    M3795,2388c-19-310-36-451-82-691c-22-113-30-137-43-133c-8,2-55,22-105,44c-246,108-542,180-820,200l-100,7l-3,333l-2,332h580   h581L3795,2388z M4946,2383c-31-446-205-906-478-1265c-32-43-62-78-66-78c-5,0-26,18-47,41c-89,91-306,261-438,343   c-42,27-79,51-81,55c-2,3,7,51,20,106c51,216,88,495,100,753l7,142h495h495L4946,2383z M2480,910V170l-27,6   c-321,70-571,301-782,723c-72,143-202,484-190,495c14,12,204,91,290,121c209,73,466,124,672,133l37,2V910z M2910,1624   c165-24,296-57,460-116c73-26,258-105,269-114c12-11-118-352-190-496c-211-421-461-652-781-722l-28-6v741v741l83-7   C2768,1642,2852,1632,2910,1624z M1354,1253c34-112,116-310,179-434c102-200,202-344,340-486l88-92l-68,21c-292,86-595,243-833,435   c-101,81-232,203-228,213c5,13,203,192,263,239c63,48,226,159,236,160C1334,1310,1344,1284,1354,1253z M3889,1246   c110-74,223-164,331-266l75-70l-78-74c-275-264-601-454-981-571l-79-24l85,87c94,98,149,167,232,294c101,155,233,439,292,631   c10,31,20,57,22,57C3791,1310,3836,1281,3889,1246z\"><\/path><\/g><\/svg>\t\t\t\t\t\t<\/span>\n\t\t\t\t\t\t\t\t\t\t<span class=\"elementor-icon-list-text\">website<\/span>\n\t\t\t\t\t\t\t\t\t\t\t<\/a>\n\t\t\t\t\t\t\t\t\t<\/li>\n\t\t\t\t\t\t<\/ul>\n\t\t\t\t\t\t<\/div>\n\t\t\t\t<\/div>\n\t\t\t\t\t<\/div>\n\t\t<\/div>\n\t\t\t\t<div class=\"elementor-column elementor-col-25 elementor-inner-column elementor-element elementor-element-5776150\" data-id=\"5776150\" data-element_type=\"column\">\n\t\t\t<div class=\"elementor-widget-wrap elementor-element-populated\">\n\t\t\t\t\t\t<div class=\"elementor-element elementor-element-13da04f elementor-icon-list--layout-inline elementor-list-item-link-full_width elementor-widget elementor-widget-icon-list\" data-id=\"13da04f\" data-element_type=\"widget\" data-widget_type=\"icon-list.default\">\n\t\t\t\t<div class=\"elementor-widget-container\">\n\t\t\t\t\t\t\t<ul class=\"elementor-icon-list-items elementor-inline-items\">\n\t\t\t\t\t\t\t<li class=\"elementor-icon-list-item elementor-inline-item\">\n\t\t\t\t\t\t\t\t\t\t\t<a href=\"mailto:info@ona-sadkowsky.com\" target=\"_blank\">\n\n\t\t\t\t\t\t\t\t\t\t\t\t<span class=\"elementor-icon-list-icon\">\n\t\t\t\t\t\t\t<svg xmlns=\"http:\/\/www.w3.org\/2000\/svg\" xmlns:xlink=\"http:\/\/www.w3.org\/1999\/xlink\" id=\"Layer_1\" x=\"0px\" y=\"0px\" viewbox=\"0 0 512 512\" style=\"enable-background:new 0 0 512 512;\" xml:space=\"preserve\"><style type=\"text\/css\">\t.st0{fill:#0F05A0;}<\/style><g transform=\"translate(0.000000,512.000000) scale(0.100000,-0.100000)\">\t<path class=\"st0\" d=\"M213,4260c-81-16-144-65-186-144l-22-41V2560V1045l22-41c30-56,79-103,133-128l45-21h2355h2355l45,21   c54,25,103,72,133,128l22,41v1515v1515l-22,41c-30,56-79,103-133,128l-45,21l-2330,1C1303,4267,236,4264,213,4260z M4740,4056   c-8-7-474-357-1035-778c-704-527-1033-767-1061-776c-53-15-115-15-168,0c-28,9-357,249-1061,776c-561,421-1027,771-1035,778   c-12,12,314,14,2180,14S4752,4068,4740,4056z M1265,3146c572-429,1065-792,1095-807c116-59,275-60,394-4c29,14,527,381,1107,815   l1054,791l3-685c1-377,1-994,0-1370l-3-685l-555,685c-305,377-562,690-571,695c-68,36-156-29-142-105c4-18,214-286,569-725l564-696   l-1110-3c-611-1-1609-1-2220,0l-1110,3l564,696c355,439,565,707,569,725c14,74-65,136-138,108c-8-4-264-313-567-688   c-303-374-555-685-559-690c-5-6-9,584-9,1363c0,1095,3,1371,13,1365C219,3929,693,3575,1265,3146z\"><\/path><\/g><g transform=\"translate(0.000000,512.000000) scale(0.100000,-0.100000)\">\t<path class=\"st0\" d=\"M213,4260c-81-16-144-65-186-144l-22-41V2560V1045l22-41c30-56,79-103,133-128l45-21h2355h2355l45,21   c54,25,103,72,133,128l22,41v1515v1515l-22,41c-30,56-79,103-133,128l-45,21l-2330,1C1303,4267,236,4264,213,4260z M4740,4056   c-8-7-474-357-1035-778c-704-527-1033-767-1061-776c-53-15-115-15-168,0c-28,9-357,249-1061,776c-561,421-1027,771-1035,778   c-12,12,314,14,2180,14S4752,4068,4740,4056z M1265,3146c572-429,1065-792,1095-807c116-59,275-60,394-4c29,14,527,381,1107,815   l1054,791l3-685c1-377,1-994,0-1370l-3-685l-555,685c-305,377-562,690-571,695c-68,36-156-29-142-105c4-18,214-286,569-725l564-696   l-1110-3c-611-1-1609-1-2220,0l-1110,3l564,696c355,439,565,707,569,725c14,74-65,136-138,108c-8-4-264-313-567-688   c-303-374-555-685-559-690c-5-6-9,584-9,1363c0,1095,3,1371,13,1365C219,3929,693,3575,1265,3146z\"><\/path><\/g><\/svg>\t\t\t\t\t\t<\/span>\n\t\t\t\t\t\t\t\t\t\t<span class=\"elementor-icon-list-text\">email<\/span>\n\t\t\t\t\t\t\t\t\t\t\t<\/a>\n\t\t\t\t\t\t\t\t\t<\/li>\n\t\t\t\t\t\t<\/ul>\n\t\t\t\t\t\t<\/div>\n\t\t\t\t<\/div>\n\t\t\t\t\t<\/div>\n\t\t<\/div>\n\t\t\t\t<div class=\"elementor-column elementor-col-25 elementor-inner-column elementor-element elementor-element-c6d19b0\" data-id=\"c6d19b0\" data-element_type=\"column\">\n\t\t\t<div class=\"elementor-widget-wrap elementor-element-populated\">\n\t\t\t\t\t\t<div class=\"elementor-element elementor-element-f577da4 elementor-icon-list--layout-inline elementor-list-item-link-full_width elementor-widget elementor-widget-icon-list\" data-id=\"f577da4\" data-element_type=\"widget\" data-widget_type=\"icon-list.default\">\n\t\t\t\t<div class=\"elementor-widget-container\">\n\t\t\t\t\t\t\t<ul class=\"elementor-icon-list-items elementor-inline-items\">\n\t\t\t\t\t\t\t<li class=\"elementor-icon-list-item elementor-inline-item\">\n\t\t\t\t\t\t\t\t\t\t\t<a href=\"https:\/\/www.instagram.com\/ona_sadkowsky\" target=\"_blank\" rel=\"noopener\">\n\n\t\t\t\t\t\t\t\t\t\t\t\t<span class=\"elementor-icon-list-icon\">\n\t\t\t\t\t\t\t<svg xmlns=\"http:\/\/www.w3.org\/2000\/svg\" xmlns:xlink=\"http:\/\/www.w3.org\/1999\/xlink\" id=\"Layer_1\" x=\"0px\" y=\"0px\" viewbox=\"0 0 512 512\" style=\"enable-background:new 0 0 512 512;\" xml:space=\"preserve\"><style type=\"text\/css\">\t.st0{fill:#0F05A0;}<\/style><g transform=\"translate(0.000000,512.000000) scale(0.100000,-0.100000)\">\t<path class=\"st0\" d=\"M1215,5105C645,5025,186,4615,46,4060c-14-52-29-135-35-185c-15-124-15-2506,0-2630C80,662,495,188,1060,46  c52-14,136-29,185-35c124-15,2506-15,2630,0c525,62,964,405,1155,901c31,81,67,233,79,333c15,124,15,2506,0,2630  c-62,525-405,964-901,1155c-81,31-233,67-333,79C3738,5126,1334,5122,1215,5105z M3832,4809c516-56,921-461,977-977  c15-143,15-2401,0-2544c-56-516-461-921-977-977c-143-15-2401-15-2544,0c-516,56-921,461-977,977c-15,143-15,2401,0,2544  c27,245,125,459,294,637c178,188,423,312,670,340C1398,4822,3707,4822,3832,4809z\"><\/path>\t<path class=\"st0\" d=\"M3913,4451c-149-51-258-182-284-342c-25-159,48-322,186-413c89-59,193-83,294-67c164,26,299,142,346,297  c20,66,19,188-2,250c-44,130-148,234-277,277C4110,4476,3981,4474,3913,4451z M4110,4154c105-63,61-227-61-227  c-68,0-122,54-122,122C3927,4142,4030,4201,4110,4154z\"><\/path>\t<path class=\"st0\" d=\"M2330,3945c-160-28-335-91-465-167c-443-258-705-712-705-1218c1-382,141-722,410-990c268-269,609-410,990-410  s722,141,990,410c269,268,410,609,410,990s-141,722-410,990c-211,212-473,346-770,395C2676,3963,2433,3962,2330,3945z M2746,3645  c527-92,914-551,914-1085c0-605-495-1100-1100-1100s-1100,495-1100,1100C1460,3239,2079,3761,2746,3645z\"><\/path><\/g><\/svg>\t\t\t\t\t\t<\/span>\n\t\t\t\t\t\t\t\t\t\t<span class=\"elementor-icon-list-text\"><\/span>\n\t\t\t\t\t\t\t\t\t\t\t<\/a>\n\t\t\t\t\t\t\t\t\t<\/li>\n\t\t\t\t\t\t<\/ul>\n\t\t\t\t\t\t<\/div>\n\t\t\t\t<\/div>\n\t\t\t\t\t<\/div>\n\t\t<\/div>\n\t\t\t\t<div class=\"elementor-column elementor-col-25 elementor-inner-column elementor-element elementor-element-5ad9ced\" data-id=\"5ad9ced\" data-element_type=\"column\">\n\t\t\t<div class=\"elementor-widget-wrap elementor-element-populated\">\n\t\t\t\t\t\t<div class=\"elementor-element elementor-element-2537171 elementor-icon-list--layout-inline elementor-list-item-link-full_width elementor-widget elementor-widget-icon-list\" data-id=\"2537171\" data-element_type=\"widget\" data-widget_type=\"icon-list.default\">\n\t\t\t\t<div class=\"elementor-widget-container\">\n\t\t\t\t\t\t\t<ul class=\"elementor-icon-list-items elementor-inline-items\">\n\t\t\t\t\t\t\t<li class=\"elementor-icon-list-item elementor-inline-item\">\n\t\t\t\t\t\t\t\t\t\t\t<a href=\"http:\/\/www.facebook.com\/onasadkowsky\" target=\"_blank\" rel=\"noopener\">\n\n\t\t\t\t\t\t\t\t\t\t\t\t<span class=\"elementor-icon-list-icon\">\n\t\t\t\t\t\t\t<svg xmlns=\"http:\/\/www.w3.org\/2000\/svg\" xmlns:xlink=\"http:\/\/www.w3.org\/1999\/xlink\" id=\"Layer_1\" x=\"0px\" y=\"0px\" viewbox=\"0 0 701 755\" style=\"enable-background:new 0 0 701 755;\" xml:space=\"preserve\"><style type=\"text\/css\">\t.st0{fill:#0F05A0;}<\/style><g transform=\"translate(0.000000,755.000000) scale(0.100000,-0.100000)\">\t<path class=\"st0\" d=\"M3850,6643c-562-55-908-379-1019-954c-32-167-41-294-41-575v-264h-283c-273,0-284-1-327-22c-26-14-53-37-65-58  c-19-34-20-51-20-505c0-456,1-471,21-505c11-19,35-45,54-57c32-23,39-23,326-23h294V2669c0-1125-5-1052,68-1107l35-27l470-3  c453-2,471-2,511,18c22,11,52,36,66,57l25,37l3,1017l2,1018l283,3c277,3,283,3,315,26c18,13,39,36,47,52c20,38,130,917,121,964  c-8,44-50,94-93,112c-25,11-105,14-353,14h-320l-2,218c0,119,0,244,1,277c3,80,31,138,78,160c51,25,202,35,408,28  c215-7,273,4,324,62l31,36v438c0,438,0,438-23,471c-46,69-94,81-412,100C4216,6649,3929,6651,3850,6643z M4453,6314l37-7v-228v-229  h-185c-130,0-209-5-262-16c-207-42-331-164-380-372c-15-67-18-126-18-447c0-364,0-371,22-405c12-20,40-46,61-58c39-21,48-22,357-22  h317l-6-37c-3-21-17-130-31-243s-27-215-30-227c-5-22-6-22-288-25c-261-3-285-4-316-23c-44-26-70-62-81-111c-6-22-10-464-10-1024  v-985l-265-3l-265-2v1010c0,986,0,1012-20,1049c-11,22-36,50-57,62c-37,24-43,24-330,27l-293,3v264v264l299,3c285,3,301,4,327,24  c15,11,37,33,48,48c20,26,21,43,27,494c7,496,10,527,64,687c102,298,341,487,677,535C3918,6329,4388,6324,4453,6314z\"><\/path>\t<path class=\"st0\" d=\"M6620,15c0-8,7-15,15-15s15,7,15,15s-7,15-15,15S6620,23,6620,15z\"><\/path><\/g><\/svg>\t\t\t\t\t\t<\/span>\n\t\t\t\t\t\t\t\t\t\t<span class=\"elementor-icon-list-text\"><\/span>\n\t\t\t\t\t\t\t\t\t\t\t<\/a>\n\t\t\t\t\t\t\t\t\t<\/li>\n\t\t\t\t\t\t<\/ul>\n\t\t\t\t\t\t<\/div>\n\t\t\t\t<\/div>\n\t\t\t\t\t<\/div>\n\t\t<\/div>\n\t\t\t\t\t<\/div>\n\t\t<\/section>\n\t\t\t\t\t<\/div>\n\t\t<\/div>\n\t\t\t\t\t<\/div>\n\t\t<\/section>\n\t\t\t\t<\/div>","protected":false},"excerpt":{"rendered":"<p>Ona&#8217;s Welt Ona Sadkowsky gilt heute als eine der aufstrebenden jungen K\u00fcnstlerinnen der Schweiz. Ihr k\u00fcnstlerisches Schaffen ist gepr\u00e4gt von Leichtigkeit und Tiefe, sehr pers\u00f6nlich und authentisch, inspiriert von eigenen Erfahrungen, hemmungsloser Energie, Melancholie, Hoffnung und unersch\u00fctterlichem Zukunftsglauben. In einer&#8230;<\/p>","protected":false},"author":1,"featured_media":0,"parent":0,"menu_order":0,"comment_status":"closed","ping_status":"closed","template":"page-full-width.php","meta":{"footnotes":""},"class_list":["post-14170","page","type-page","status-publish","hentry"],"_links":{"self":[{"href":"https:\/\/cotedazurich.ch\/en\/wp-json\/wp\/v2\/pages\/14170","targetHints":{"allow":["GET"]}}],"collection":[{"href":"https:\/\/cotedazurich.ch\/en\/wp-json\/wp\/v2\/pages"}],"about":[{"href":"https:\/\/cotedazurich.ch\/en\/wp-json\/wp\/v2\/types\/page"}],"author":[{"embeddable":true,"href":"https:\/\/cotedazurich.ch\/en\/wp-json\/wp\/v2\/users\/1"}],"replies":[{"embeddable":true,"href":"https:\/\/cotedazurich.ch\/en\/wp-json\/wp\/v2\/comments?post=14170"}],"version-history":[{"count":17,"href":"https:\/\/cotedazurich.ch\/en\/wp-json\/wp\/v2\/pages\/14170\/revisions"}],"predecessor-version":[{"id":14206,"href":"https:\/\/cotedazurich.ch\/en\/wp-json\/wp\/v2\/pages\/14170\/revisions\/14206"}],"wp:attachment":[{"href":"https:\/\/cotedazurich.ch\/en\/wp-json\/wp\/v2\/media?parent=14170"}],"curies":[{"name":"wp","href":"https:\/\/api.w.org\/{rel}","templated":true}]}}