{"id":14063,"date":"2023-10-23T12:06:21","date_gmt":"2023-10-23T11:06:21","guid":{"rendered":"http:\/\/cotedazurich.ch\/?page_id=14063"},"modified":"2023-11-25T15:13:56","modified_gmt":"2023-11-25T15:13:56","slug":"dominik-sartorius-photography","status":"publish","type":"page","link":"https:\/\/cotedazurich.ch\/en\/dominik-sartorius-photography\/","title":{"rendered":"dominik sartorius photography"},"content":{"rendered":"<div data-elementor-type=\"wp-page\" data-elementor-id=\"14063\" class=\"elementor elementor-14063\" data-elementor-post-type=\"page\">\n\t\t\t\t\t\t<section class=\"elementor-section elementor-top-section elementor-element elementor-element-2c3a9f7 elementor-section-boxed elementor-section-height-default elementor-section-height-default\" data-id=\"2c3a9f7\" data-element_type=\"section\">\n\t\t\t\t\t\t<div class=\"elementor-container elementor-column-gap-default\">\n\t\t\t\t\t<div class=\"elementor-column elementor-col-100 elementor-top-column elementor-element elementor-element-36cd564\" data-id=\"36cd564\" data-element_type=\"column\">\n\t\t\t<div class=\"elementor-widget-wrap\">\n\t\t\t\t\t\t\t<\/div>\n\t\t<\/div>\n\t\t\t\t\t<\/div>\n\t\t<\/section>\n\t\t\t\t<section class=\"elementor-section elementor-top-section elementor-element elementor-element-9ea0de3 elementor-section-boxed elementor-section-height-default elementor-section-height-default\" data-id=\"9ea0de3\" data-element_type=\"section\">\n\t\t\t\t\t\t<div class=\"elementor-container elementor-column-gap-default\">\n\t\t\t\t\t<div class=\"elementor-column elementor-col-50 elementor-top-column elementor-element elementor-element-9dbb250 first-section\" data-id=\"9dbb250\" data-element_type=\"column\">\n\t\t\t<div class=\"elementor-widget-wrap elementor-element-populated\">\n\t\t\t\t\t\t<div class=\"elementor-element elementor-element-8a71311 elementor-arrows-position-inside elementor-widget elementor-widget-image-carousel\" data-id=\"8a71311\" data-element_type=\"widget\" data-settings=\"{&quot;slides_to_show&quot;:&quot;1&quot;,&quot;navigation&quot;:&quot;arrows&quot;,&quot;effect&quot;:&quot;fade&quot;,&quot;autoplay&quot;:&quot;yes&quot;,&quot;pause_on_hover&quot;:&quot;yes&quot;,&quot;pause_on_interaction&quot;:&quot;yes&quot;,&quot;autoplay_speed&quot;:5000,&quot;infinite&quot;:&quot;yes&quot;,&quot;speed&quot;:500}\" data-widget_type=\"image-carousel.default\">\n\t\t\t\t<div class=\"elementor-widget-container\">\n\t\t\t\t\t\t\t<div class=\"elementor-image-carousel-wrapper swiper\" role=\"region\" aria-roledescription=\"carousel\" aria-label=\"Image Carousel\" dir=\"ltr\">\n\t\t\t<div class=\"elementor-image-carousel swiper-wrapper\" aria-live=\"off\">\n\t\t\t\t\t\t\t\t<div class=\"swiper-slide\" role=\"group\" aria-roledescription=\"slide\" aria-label=\"1 of 10\"><figure class=\"swiper-slide-inner\"><img decoding=\"async\" class=\"swiper-slide-image\" src=\"https:\/\/cotedazurich.ch\/wp-content\/uploads\/2023\/10\/Dominik-Sartorius-Zuerich-Stadthausquai.jpg\" alt=\"Dominik Sartorius Fotograf Zuerich Stadthausquai cotedazurich\" \/><\/figure><\/div><div class=\"swiper-slide\" role=\"group\" aria-roledescription=\"slide\" aria-label=\"2 of 10\"><figure class=\"swiper-slide-inner\"><img decoding=\"async\" class=\"swiper-slide-image\" src=\"https:\/\/cotedazurich.ch\/wp-content\/uploads\/2023\/10\/Dominik-Sartorius-Portrait.jpg\" alt=\"Dominik Sartorius Fotograf Portrait cotedazurich\" \/><\/figure><\/div><div class=\"swiper-slide\" role=\"group\" aria-roledescription=\"slide\" aria-label=\"3 of 10\"><figure class=\"swiper-slide-inner\"><img decoding=\"async\" class=\"swiper-slide-image\" src=\"https:\/\/cotedazurich.ch\/wp-content\/uploads\/2023\/10\/Dominik-Sartorius-Zuerich-Lindenhof.jpg\" alt=\"Dominik Sartorius Fotograf Zuerich Lindenhof cotedazurich\" \/><\/figure><\/div><div class=\"swiper-slide\" role=\"group\" aria-roledescription=\"slide\" aria-label=\"4 of 10\"><figure class=\"swiper-slide-inner\"><img decoding=\"async\" class=\"swiper-slide-image\" src=\"https:\/\/cotedazurich.ch\/wp-content\/uploads\/2023\/10\/Dominik-Sartorius-Zuerich-Lindenhof-Treppe.jpg\" alt=\"Dominik Sartorius Fotograf Zuerich Lindenhof Treppe cotedazurich\" \/><\/figure><\/div><div class=\"swiper-slide\" role=\"group\" aria-roledescription=\"slide\" aria-label=\"5 of 10\"><figure class=\"swiper-slide-inner\"><img decoding=\"async\" class=\"swiper-slide-image\" src=\"https:\/\/cotedazurich.ch\/wp-content\/uploads\/2023\/10\/Dominik-Sartorius-Zuerich-Kirchgasse.jpg\" alt=\"Dominik Sartorius Fotograf Zuerich Kirchgasse cotedazurich\" \/><\/figure><\/div><div class=\"swiper-slide\" role=\"group\" aria-roledescription=\"slide\" aria-label=\"6 of 10\"><figure class=\"swiper-slide-inner\"><img decoding=\"async\" class=\"swiper-slide-image\" src=\"https:\/\/cotedazurich.ch\/wp-content\/uploads\/2023\/10\/Dominik-Sartorius-Zuerich-Augustinergasse.jpg\" alt=\"Dominik Sartorius Fotograf Zuerich Augustinergasse cotedazurich\" \/><\/figure><\/div><div class=\"swiper-slide\" role=\"group\" aria-roledescription=\"slide\" aria-label=\"7 of 10\"><figure class=\"swiper-slide-inner\"><img decoding=\"async\" class=\"swiper-slide-image\" src=\"https:\/\/cotedazurich.ch\/wp-content\/uploads\/2023\/10\/Dominik-Sartorius-Zuerich-Storchen.jpg\" alt=\"Dominik Sartorius Fotograf Zuerich Storchen cotedazurich\" \/><\/figure><\/div><div class=\"swiper-slide\" role=\"group\" aria-roledescription=\"slide\" aria-label=\"8 of 10\"><figure class=\"swiper-slide-inner\"><img decoding=\"async\" class=\"swiper-slide-image\" src=\"https:\/\/cotedazurich.ch\/wp-content\/uploads\/2023\/10\/Dominik-Sartorius-Zuerich-Portrait-Shooting.jpg\" alt=\"Dominik Sartorius Fotograf Zuerich Portrait Shooting cotedazurich\" \/><\/figure><\/div><div class=\"swiper-slide\" role=\"group\" aria-roledescription=\"slide\" aria-label=\"9 of 10\"><figure class=\"swiper-slide-inner\"><img decoding=\"async\" class=\"swiper-slide-image\" src=\"https:\/\/cotedazurich.ch\/wp-content\/uploads\/2023\/10\/Dominik-Sartorius-Zuerich-Rosenbrunnen.jpg\" alt=\"Dominik Sartorius Fotograf Zuerich Rosenbrunnen cotedazurich\" \/><\/figure><\/div><div class=\"swiper-slide\" role=\"group\" aria-roledescription=\"slide\" aria-label=\"10 of 10\"><figure class=\"swiper-slide-inner\"><img decoding=\"async\" class=\"swiper-slide-image\" src=\"https:\/\/cotedazurich.ch\/wp-content\/uploads\/2023\/10\/Dominik-Sartorius-Zuerich-Marktgasse.jpg\" alt=\"Dominik Sartorius Fotograf Zuerich Marktgasse cotedazurich\" \/><\/figure><\/div>\t\t\t<\/div>\n\t\t\t\t\t\t\t\t\t\t\t\t<div class=\"elementor-swiper-button elementor-swiper-button-prev\" role=\"button\" tabindex=\"0\">\n\t\t\t\t\t\t<i aria-hidden=\"true\" class=\"eicon-chevron-left\"><\/i>\t\t\t\t\t<\/div>\n\t\t\t\t\t<div class=\"elementor-swiper-button elementor-swiper-button-next\" role=\"button\" tabindex=\"0\">\n\t\t\t\t\t\t<i aria-hidden=\"true\" class=\"eicon-chevron-right\"><\/i>\t\t\t\t\t<\/div>\n\t\t\t\t\n\t\t\t\t\t\t\t\t\t<\/div>\n\t\t\t\t\t\t<\/div>\n\t\t\t\t<\/div>\n\t\t\t\t\t<\/div>\n\t\t<\/div>\n\t\t\t\t<div class=\"elementor-column elementor-col-50 elementor-top-column elementor-element elementor-element-d38b7f8\" data-id=\"d38b7f8\" data-element_type=\"column\">\n\t\t\t<div class=\"elementor-widget-wrap elementor-element-populated\">\n\t\t\t\t\t\t<section class=\"elementor-section elementor-inner-section elementor-element elementor-element-15bdb29 elementor-section-boxed elementor-section-height-default elementor-section-height-default\" data-id=\"15bdb29\" data-element_type=\"section\">\n\t\t\t\t\t\t<div class=\"elementor-container elementor-column-gap-default\">\n\t\t\t\t\t<div class=\"elementor-column elementor-col-50 elementor-inner-column elementor-element elementor-element-67ed2b4\" data-id=\"67ed2b4\" data-element_type=\"column\">\n\t\t\t<div class=\"elementor-widget-wrap elementor-element-populated\">\n\t\t\t\t\t\t<div class=\"elementor-element elementor-element-22142aa elementor-widget elementor-widget-heading\" data-id=\"22142aa\" data-element_type=\"widget\" data-widget_type=\"heading.default\">\n\t\t\t\t<div class=\"elementor-widget-container\">\n\t\t\t\t\t<h3 class=\"elementor-heading-title elementor-size-default\"><b>Dominik Sartorius Photography<\/b><\/h3>\t\t\t\t<\/div>\n\t\t\t\t<\/div>\n\t\t\t\t\t<\/div>\n\t\t<\/div>\n\t\t\t\t<div class=\"elementor-column elementor-col-50 elementor-inner-column elementor-element elementor-element-02fb6c8\" data-id=\"02fb6c8\" data-element_type=\"column\">\n\t\t\t<div class=\"elementor-widget-wrap elementor-element-populated\">\n\t\t\t\t\t\t<div class=\"elementor-element elementor-element-1e56e87 elementor-widget__width-initial elementor-widget elementor-widget-image\" data-id=\"1e56e87\" data-element_type=\"widget\" data-widget_type=\"image.default\">\n\t\t\t\t<div class=\"elementor-widget-container\">\n\t\t\t\t\t\t\t\t\t\t\t\t\t\t\t<img fetchpriority=\"high\" decoding=\"async\" width=\"640\" height=\"156\" src=\"https:\/\/cotedazurich.ch\/wp-content\/uploads\/2023\/11\/Dominik-Sartorius-Photography-1024x249.png\" class=\"attachment-large size-large wp-image-14470\" alt=\"Dominik Sartorius Photography Logo cotedazurich\" srcset=\"https:\/\/cotedazurich.ch\/wp-content\/uploads\/2023\/11\/Dominik-Sartorius-Photography-1024x249.png 1024w, https:\/\/cotedazurich.ch\/wp-content\/uploads\/2023\/11\/Dominik-Sartorius-Photography-300x73.png 300w, https:\/\/cotedazurich.ch\/wp-content\/uploads\/2023\/11\/Dominik-Sartorius-Photography-768x187.png 768w, https:\/\/cotedazurich.ch\/wp-content\/uploads\/2023\/11\/Dominik-Sartorius-Photography-1536x374.png 1536w, https:\/\/cotedazurich.ch\/wp-content\/uploads\/2023\/11\/Dominik-Sartorius-Photography-18x4.png 18w, https:\/\/cotedazurich.ch\/wp-content\/uploads\/2023\/11\/Dominik-Sartorius-Photography-1280x311.png 1280w, https:\/\/cotedazurich.ch\/wp-content\/uploads\/2023\/11\/Dominik-Sartorius-Photography-600x146.png 600w, https:\/\/cotedazurich.ch\/wp-content\/uploads\/2023\/11\/Dominik-Sartorius-Photography.png 1562w\" sizes=\"(max-width: 640px) 100vw, 640px\" \/>\t\t\t\t\t\t\t\t\t\t\t\t\t\t\t<\/div>\n\t\t\t\t<\/div>\n\t\t\t\t\t<\/div>\n\t\t<\/div>\n\t\t\t\t\t<\/div>\n\t\t<\/section>\n\t\t\t\t<section class=\"elementor-section elementor-inner-section elementor-element elementor-element-506a8e9 elementor-section-boxed elementor-section-height-default elementor-section-height-default\" data-id=\"506a8e9\" data-element_type=\"section\">\n\t\t\t\t\t\t<div class=\"elementor-container elementor-column-gap-default\">\n\t\t\t\t\t<div class=\"elementor-column elementor-col-100 elementor-inner-column elementor-element elementor-element-8782119\" data-id=\"8782119\" data-element_type=\"column\">\n\t\t\t<div class=\"elementor-widget-wrap elementor-element-populated\">\n\t\t\t\t\t\t<div class=\"elementor-element elementor-element-6f6a157 elementor-widget elementor-widget-text-editor\" data-id=\"6f6a157\" data-element_type=\"widget\" data-widget_type=\"text-editor.default\">\n\t\t\t\t<div class=\"elementor-widget-container\">\n\t\t\t\t\t\t\t\t\t<p>More than a decade ago, I joined Instagram when the platform was almost completely unknown. Originally, I began uploading my photographs purely for fun and as a pastime. However, over time, my passion has evolved into a part-time job.<\/p><p>On social media, I not only showcase my photography but also support medium and large companies in their digital transformation. I draw inspiration from city bustle and mountain landscapes, always seeking new ways to tell my story. Personal growth drives me as I create compelling content.<\/p>\t\t\t\t\t\t\t\t<\/div>\n\t\t\t\t<\/div>\n\t\t\t\t\t<\/div>\n\t\t<\/div>\n\t\t\t\t\t<\/div>\n\t\t<\/section>\n\t\t\t\t<section class=\"elementor-section elementor-inner-section elementor-element elementor-element-a3aae09 elementor-section-boxed elementor-section-height-default elementor-section-height-default\" data-id=\"a3aae09\" data-element_type=\"section\">\n\t\t\t\t\t\t<div class=\"elementor-container elementor-column-gap-default\">\n\t\t\t\t\t<div class=\"elementor-column elementor-col-33 elementor-inner-column elementor-element elementor-element-2cf115c\" data-id=\"2cf115c\" data-element_type=\"column\">\n\t\t\t<div class=\"elementor-widget-wrap elementor-element-populated\">\n\t\t\t\t\t\t<div class=\"elementor-element elementor-element-91113a3 elementor-icon-list--layout-inline elementor-list-item-link-full_width elementor-widget elementor-widget-icon-list\" data-id=\"91113a3\" data-element_type=\"widget\" data-widget_type=\"icon-list.default\">\n\t\t\t\t<div class=\"elementor-widget-container\">\n\t\t\t\t\t\t\t<ul class=\"elementor-icon-list-items elementor-inline-items\">\n\t\t\t\t\t\t\t<li class=\"elementor-icon-list-item elementor-inline-item\">\n\t\t\t\t\t\t\t\t\t\t\t<a href=\"https:\/\/doeeme.com\" target=\"_blank\" rel=\"noopener\">\n\n\t\t\t\t\t\t\t\t\t\t\t\t<span class=\"elementor-icon-list-icon\">\n\t\t\t\t\t\t\t<svg xmlns=\"http:\/\/www.w3.org\/2000\/svg\" xmlns:xlink=\"http:\/\/www.w3.org\/1999\/xlink\" id=\"Layer_1\" x=\"0px\" y=\"0px\" viewbox=\"0 0 512 512\" style=\"enable-background:new 0 0 512 512;\" xml:space=\"preserve\"><style type=\"text\/css\">\t.st0{fill:#0F05A0;}<\/style><g transform=\"translate(0.000000,512.000000) scale(0.100000,-0.100000)\">\t<path class=\"st0\" d=\"M2415,5114c-402-38-749-138-1073-309C459,4337-32,3484,3,2475c24-684,262-1252,717-1705   c399-399,935-663,1515-746c149-22,523-25,670-6c610,80,1072,302,1460,703c512,529,810,1353,744,2059c-81,876-592,1657-1341,2049   c-260,137-526,221-838,266C2829,5110,2497,5122,2415,5114z M2480,4209v-741l-82,7c-303,24-553,88-823,208c-49,22-92,41-94,43   c-1,1,12,47,29,101c202,612,519,1008,883,1103c39,10,75,19,80,19C2477,4950,2480,4617,2480,4209z M2750,4923   c302-82,600-422,789-900c44-113,105-293,100-297c-2-2-44-21-94-43c-267-119-524-184-822-208l-83-7v741v741l28-6   C2683,4941,2720,4931,2750,4923z M1879,4793c-95-99-150-167-233-295c-100-153-221-414-286-613c-12-38-24-72-26-74   c-6-6-196,125-279,193c-44,36-114,97-155,136l-75,70l78,74c252,242,570,434,902,545c83,28,152,51,154,51   C1962,4880,1925,4841,1879,4793z M3395,4802c216-79,476-227,665-379c101-81,232-203,228-213c-6-15-208-196-278-250   c-80-60-221-153-225-148c-1,2-13,35-25,73c-66,203-186,461-284,610c-86,132-140,200-234,297l-84,87l68-20   C3264,4847,3340,4822,3395,4802z M756,4049c88-94,305-265,447-353c42-27,79-51,81-55c3-3-4-42-15-86c-51-211-91-508-105-777l-7-138   H662H167l7,98c31,445,205,905,478,1265c32,42,62,77,67,77C723,4080,739,4066,756,4049z M4468,4003c273-360,447-820,478-1265l7-98   h-495h-495l-7,143c-12,257-49,536-100,752c-13,55-22,103-20,106c2,4,39,28,81,55c132,82,349,252,438,343c21,23,42,41,47,41   C4406,4080,4436,4045,4468,4003z M1545,3516c254-111,605-194,880-208l50-3l3-332l2-333h-580h-581l6,93c12,188,27,355,41,452   c20,140,67,375,74,375C1443,3560,1490,3540,1545,3516z M3713,3423c46-240,63-382,82-690l6-93h-581h-580l2,333l3,332l100,7   c277,20,616,105,845,211c41,20,80,36,86,36C3681,3560,3698,3498,3713,3423z M1164,2338c14-288,69-669,122-840c3-12-28-38-123-101   c-143-95-252-181-365-286c-42-39-78-71-81-71c-4,0-33,35-65,78c-273,359-446,816-477,1260l-8,102h495h495L1164,2338z M2478,2148   l-3-333l-55-3c-268-13-596-91-863-204c-65-27-119-48-121-47c-1,2-12,51-24,109c-44,214-68,415-87,718l-6,92h581h580L2478,2148z    M3795,2388c-19-310-36-451-82-691c-22-113-30-137-43-133c-8,2-55,22-105,44c-246,108-542,180-820,200l-100,7l-3,333l-2,332h580   h581L3795,2388z M4946,2383c-31-446-205-906-478-1265c-32-43-62-78-66-78c-5,0-26,18-47,41c-89,91-306,261-438,343   c-42,27-79,51-81,55c-2,3,7,51,20,106c51,216,88,495,100,753l7,142h495h495L4946,2383z M2480,910V170l-27,6   c-321,70-571,301-782,723c-72,143-202,484-190,495c14,12,204,91,290,121c209,73,466,124,672,133l37,2V910z M2910,1624   c165-24,296-57,460-116c73-26,258-105,269-114c12-11-118-352-190-496c-211-421-461-652-781-722l-28-6v741v741l83-7   C2768,1642,2852,1632,2910,1624z M1354,1253c34-112,116-310,179-434c102-200,202-344,340-486l88-92l-68,21c-292,86-595,243-833,435   c-101,81-232,203-228,213c5,13,203,192,263,239c63,48,226,159,236,160C1334,1310,1344,1284,1354,1253z M3889,1246   c110-74,223-164,331-266l75-70l-78-74c-275-264-601-454-981-571l-79-24l85,87c94,98,149,167,232,294c101,155,233,439,292,631   c10,31,20,57,22,57C3791,1310,3836,1281,3889,1246z\"><\/path><\/g><\/svg>\t\t\t\t\t\t<\/span>\n\t\t\t\t\t\t\t\t\t\t<span class=\"elementor-icon-list-text\">website<\/span>\n\t\t\t\t\t\t\t\t\t\t\t<\/a>\n\t\t\t\t\t\t\t\t\t<\/li>\n\t\t\t\t\t\t<\/ul>\n\t\t\t\t\t\t<\/div>\n\t\t\t\t<\/div>\n\t\t\t\t\t<\/div>\n\t\t<\/div>\n\t\t\t\t<div class=\"elementor-column elementor-col-33 elementor-inner-column elementor-element elementor-element-cadfd2e\" data-id=\"cadfd2e\" data-element_type=\"column\">\n\t\t\t<div class=\"elementor-widget-wrap elementor-element-populated\">\n\t\t\t\t\t\t<div class=\"elementor-element elementor-element-9463559 elementor-icon-list--layout-inline elementor-widget__width-initial elementor-list-item-link-full_width elementor-widget elementor-widget-icon-list\" data-id=\"9463559\" data-element_type=\"widget\" data-widget_type=\"icon-list.default\">\n\t\t\t\t<div class=\"elementor-widget-container\">\n\t\t\t\t\t\t\t<ul class=\"elementor-icon-list-items elementor-inline-items\">\n\t\t\t\t\t\t\t<li class=\"elementor-icon-list-item elementor-inline-item\">\n\t\t\t\t\t\t\t\t\t\t\t<a href=\"mailto:hello@doeeme.com\" target=\"_blank\">\n\n\t\t\t\t\t\t\t\t\t\t\t\t<span class=\"elementor-icon-list-icon\">\n\t\t\t\t\t\t\t<svg xmlns=\"http:\/\/www.w3.org\/2000\/svg\" xmlns:xlink=\"http:\/\/www.w3.org\/1999\/xlink\" id=\"Layer_1\" x=\"0px\" y=\"0px\" viewbox=\"0 0 512 512\" style=\"enable-background:new 0 0 512 512;\" xml:space=\"preserve\"><style type=\"text\/css\">\t.st0{fill:#0F05A0;}<\/style><g transform=\"translate(0.000000,512.000000) scale(0.100000,-0.100000)\">\t<path class=\"st0\" d=\"M213,4260c-81-16-144-65-186-144l-22-41V2560V1045l22-41c30-56,79-103,133-128l45-21h2355h2355l45,21   c54,25,103,72,133,128l22,41v1515v1515l-22,41c-30,56-79,103-133,128l-45,21l-2330,1C1303,4267,236,4264,213,4260z M4740,4056   c-8-7-474-357-1035-778c-704-527-1033-767-1061-776c-53-15-115-15-168,0c-28,9-357,249-1061,776c-561,421-1027,771-1035,778   c-12,12,314,14,2180,14S4752,4068,4740,4056z M1265,3146c572-429,1065-792,1095-807c116-59,275-60,394-4c29,14,527,381,1107,815   l1054,791l3-685c1-377,1-994,0-1370l-3-685l-555,685c-305,377-562,690-571,695c-68,36-156-29-142-105c4-18,214-286,569-725l564-696   l-1110-3c-611-1-1609-1-2220,0l-1110,3l564,696c355,439,565,707,569,725c14,74-65,136-138,108c-8-4-264-313-567-688   c-303-374-555-685-559-690c-5-6-9,584-9,1363c0,1095,3,1371,13,1365C219,3929,693,3575,1265,3146z\"><\/path><\/g><g transform=\"translate(0.000000,512.000000) scale(0.100000,-0.100000)\">\t<path class=\"st0\" d=\"M213,4260c-81-16-144-65-186-144l-22-41V2560V1045l22-41c30-56,79-103,133-128l45-21h2355h2355l45,21   c54,25,103,72,133,128l22,41v1515v1515l-22,41c-30,56-79,103-133,128l-45,21l-2330,1C1303,4267,236,4264,213,4260z M4740,4056   c-8-7-474-357-1035-778c-704-527-1033-767-1061-776c-53-15-115-15-168,0c-28,9-357,249-1061,776c-561,421-1027,771-1035,778   c-12,12,314,14,2180,14S4752,4068,4740,4056z M1265,3146c572-429,1065-792,1095-807c116-59,275-60,394-4c29,14,527,381,1107,815   l1054,791l3-685c1-377,1-994,0-1370l-3-685l-555,685c-305,377-562,690-571,695c-68,36-156-29-142-105c4-18,214-286,569-725l564-696   l-1110-3c-611-1-1609-1-2220,0l-1110,3l564,696c355,439,565,707,569,725c14,74-65,136-138,108c-8-4-264-313-567-688   c-303-374-555-685-559-690c-5-6-9,584-9,1363c0,1095,3,1371,13,1365C219,3929,693,3575,1265,3146z\"><\/path><\/g><\/svg>\t\t\t\t\t\t<\/span>\n\t\t\t\t\t\t\t\t\t\t<span class=\"elementor-icon-list-text\">email<\/span>\n\t\t\t\t\t\t\t\t\t\t\t<\/a>\n\t\t\t\t\t\t\t\t\t<\/li>\n\t\t\t\t\t\t<\/ul>\n\t\t\t\t\t\t<\/div>\n\t\t\t\t<\/div>\n\t\t\t\t\t<\/div>\n\t\t<\/div>\n\t\t\t\t<div class=\"elementor-column elementor-col-33 elementor-inner-column elementor-element elementor-element-e023737\" data-id=\"e023737\" data-element_type=\"column\">\n\t\t\t<div class=\"elementor-widget-wrap elementor-element-populated\">\n\t\t\t\t\t\t<div class=\"elementor-element elementor-element-857d87e elementor-icon-list--layout-inline elementor-list-item-link-full_width elementor-widget elementor-widget-icon-list\" data-id=\"857d87e\" data-element_type=\"widget\" data-widget_type=\"icon-list.default\">\n\t\t\t\t<div class=\"elementor-widget-container\">\n\t\t\t\t\t\t\t<ul class=\"elementor-icon-list-items elementor-inline-items\">\n\t\t\t\t\t\t\t<li class=\"elementor-icon-list-item elementor-inline-item\">\n\t\t\t\t\t\t\t\t\t\t\t<a href=\"https:\/\/www.instagram.com\/doeeme\" target=\"_blank\" rel=\"noopener\">\n\n\t\t\t\t\t\t\t\t\t\t\t\t<span class=\"elementor-icon-list-icon\">\n\t\t\t\t\t\t\t<svg xmlns=\"http:\/\/www.w3.org\/2000\/svg\" xmlns:xlink=\"http:\/\/www.w3.org\/1999\/xlink\" id=\"Layer_1\" x=\"0px\" y=\"0px\" viewbox=\"0 0 512 512\" style=\"enable-background:new 0 0 512 512;\" xml:space=\"preserve\"><style type=\"text\/css\">\t.st0{fill:#0F05A0;}<\/style><g transform=\"translate(0.000000,512.000000) scale(0.100000,-0.100000)\">\t<path class=\"st0\" d=\"M1215,5105C645,5025,186,4615,46,4060c-14-52-29-135-35-185c-15-124-15-2506,0-2630C80,662,495,188,1060,46  c52-14,136-29,185-35c124-15,2506-15,2630,0c525,62,964,405,1155,901c31,81,67,233,79,333c15,124,15,2506,0,2630  c-62,525-405,964-901,1155c-81,31-233,67-333,79C3738,5126,1334,5122,1215,5105z M3832,4809c516-56,921-461,977-977  c15-143,15-2401,0-2544c-56-516-461-921-977-977c-143-15-2401-15-2544,0c-516,56-921,461-977,977c-15,143-15,2401,0,2544  c27,245,125,459,294,637c178,188,423,312,670,340C1398,4822,3707,4822,3832,4809z\"><\/path>\t<path class=\"st0\" d=\"M3913,4451c-149-51-258-182-284-342c-25-159,48-322,186-413c89-59,193-83,294-67c164,26,299,142,346,297  c20,66,19,188-2,250c-44,130-148,234-277,277C4110,4476,3981,4474,3913,4451z M4110,4154c105-63,61-227-61-227  c-68,0-122,54-122,122C3927,4142,4030,4201,4110,4154z\"><\/path>\t<path class=\"st0\" d=\"M2330,3945c-160-28-335-91-465-167c-443-258-705-712-705-1218c1-382,141-722,410-990c268-269,609-410,990-410  s722,141,990,410c269,268,410,609,410,990s-141,722-410,990c-211,212-473,346-770,395C2676,3963,2433,3962,2330,3945z M2746,3645  c527-92,914-551,914-1085c0-605-495-1100-1100-1100s-1100,495-1100,1100C1460,3239,2079,3761,2746,3645z\"><\/path><\/g><\/svg>\t\t\t\t\t\t<\/span>\n\t\t\t\t\t\t\t\t\t\t<span class=\"elementor-icon-list-text\"><\/span>\n\t\t\t\t\t\t\t\t\t\t\t<\/a>\n\t\t\t\t\t\t\t\t\t<\/li>\n\t\t\t\t\t\t<\/ul>\n\t\t\t\t\t\t<\/div>\n\t\t\t\t<\/div>\n\t\t\t\t\t<\/div>\n\t\t<\/div>\n\t\t\t\t\t<\/div>\n\t\t<\/section>\n\t\t\t\t<section class=\"elementor-section elementor-inner-section elementor-element elementor-element-0b7f32d elementor-hidden-phone elementor-section-boxed elementor-section-height-default elementor-section-height-default\" data-id=\"0b7f32d\" data-element_type=\"section\">\n\t\t\t\t\t\t<div class=\"elementor-container elementor-column-gap-default\">\n\t\t\t\t\t<div class=\"elementor-column elementor-col-100 elementor-inner-column elementor-element elementor-element-e45974d\" data-id=\"e45974d\" data-element_type=\"column\">\n\t\t\t<div class=\"elementor-widget-wrap\">\n\t\t\t\t\t\t\t<\/div>\n\t\t<\/div>\n\t\t\t\t\t<\/div>\n\t\t<\/section>\n\t\t\t\t\t<\/div>\n\t\t<\/div>\n\t\t\t\t\t<\/div>\n\t\t<\/section>\n\t\t\t\t<\/div>","protected":false},"excerpt":{"rendered":"<p>Dominik Sartorius Photography Vor mehr als einem Jahrzehnt betrat ich die Instagram-B\u00fchne, als die Plattform noch v\u00f6llig unbekannt war. Urspr\u00fcnglich begann ich meine Fotografien aus reinem Spass und zum Zeitvertreib hochzuladen. Doch im Laufe der Zeit hat sich meine Leidenschaft&#8230;<\/p>","protected":false},"author":1,"featured_media":0,"parent":0,"menu_order":0,"comment_status":"closed","ping_status":"closed","template":"page-full-width.php","meta":{"footnotes":""},"class_list":["post-14063","page","type-page","status-publish","hentry"],"_links":{"self":[{"href":"https:\/\/cotedazurich.ch\/en\/wp-json\/wp\/v2\/pages\/14063","targetHints":{"allow":["GET"]}}],"collection":[{"href":"https:\/\/cotedazurich.ch\/en\/wp-json\/wp\/v2\/pages"}],"about":[{"href":"https:\/\/cotedazurich.ch\/en\/wp-json\/wp\/v2\/types\/page"}],"author":[{"embeddable":true,"href":"https:\/\/cotedazurich.ch\/en\/wp-json\/wp\/v2\/users\/1"}],"replies":[{"embeddable":true,"href":"https:\/\/cotedazurich.ch\/en\/wp-json\/wp\/v2\/comments?post=14063"}],"version-history":[{"count":15,"href":"https:\/\/cotedazurich.ch\/en\/wp-json\/wp\/v2\/pages\/14063\/revisions"}],"predecessor-version":[{"id":14482,"href":"https:\/\/cotedazurich.ch\/en\/wp-json\/wp\/v2\/pages\/14063\/revisions\/14482"}],"wp:attachment":[{"href":"https:\/\/cotedazurich.ch\/en\/wp-json\/wp\/v2\/media?parent=14063"}],"curies":[{"name":"wp","href":"https:\/\/api.w.org\/{rel}","templated":true}]}}