{"id":13173,"date":"2023-08-12T08:22:44","date_gmt":"2023-08-12T07:22:44","guid":{"rendered":"http:\/\/cotedazurich.ch\/?page_id=13173"},"modified":"2023-09-04T08:16:19","modified_gmt":"2023-09-04T07:16:19","slug":"attached","status":"publish","type":"page","link":"https:\/\/cotedazurich.ch\/en\/attached\/","title":{"rendered":"attached"},"content":{"rendered":"<div data-elementor-type=\"wp-page\" data-elementor-id=\"13173\" class=\"elementor elementor-13173\" data-elementor-post-type=\"page\">\n\t\t\t\t\t\t<section class=\"elementor-section elementor-top-section elementor-element elementor-element-2c3a9f7 elementor-section-boxed elementor-section-height-default elementor-section-height-default\" data-id=\"2c3a9f7\" data-element_type=\"section\">\n\t\t\t\t\t\t<div class=\"elementor-container elementor-column-gap-default\">\n\t\t\t\t\t<div class=\"elementor-column elementor-col-100 elementor-top-column elementor-element elementor-element-36cd564\" data-id=\"36cd564\" data-element_type=\"column\">\n\t\t\t<div class=\"elementor-widget-wrap\">\n\t\t\t\t\t\t\t<\/div>\n\t\t<\/div>\n\t\t\t\t\t<\/div>\n\t\t<\/section>\n\t\t\t\t<section class=\"elementor-section elementor-top-section elementor-element elementor-element-9f05352 elementor-section-boxed elementor-section-height-default elementor-section-height-default\" data-id=\"9f05352\" data-element_type=\"section\">\n\t\t\t\t\t\t<div class=\"elementor-container elementor-column-gap-default\">\n\t\t\t\t\t<div class=\"elementor-column elementor-col-50 elementor-top-column elementor-element elementor-element-bdcebb6 first-section\" data-id=\"bdcebb6\" data-element_type=\"column\">\n\t\t\t<div class=\"elementor-widget-wrap elementor-element-populated\">\n\t\t\t\t\t\t<div class=\"elementor-element elementor-element-1b17167 elementor-arrows-position-inside elementor-widget elementor-widget-image-carousel\" data-id=\"1b17167\" data-element_type=\"widget\" data-settings=\"{&quot;slides_to_show&quot;:&quot;1&quot;,&quot;navigation&quot;:&quot;arrows&quot;,&quot;effect&quot;:&quot;fade&quot;,&quot;autoplay&quot;:&quot;yes&quot;,&quot;pause_on_hover&quot;:&quot;yes&quot;,&quot;pause_on_interaction&quot;:&quot;yes&quot;,&quot;autoplay_speed&quot;:5000,&quot;infinite&quot;:&quot;yes&quot;,&quot;speed&quot;:500}\" data-widget_type=\"image-carousel.default\">\n\t\t\t\t<div class=\"elementor-widget-container\">\n\t\t\t\t\t\t\t<div class=\"elementor-image-carousel-wrapper swiper\" role=\"region\" aria-roledescription=\"carousel\" aria-label=\"Image Carousel\" dir=\"ltr\">\n\t\t\t<div class=\"elementor-image-carousel swiper-wrapper\" aria-live=\"off\">\n\t\t\t\t\t\t\t\t<div class=\"swiper-slide\" role=\"group\" aria-roledescription=\"slide\" aria-label=\"1 of 10\"><figure class=\"swiper-slide-inner\"><img decoding=\"async\" class=\"swiper-slide-image\" src=\"https:\/\/cotedazurich.ch\/wp-content\/uploads\/2023\/08\/Attached-Bag-blue-white.jpg\" alt=\"Attached Bag blue white Fashion Zurich cotedazurich\" \/><\/figure><\/div><div class=\"swiper-slide\" role=\"group\" aria-roledescription=\"slide\" aria-label=\"2 of 10\"><figure class=\"swiper-slide-inner\"><img decoding=\"async\" class=\"swiper-slide-image\" src=\"https:\/\/cotedazurich.ch\/wp-content\/uploads\/2023\/08\/Attached-Bag-orange-white.jpg\" alt=\"Attached Bag orange white Fashion Zurich cotedazurich\" \/><\/figure><\/div><div class=\"swiper-slide\" role=\"group\" aria-roledescription=\"slide\" aria-label=\"3 of 10\"><figure class=\"swiper-slide-inner\"><img decoding=\"async\" class=\"swiper-slide-image\" src=\"https:\/\/cotedazurich.ch\/wp-content\/uploads\/2023\/08\/Attached-Bag-yellow-grey.jpg\" alt=\"Attached Bag yellow grey Fashion Zurich cotedazurich\" \/><\/figure><\/div><div class=\"swiper-slide\" role=\"group\" aria-roledescription=\"slide\" aria-label=\"4 of 10\"><figure class=\"swiper-slide-inner\"><img decoding=\"async\" class=\"swiper-slide-image\" src=\"https:\/\/cotedazurich.ch\/wp-content\/uploads\/2023\/08\/Attached-Bags-Inliner.jpg\" alt=\"Attached Bags Inliner Fashion Zurich cotedazurich\" \/><\/figure><\/div><div class=\"swiper-slide\" role=\"group\" aria-roledescription=\"slide\" aria-label=\"5 of 10\"><figure class=\"swiper-slide-inner\"><img decoding=\"async\" class=\"swiper-slide-image\" src=\"https:\/\/cotedazurich.ch\/wp-content\/uploads\/2023\/08\/Attached-Tasche-Beutel.jpg\" alt=\"Attached Tasche Beutel Fashion Zurich cotedazurich\" \/><\/figure><\/div><div class=\"swiper-slide\" role=\"group\" aria-roledescription=\"slide\" aria-label=\"6 of 10\"><figure class=\"swiper-slide-inner\"><img decoding=\"async\" class=\"swiper-slide-image\" src=\"https:\/\/cotedazurich.ch\/wp-content\/uploads\/2023\/08\/Attached-Bags-Inliner-Bahnhof.jpg\" alt=\"Attached Bags Inliner Bahnhof Fashion Zurich cotedazurich\" \/><\/figure><\/div><div class=\"swiper-slide\" role=\"group\" aria-roledescription=\"slide\" aria-label=\"7 of 10\"><figure class=\"swiper-slide-inner\"><img decoding=\"async\" class=\"swiper-slide-image\" src=\"https:\/\/cotedazurich.ch\/wp-content\/uploads\/2023\/08\/Attached-Bag-white-grey.jpg\" alt=\"Attached Bag white grey Fashion Zurich cotedazurich\" \/><\/figure><\/div><div class=\"swiper-slide\" role=\"group\" aria-roledescription=\"slide\" aria-label=\"8 of 10\"><figure class=\"swiper-slide-inner\"><img decoding=\"async\" class=\"swiper-slide-image\" src=\"https:\/\/cotedazurich.ch\/wp-content\/uploads\/2023\/08\/Attached-Bag-orange-yellow-brown.jpg\" alt=\"Attached Bag orange yellow brown Fashion Zurich cotedazurich\" \/><\/figure><\/div><div class=\"swiper-slide\" role=\"group\" aria-roledescription=\"slide\" aria-label=\"9 of 10\"><figure class=\"swiper-slide-inner\"><img decoding=\"async\" class=\"swiper-slide-image\" src=\"https:\/\/cotedazurich.ch\/wp-content\/uploads\/2023\/08\/Attached-Schlusselanhanger.jpg\" alt=\"Attached Schl\u00fcsselanh\u00e4nger Fashion Zurich cotedazurich\" \/><\/figure><\/div><div class=\"swiper-slide\" role=\"group\" aria-roledescription=\"slide\" aria-label=\"10 of 10\"><figure class=\"swiper-slide-inner\"><img decoding=\"async\" class=\"swiper-slide-image\" src=\"https:\/\/cotedazurich.ch\/wp-content\/uploads\/2023\/08\/Attached-Bag-by-the-lake-red.jpg\" alt=\"Attached Bag by the lake red Fashion Zurich cotedazurich\" \/><\/figure><\/div>\t\t\t<\/div>\n\t\t\t\t\t\t\t\t\t\t\t\t<div class=\"elementor-swiper-button elementor-swiper-button-prev\" role=\"button\" tabindex=\"0\">\n\t\t\t\t\t\t<i aria-hidden=\"true\" class=\"eicon-chevron-left\"><\/i>\t\t\t\t\t<\/div>\n\t\t\t\t\t<div class=\"elementor-swiper-button elementor-swiper-button-next\" role=\"button\" tabindex=\"0\">\n\t\t\t\t\t\t<i aria-hidden=\"true\" class=\"eicon-chevron-right\"><\/i>\t\t\t\t\t<\/div>\n\t\t\t\t\n\t\t\t\t\t\t\t\t\t<\/div>\n\t\t\t\t\t\t<\/div>\n\t\t\t\t<\/div>\n\t\t\t\t\t<\/div>\n\t\t<\/div>\n\t\t\t\t<div class=\"elementor-column elementor-col-50 elementor-top-column elementor-element elementor-element-c33cb4c\" data-id=\"c33cb4c\" data-element_type=\"column\">\n\t\t\t<div class=\"elementor-widget-wrap elementor-element-populated\">\n\t\t\t\t\t\t<section class=\"elementor-section elementor-inner-section elementor-element elementor-element-9564bc9 elementor-section-boxed elementor-section-height-default elementor-section-height-default\" data-id=\"9564bc9\" data-element_type=\"section\">\n\t\t\t\t\t\t<div class=\"elementor-container elementor-column-gap-default\">\n\t\t\t\t\t<div class=\"elementor-column elementor-col-50 elementor-inner-column elementor-element elementor-element-6c209a7\" data-id=\"6c209a7\" data-element_type=\"column\">\n\t\t\t<div class=\"elementor-widget-wrap elementor-element-populated\">\n\t\t\t\t\t\t<div class=\"elementor-element elementor-element-096917e elementor-widget-tablet__width-initial elementor-widget elementor-widget-heading\" data-id=\"096917e\" data-element_type=\"widget\" data-widget_type=\"heading.default\">\n\t\t\t\t<div class=\"elementor-widget-container\">\n\t\t\t\t\t<h3 class=\"elementor-heading-title elementor-size-default\"><b>Hand made. local. upcycled.<\/b><\/h3>\t\t\t\t<\/div>\n\t\t\t\t<\/div>\n\t\t\t\t\t<\/div>\n\t\t<\/div>\n\t\t\t\t<div class=\"elementor-column elementor-col-50 elementor-inner-column elementor-element elementor-element-8a6365d\" data-id=\"8a6365d\" data-element_type=\"column\">\n\t\t\t<div class=\"elementor-widget-wrap elementor-element-populated\">\n\t\t\t\t\t\t<div class=\"elementor-element elementor-element-8e5aee1 elementor-widget elementor-widget-image\" data-id=\"8e5aee1\" data-element_type=\"widget\" data-widget_type=\"image.default\">\n\t\t\t\t<div class=\"elementor-widget-container\">\n\t\t\t\t\t\t\t\t\t\t\t\t\t\t\t<img fetchpriority=\"high\" decoding=\"async\" width=\"640\" height=\"632\" src=\"https:\/\/cotedazurich.ch\/wp-content\/uploads\/2023\/08\/Attached-Logo-cotedazurich.png\" class=\"attachment-large size-large wp-image-13124\" alt=\"Attached Logo Fashion Zurich cotedazurich\" srcset=\"https:\/\/cotedazurich.ch\/wp-content\/uploads\/2023\/08\/Attached-Logo-cotedazurich.png 900w, https:\/\/cotedazurich.ch\/wp-content\/uploads\/2023\/08\/Attached-Logo-cotedazurich-300x296.png 300w, https:\/\/cotedazurich.ch\/wp-content\/uploads\/2023\/08\/Attached-Logo-cotedazurich-768x759.png 768w, https:\/\/cotedazurich.ch\/wp-content\/uploads\/2023\/08\/Attached-Logo-cotedazurich-12x12.png 12w, https:\/\/cotedazurich.ch\/wp-content\/uploads\/2023\/08\/Attached-Logo-cotedazurich-600x593.png 600w, https:\/\/cotedazurich.ch\/wp-content\/uploads\/2023\/08\/Attached-Logo-cotedazurich-100x100.png 100w\" sizes=\"(max-width: 640px) 100vw, 640px\" \/>\t\t\t\t\t\t\t\t\t\t\t\t\t\t\t<\/div>\n\t\t\t\t<\/div>\n\t\t\t\t\t<\/div>\n\t\t<\/div>\n\t\t\t\t\t<\/div>\n\t\t<\/section>\n\t\t\t\t<section class=\"elementor-section elementor-inner-section elementor-element elementor-element-db23adb elementor-section-boxed elementor-section-height-default elementor-section-height-default\" data-id=\"db23adb\" data-element_type=\"section\">\n\t\t\t\t\t\t<div class=\"elementor-container elementor-column-gap-default\">\n\t\t\t\t\t<div class=\"elementor-column elementor-col-100 elementor-inner-column elementor-element elementor-element-2781eee\" data-id=\"2781eee\" data-element_type=\"column\">\n\t\t\t<div class=\"elementor-widget-wrap elementor-element-populated\">\n\t\t\t\t\t\t<div class=\"elementor-element elementor-element-3352239 elementor-widget__width-initial elementor-widget elementor-widget-text-editor\" data-id=\"3352239\" data-element_type=\"widget\" data-widget_type=\"text-editor.default\">\n\t\t\t\t<div class=\"elementor-widget-container\">\n\t\t\t\t\t\t\t\t\t<p>A locally produced fashion accessory that produces no waste!<\/p><p>Attached uses old balcony awnings and transforms them into new fashion accessories such as various bags. In addition, the young Zurich-based company wants to help people with health impairments to find new perspectives, which is why the entire production is guaranteed in various Swiss foundations.<br \/>The result is a 100% upcycled product that travels only a few kilometres in production and is thus made entirely from local resources.<\/p><p>Get Attached!<\/p>\t\t\t\t\t\t\t\t<\/div>\n\t\t\t\t<\/div>\n\t\t\t\t\t<\/div>\n\t\t<\/div>\n\t\t\t\t\t<\/div>\n\t\t<\/section>\n\t\t\t\t<section class=\"elementor-section elementor-inner-section elementor-element elementor-element-ed99ddf elementor-section-boxed elementor-section-height-default elementor-section-height-default\" data-id=\"ed99ddf\" data-element_type=\"section\">\n\t\t\t\t\t\t<div class=\"elementor-container elementor-column-gap-default\">\n\t\t\t\t\t<div class=\"elementor-column elementor-col-25 elementor-inner-column elementor-element elementor-element-dbe7a20\" data-id=\"dbe7a20\" data-element_type=\"column\">\n\t\t\t<div class=\"elementor-widget-wrap elementor-element-populated\">\n\t\t\t\t\t\t<div class=\"elementor-element elementor-element-a4b8052 elementor-icon-list--layout-inline elementor-list-item-link-full_width elementor-widget elementor-widget-icon-list\" data-id=\"a4b8052\" data-element_type=\"widget\" data-widget_type=\"icon-list.default\">\n\t\t\t\t<div class=\"elementor-widget-container\">\n\t\t\t\t\t\t\t<ul class=\"elementor-icon-list-items elementor-inline-items\">\n\t\t\t\t\t\t\t<li class=\"elementor-icon-list-item elementor-inline-item\">\n\t\t\t\t\t\t\t\t\t\t\t<a href=\"https:\/\/attached.ch\" target=\"_blank\" rel=\"noopener\">\n\n\t\t\t\t\t\t\t\t\t\t\t\t<span class=\"elementor-icon-list-icon\">\n\t\t\t\t\t\t\t<svg xmlns=\"http:\/\/www.w3.org\/2000\/svg\" xmlns:xlink=\"http:\/\/www.w3.org\/1999\/xlink\" id=\"Layer_1\" x=\"0px\" y=\"0px\" viewbox=\"0 0 512 512\" style=\"enable-background:new 0 0 512 512;\" xml:space=\"preserve\"><style type=\"text\/css\">\t.st0{fill:#0F05A0;}<\/style><g transform=\"translate(0.000000,512.000000) scale(0.100000,-0.100000)\">\t<path class=\"st0\" d=\"M2415,5114c-402-38-749-138-1073-309C459,4337-32,3484,3,2475c24-684,262-1252,717-1705   c399-399,935-663,1515-746c149-22,523-25,670-6c610,80,1072,302,1460,703c512,529,810,1353,744,2059c-81,876-592,1657-1341,2049   c-260,137-526,221-838,266C2829,5110,2497,5122,2415,5114z M2480,4209v-741l-82,7c-303,24-553,88-823,208c-49,22-92,41-94,43   c-1,1,12,47,29,101c202,612,519,1008,883,1103c39,10,75,19,80,19C2477,4950,2480,4617,2480,4209z M2750,4923   c302-82,600-422,789-900c44-113,105-293,100-297c-2-2-44-21-94-43c-267-119-524-184-822-208l-83-7v741v741l28-6   C2683,4941,2720,4931,2750,4923z M1879,4793c-95-99-150-167-233-295c-100-153-221-414-286-613c-12-38-24-72-26-74   c-6-6-196,125-279,193c-44,36-114,97-155,136l-75,70l78,74c252,242,570,434,902,545c83,28,152,51,154,51   C1962,4880,1925,4841,1879,4793z M3395,4802c216-79,476-227,665-379c101-81,232-203,228-213c-6-15-208-196-278-250   c-80-60-221-153-225-148c-1,2-13,35-25,73c-66,203-186,461-284,610c-86,132-140,200-234,297l-84,87l68-20   C3264,4847,3340,4822,3395,4802z M756,4049c88-94,305-265,447-353c42-27,79-51,81-55c3-3-4-42-15-86c-51-211-91-508-105-777l-7-138   H662H167l7,98c31,445,205,905,478,1265c32,42,62,77,67,77C723,4080,739,4066,756,4049z M4468,4003c273-360,447-820,478-1265l7-98   h-495h-495l-7,143c-12,257-49,536-100,752c-13,55-22,103-20,106c2,4,39,28,81,55c132,82,349,252,438,343c21,23,42,41,47,41   C4406,4080,4436,4045,4468,4003z M1545,3516c254-111,605-194,880-208l50-3l3-332l2-333h-580h-581l6,93c12,188,27,355,41,452   c20,140,67,375,74,375C1443,3560,1490,3540,1545,3516z M3713,3423c46-240,63-382,82-690l6-93h-581h-580l2,333l3,332l100,7   c277,20,616,105,845,211c41,20,80,36,86,36C3681,3560,3698,3498,3713,3423z M1164,2338c14-288,69-669,122-840c3-12-28-38-123-101   c-143-95-252-181-365-286c-42-39-78-71-81-71c-4,0-33,35-65,78c-273,359-446,816-477,1260l-8,102h495h495L1164,2338z M2478,2148   l-3-333l-55-3c-268-13-596-91-863-204c-65-27-119-48-121-47c-1,2-12,51-24,109c-44,214-68,415-87,718l-6,92h581h580L2478,2148z    M3795,2388c-19-310-36-451-82-691c-22-113-30-137-43-133c-8,2-55,22-105,44c-246,108-542,180-820,200l-100,7l-3,333l-2,332h580   h581L3795,2388z M4946,2383c-31-446-205-906-478-1265c-32-43-62-78-66-78c-5,0-26,18-47,41c-89,91-306,261-438,343   c-42,27-79,51-81,55c-2,3,7,51,20,106c51,216,88,495,100,753l7,142h495h495L4946,2383z M2480,910V170l-27,6   c-321,70-571,301-782,723c-72,143-202,484-190,495c14,12,204,91,290,121c209,73,466,124,672,133l37,2V910z M2910,1624   c165-24,296-57,460-116c73-26,258-105,269-114c12-11-118-352-190-496c-211-421-461-652-781-722l-28-6v741v741l83-7   C2768,1642,2852,1632,2910,1624z M1354,1253c34-112,116-310,179-434c102-200,202-344,340-486l88-92l-68,21c-292,86-595,243-833,435   c-101,81-232,203-228,213c5,13,203,192,263,239c63,48,226,159,236,160C1334,1310,1344,1284,1354,1253z M3889,1246   c110-74,223-164,331-266l75-70l-78-74c-275-264-601-454-981-571l-79-24l85,87c94,98,149,167,232,294c101,155,233,439,292,631   c10,31,20,57,22,57C3791,1310,3836,1281,3889,1246z\"><\/path><\/g><\/svg>\t\t\t\t\t\t<\/span>\n\t\t\t\t\t\t\t\t\t\t<span class=\"elementor-icon-list-text\">website<\/span>\n\t\t\t\t\t\t\t\t\t\t\t<\/a>\n\t\t\t\t\t\t\t\t\t<\/li>\n\t\t\t\t\t\t<\/ul>\n\t\t\t\t\t\t<\/div>\n\t\t\t\t<\/div>\n\t\t\t\t\t<\/div>\n\t\t<\/div>\n\t\t\t\t<div class=\"elementor-column elementor-col-25 elementor-inner-column elementor-element elementor-element-29c6e0a\" data-id=\"29c6e0a\" data-element_type=\"column\">\n\t\t\t<div class=\"elementor-widget-wrap elementor-element-populated\">\n\t\t\t\t\t\t<div class=\"elementor-element elementor-element-42e7a99 elementor-icon-list--layout-inline elementor-list-item-link-full_width elementor-widget elementor-widget-icon-list\" data-id=\"42e7a99\" data-element_type=\"widget\" data-widget_type=\"icon-list.default\">\n\t\t\t\t<div class=\"elementor-widget-container\">\n\t\t\t\t\t\t\t<ul class=\"elementor-icon-list-items elementor-inline-items\">\n\t\t\t\t\t\t\t<li class=\"elementor-icon-list-item elementor-inline-item\">\n\t\t\t\t\t\t\t\t\t\t\t<a href=\"mailto:contact@attached.ch \" target=\"_blank\">\n\n\t\t\t\t\t\t\t\t\t\t\t\t<span class=\"elementor-icon-list-icon\">\n\t\t\t\t\t\t\t<svg xmlns=\"http:\/\/www.w3.org\/2000\/svg\" xmlns:xlink=\"http:\/\/www.w3.org\/1999\/xlink\" id=\"Layer_1\" x=\"0px\" y=\"0px\" viewbox=\"0 0 512 512\" style=\"enable-background:new 0 0 512 512;\" xml:space=\"preserve\"><style type=\"text\/css\">\t.st0{fill:#0F05A0;}<\/style><g transform=\"translate(0.000000,512.000000) scale(0.100000,-0.100000)\">\t<path class=\"st0\" d=\"M213,4260c-81-16-144-65-186-144l-22-41V2560V1045l22-41c30-56,79-103,133-128l45-21h2355h2355l45,21   c54,25,103,72,133,128l22,41v1515v1515l-22,41c-30,56-79,103-133,128l-45,21l-2330,1C1303,4267,236,4264,213,4260z M4740,4056   c-8-7-474-357-1035-778c-704-527-1033-767-1061-776c-53-15-115-15-168,0c-28,9-357,249-1061,776c-561,421-1027,771-1035,778   c-12,12,314,14,2180,14S4752,4068,4740,4056z M1265,3146c572-429,1065-792,1095-807c116-59,275-60,394-4c29,14,527,381,1107,815   l1054,791l3-685c1-377,1-994,0-1370l-3-685l-555,685c-305,377-562,690-571,695c-68,36-156-29-142-105c4-18,214-286,569-725l564-696   l-1110-3c-611-1-1609-1-2220,0l-1110,3l564,696c355,439,565,707,569,725c14,74-65,136-138,108c-8-4-264-313-567-688   c-303-374-555-685-559-690c-5-6-9,584-9,1363c0,1095,3,1371,13,1365C219,3929,693,3575,1265,3146z\"><\/path><\/g><g transform=\"translate(0.000000,512.000000) scale(0.100000,-0.100000)\">\t<path class=\"st0\" d=\"M213,4260c-81-16-144-65-186-144l-22-41V2560V1045l22-41c30-56,79-103,133-128l45-21h2355h2355l45,21   c54,25,103,72,133,128l22,41v1515v1515l-22,41c-30,56-79,103-133,128l-45,21l-2330,1C1303,4267,236,4264,213,4260z M4740,4056   c-8-7-474-357-1035-778c-704-527-1033-767-1061-776c-53-15-115-15-168,0c-28,9-357,249-1061,776c-561,421-1027,771-1035,778   c-12,12,314,14,2180,14S4752,4068,4740,4056z M1265,3146c572-429,1065-792,1095-807c116-59,275-60,394-4c29,14,527,381,1107,815   l1054,791l3-685c1-377,1-994,0-1370l-3-685l-555,685c-305,377-562,690-571,695c-68,36-156-29-142-105c4-18,214-286,569-725l564-696   l-1110-3c-611-1-1609-1-2220,0l-1110,3l564,696c355,439,565,707,569,725c14,74-65,136-138,108c-8-4-264-313-567-688   c-303-374-555-685-559-690c-5-6-9,584-9,1363c0,1095,3,1371,13,1365C219,3929,693,3575,1265,3146z\"><\/path><\/g><\/svg>\t\t\t\t\t\t<\/span>\n\t\t\t\t\t\t\t\t\t\t<span class=\"elementor-icon-list-text\">email<\/span>\n\t\t\t\t\t\t\t\t\t\t\t<\/a>\n\t\t\t\t\t\t\t\t\t<\/li>\n\t\t\t\t\t\t<\/ul>\n\t\t\t\t\t\t<\/div>\n\t\t\t\t<\/div>\n\t\t\t\t\t<\/div>\n\t\t<\/div>\n\t\t\t\t<div class=\"elementor-column elementor-col-25 elementor-inner-column elementor-element elementor-element-b86f17a\" data-id=\"b86f17a\" data-element_type=\"column\">\n\t\t\t<div class=\"elementor-widget-wrap elementor-element-populated\">\n\t\t\t\t\t\t<div class=\"elementor-element elementor-element-888554e elementor-icon-list--layout-inline elementor-list-item-link-full_width elementor-widget elementor-widget-icon-list\" data-id=\"888554e\" data-element_type=\"widget\" data-widget_type=\"icon-list.default\">\n\t\t\t\t<div class=\"elementor-widget-container\">\n\t\t\t\t\t\t\t<ul class=\"elementor-icon-list-items elementor-inline-items\">\n\t\t\t\t\t\t\t<li class=\"elementor-icon-list-item elementor-inline-item\">\n\t\t\t\t\t\t\t\t\t\t\t<a href=\"https:\/\/attached.ch\/shop\/\" target=\"_blank\" rel=\"noopener\">\n\n\t\t\t\t\t\t\t\t\t\t\t\t<span class=\"elementor-icon-list-icon\">\n\t\t\t\t\t\t\t<svg xmlns=\"http:\/\/www.w3.org\/2000\/svg\" xmlns:xlink=\"http:\/\/www.w3.org\/1999\/xlink\" id=\"Layer_1\" x=\"0px\" y=\"0px\" viewbox=\"0 0 512 512\" style=\"enable-background:new 0 0 512 512;\" xml:space=\"preserve\"><style type=\"text\/css\">\t.st0{fill:#0F05A0;}<\/style><g transform=\"translate(0.000000,512.000000) scale(0.100000,-0.100000)\">\t<path class=\"st0\" d=\"M2445,4997c-105-35-201-110-250-193c-79-135-77-308,5-438c17-26,30-50,29-54c0-4-413-374-917-822l-916-815   l-70-7c-39-5-86-13-106-19c-81-27-155-94-192-174l-23-50L2,1420C0,693,2,400,10,360c14-64,65-147,114-185c19-14,58-35,86-46   c49-19,104-19,2350-19s2301,0,2350,19c28,11,67,32,86,46c49,38,100,121,114,185c8,40,10,333,8,1060l-3,1005l-23,51   c-27,59-89,123-149,154c-24,12-75,27-115,33l-73,11l-900,789c-495,435-915,804-933,822l-34,32l31,48c44,69,63,136,63,218   c0,174-91,315-250,390c-57,27-80,32-157,34C2520,5009,2470,5005,2445,4997z M2623,4789c52-14,112-71,133-124c24-65,16-144-22-198   c-113-160-366-96-382,98C2339,4720,2473,4831,2623,4789z M2635,4171l75,15l860-755l861-756l-932-3c-512-1-1347-1-1857,0l-926,3   l848,755l849,756l73-15C2552,4157,2568,4157,2635,4171z M4870,2422c19-19,30-43,35-73c3-24,5-474,3-999c-3-903-4-956-21-982   c-10-14-32-31-49-37c-44-15-4512-15-4556,0c-17,6-39,23-49,37c-17,26-18,79-21,982c-2,525,0,975,3,999c5,30,16,54,35,73l28,28h2282   h2282L4870,2422z\"><\/path>\t<path class=\"st0\" d=\"M1003,2020c-169-24-321-170-353-339c-16-84-13-534,4-606c64-271,363-404,616-275c58,30,142,116,172,176   c46,92,49,120,46,434l-3,295l-32,67C1370,1949,1191,2047,1003,2020z M1155,1791c51-23,101-79,114-128c6-22,11-143,11-283   c0-236-1-247-24-295c-27-59-46-77-106-104c-83-38-171-19-237,49c-54,56-58,79-58,365c0,250,1,262,22,302c23,43,69,84,113,102   C1030,1815,1112,1811,1155,1791z\"><\/path>\t<path class=\"st0\" d=\"M1783,2019c-17-5-41-21-52-35c-21-26-21-36-21-600V812l31-31c42-42,95-43,141-2l33,29l3,181l3,181h102   c56,0,130,5,165,10c186,26,334,170,364,354c38,231-127,452-364,486C2107,2032,1825,2031,1783,2019z M2252,1775   c123-87,123-263,0-350c-43-30-46-30-188-33l-144-3v211v211l144-3C2206,1805,2209,1805,2252,1775z\"><\/path>\t<path class=\"st0\" d=\"M2854,2023c-12-2-34-18-50-34l-29-30l-3-532c-2-293,0-552,3-576c5-29,16-54,35-73l28-28h255h255l31,31   c42,42,43,95,2,141l-29,33l-181,3l-181,3v159v159l181,3l181,3l29,33c41,46,40,99-2,141l-31,31h-179h-179v160v160h153   c170,0,217,9,247,47c45,57,14,143-58,163C3297,2029,2900,2032,2854,2023z\"><\/path>\t<path class=\"st0\" d=\"M3694,2016c-67-30-64,0-64-632V812l31-31c42-42,95-43,141-2l33,29l5,354l5,354l214-368   c117-203,223-375,235-383c11-8,42-15,68-15c39,0,54,6,80,29l33,29l3,554c2,369,0,565-8,589c-20,72-108,95-167,45l-28-24l-5-378   l-5-377l-225,388c-124,213-234,393-245,401C3762,2027,3727,2031,3694,2016z\"><\/path><\/g><\/svg>\t\t\t\t\t\t<\/span>\n\t\t\t\t\t\t\t\t\t\t<span class=\"elementor-icon-list-text\">onlineshop<\/span>\n\t\t\t\t\t\t\t\t\t\t\t<\/a>\n\t\t\t\t\t\t\t\t\t<\/li>\n\t\t\t\t\t\t<\/ul>\n\t\t\t\t\t\t<\/div>\n\t\t\t\t<\/div>\n\t\t\t\t\t<\/div>\n\t\t<\/div>\n\t\t\t\t<div class=\"elementor-column elementor-col-25 elementor-inner-column elementor-element elementor-element-14a0884\" data-id=\"14a0884\" data-element_type=\"column\">\n\t\t\t<div class=\"elementor-widget-wrap elementor-element-populated\">\n\t\t\t\t\t\t<div class=\"elementor-element elementor-element-5d8d698 elementor-icon-list--layout-inline elementor-list-item-link-full_width elementor-widget elementor-widget-icon-list\" data-id=\"5d8d698\" data-element_type=\"widget\" data-widget_type=\"icon-list.default\">\n\t\t\t\t<div class=\"elementor-widget-container\">\n\t\t\t\t\t\t\t<ul class=\"elementor-icon-list-items elementor-inline-items\">\n\t\t\t\t\t\t\t<li class=\"elementor-icon-list-item elementor-inline-item\">\n\t\t\t\t\t\t\t\t\t\t\t<a href=\"https:\/\/www.instagram.com\/attached.ch\/\" target=\"_blank\" rel=\"noopener\">\n\n\t\t\t\t\t\t\t\t\t\t\t\t<span class=\"elementor-icon-list-icon\">\n\t\t\t\t\t\t\t<svg xmlns=\"http:\/\/www.w3.org\/2000\/svg\" xmlns:xlink=\"http:\/\/www.w3.org\/1999\/xlink\" id=\"Layer_1\" x=\"0px\" y=\"0px\" viewbox=\"0 0 512 512\" style=\"enable-background:new 0 0 512 512;\" xml:space=\"preserve\"><style type=\"text\/css\">\t.st0{fill:#0F05A0;}<\/style><g transform=\"translate(0.000000,512.000000) scale(0.100000,-0.100000)\">\t<path class=\"st0\" d=\"M1215,5105C645,5025,186,4615,46,4060c-14-52-29-135-35-185c-15-124-15-2506,0-2630C80,662,495,188,1060,46  c52-14,136-29,185-35c124-15,2506-15,2630,0c525,62,964,405,1155,901c31,81,67,233,79,333c15,124,15,2506,0,2630  c-62,525-405,964-901,1155c-81,31-233,67-333,79C3738,5126,1334,5122,1215,5105z M3832,4809c516-56,921-461,977-977  c15-143,15-2401,0-2544c-56-516-461-921-977-977c-143-15-2401-15-2544,0c-516,56-921,461-977,977c-15,143-15,2401,0,2544  c27,245,125,459,294,637c178,188,423,312,670,340C1398,4822,3707,4822,3832,4809z\"><\/path>\t<path class=\"st0\" d=\"M3913,4451c-149-51-258-182-284-342c-25-159,48-322,186-413c89-59,193-83,294-67c164,26,299,142,346,297  c20,66,19,188-2,250c-44,130-148,234-277,277C4110,4476,3981,4474,3913,4451z M4110,4154c105-63,61-227-61-227  c-68,0-122,54-122,122C3927,4142,4030,4201,4110,4154z\"><\/path>\t<path class=\"st0\" d=\"M2330,3945c-160-28-335-91-465-167c-443-258-705-712-705-1218c1-382,141-722,410-990c268-269,609-410,990-410  s722,141,990,410c269,268,410,609,410,990s-141,722-410,990c-211,212-473,346-770,395C2676,3963,2433,3962,2330,3945z M2746,3645  c527-92,914-551,914-1085c0-605-495-1100-1100-1100s-1100,495-1100,1100C1460,3239,2079,3761,2746,3645z\"><\/path><\/g><\/svg>\t\t\t\t\t\t<\/span>\n\t\t\t\t\t\t\t\t\t\t<span class=\"elementor-icon-list-text\"><\/span>\n\t\t\t\t\t\t\t\t\t\t\t<\/a>\n\t\t\t\t\t\t\t\t\t<\/li>\n\t\t\t\t\t\t<\/ul>\n\t\t\t\t\t\t<\/div>\n\t\t\t\t<\/div>\n\t\t\t\t\t<\/div>\n\t\t<\/div>\n\t\t\t\t\t<\/div>\n\t\t<\/section>\n\t\t\t\t\t<\/div>\n\t\t<\/div>\n\t\t\t\t\t<\/div>\n\t\t<\/section>\n\t\t\t\t<\/div>","protected":false},"excerpt":{"rendered":"<p>Handgemacht. lokal. upgecycelt. Ein Lokal produziertes Modeaccessoire, das keinen Abfall produziert! Attached verwendet alte Balkon Markisen und verwandelt diese in neue Modeaccessoires wie z.B verschiedene Taschen. Zudem m\u00f6chte das junge Z\u00fcrcher Unternehmen Personen mit gesundheitlichen Beeintr\u00e4chtigungen helfen, neue Perspektiven zu&#8230;<\/p>","protected":false},"author":1,"featured_media":0,"parent":0,"menu_order":0,"comment_status":"closed","ping_status":"closed","template":"page-full-width.php","meta":{"footnotes":""},"class_list":["post-13173","page","type-page","status-publish","hentry"],"_links":{"self":[{"href":"https:\/\/cotedazurich.ch\/en\/wp-json\/wp\/v2\/pages\/13173","targetHints":{"allow":["GET"]}}],"collection":[{"href":"https:\/\/cotedazurich.ch\/en\/wp-json\/wp\/v2\/pages"}],"about":[{"href":"https:\/\/cotedazurich.ch\/en\/wp-json\/wp\/v2\/types\/page"}],"author":[{"embeddable":true,"href":"https:\/\/cotedazurich.ch\/en\/wp-json\/wp\/v2\/users\/1"}],"replies":[{"embeddable":true,"href":"https:\/\/cotedazurich.ch\/en\/wp-json\/wp\/v2\/comments?post=13173"}],"version-history":[{"count":18,"href":"https:\/\/cotedazurich.ch\/en\/wp-json\/wp\/v2\/pages\/13173\/revisions"}],"predecessor-version":[{"id":13420,"href":"https:\/\/cotedazurich.ch\/en\/wp-json\/wp\/v2\/pages\/13173\/revisions\/13420"}],"wp:attachment":[{"href":"https:\/\/cotedazurich.ch\/en\/wp-json\/wp\/v2\/media?parent=13173"}],"curies":[{"name":"wp","href":"https:\/\/api.w.org\/{rel}","templated":true}]}}